{"id":158,"date":"2024-12-06T09:50:27","date_gmt":"2024-12-06T09:50:27","guid":{"rendered":"https:\/\/plinko-game.win\/az\/?page_id=158"},"modified":"2025-04-22T01:42:46","modified_gmt":"2025-04-22T01:42:46","slug":"glavnaya","status":"publish","type":"page","link":"https:\/\/plinko-game.win\/az\/","title":{"rendered":"Ev"},"content":{"rendered":"","protected":false},"excerpt":{"rendered":"","protected":false},"author":1,"featured_media":0,"parent":0,"menu_order":0,"comment_status":"closed","ping_status":"closed","template":"","meta":{"footnotes":""},"class_list":["post-158","page","type-page","status-publish","hentry"],"yoast_head":"<!-- This site is optimized with the Yoast SEO plugin v23.9 - https:\/\/yoast.com\/wordpress\/plugins\/seo\/ -->\n<title>Plinko by Spribe \u1405 M\u0259\u015fhur oyunu oynay\u0131n v\u0259 qazan\u0131n<\/title>\n<meta name=\"description\" content=\"Maraql\u0131 Plinko oyunu d\u00fcnyas\u0131na q\u0259rq olun! Sad\u0259 qaydalar, maraql\u0131 oyun v\u0259 b\u00f6y\u00fck q\u0259l\u0259b\u0259l\u0259r \u015fans\u0131. \u0130ndi onlayn oynay\u0131n!\" \/>\n<meta name=\"robots\" content=\"index, follow, max-snippet:-1, max-image-preview:large, max-video-preview:-1\" \/>\n<meta property=\"og:locale\" content=\"az_AZ\" \/>\n<meta property=\"og:type\" content=\"article\" \/>\n<meta property=\"og:title\" content=\"Plinko by Spribe \u1405 M\u0259\u015fhur oyunu oynay\u0131n v\u0259 qazan\u0131n\" \/>\n<meta property=\"og:description\" content=\"Maraql\u0131 Plinko oyunu d\u00fcnyas\u0131na q\u0259rq olun! Sad\u0259 qaydalar, maraql\u0131 oyun v\u0259 b\u00f6y\u00fck q\u0259l\u0259b\u0259l\u0259r \u015fans\u0131. \u0130ndi onlayn oynay\u0131n!\" \/>\n<meta property=\"og:url\" content=\"https:\/\/plinko-game.win\/az\/\" \/>\n<meta property=\"og:site_name\" content=\"Plinko Team AZ\" \/>\n<meta property=\"article:modified_time\" content=\"2025-04-22T01:42:46+00:00\" \/>\n<meta name=\"twitter:card\" content=\"summary_large_image\" \/>\n<script type=\"application\/ld+json\" class=\"yoast-schema-graph\">{\"@context\":\"https:\/\/schema.org\",\"@graph\":[{\"@type\":\"WebPage\",\"@id\":\"https:\/\/plinko-game.win\/az\/\",\"url\":\"https:\/\/plinko-game.win\/az\/\",\"name\":\"Plinko by Spribe \u1405 M\u0259\u015fhur oyunu oynay\u0131n v\u0259 qazan\u0131n\",\"isPartOf\":{\"@id\":\"https:\/\/plinko-game.win\/az\/#website\"},\"datePublished\":\"2024-12-06T09:50:27+00:00\",\"dateModified\":\"2025-04-22T01:42:46+00:00\",\"description\":\"Maraql\u0131 Plinko oyunu d\u00fcnyas\u0131na q\u0259rq olun! Sad\u0259 qaydalar, maraql\u0131 oyun v\u0259 b\u00f6y\u00fck q\u0259l\u0259b\u0259l\u0259r \u015fans\u0131. \u0130ndi onlayn oynay\u0131n!\",\"breadcrumb\":{\"@id\":\"https:\/\/plinko-game.win\/az\/#breadcrumb\"},\"inLanguage\":\"az\",\"potentialAction\":[{\"@type\":\"ReadAction\",\"target\":[\"https:\/\/plinko-game.win\/az\/\"]}]},{\"@type\":\"BreadcrumbList\",\"@id\":\"https:\/\/plinko-game.win\/az\/#breadcrumb\",\"itemListElement\":[{\"@type\":\"ListItem\",\"position\":1,\"name\":\"\u0413\u043b\u0430\u0432\u043d\u0430\u044f \u0441\u0442\u0440\u0430\u043d\u0438\u0446\u0430\",\"item\":\"https:\/\/plinko-game.win\/az\/\"},{\"@type\":\"ListItem\",\"position\":2,\"name\":\"Ev\"}]},{\"@type\":\"WebSite\",\"@id\":\"https:\/\/plinko-game.win\/az\/#website\",\"url\":\"https:\/\/plinko-game.win\/az\/\",\"name\":\"Plinko Team AZ\",\"description\":\"\",\"potentialAction\":[{\"@type\":\"SearchAction\",\"target\":{\"@type\":\"EntryPoint\",\"urlTemplate\":\"https:\/\/plinko-game.win\/az\/?s={search_term_string}\"},\"query-input\":{\"@type\":\"PropertyValueSpecification\",\"valueRequired\":true,\"valueName\":\"search_term_string\"}}],\"inLanguage\":\"az\"}]}<\/script>\n<!-- \/ Yoast SEO plugin. -->","yoast_head_json":{"title":"Plinko by Spribe \u1405 M\u0259\u015fhur oyunu oynay\u0131n v\u0259 qazan\u0131n","description":"Maraql\u0131 Plinko oyunu d\u00fcnyas\u0131na q\u0259rq olun! Sad\u0259 qaydalar, maraql\u0131 oyun v\u0259 b\u00f6y\u00fck q\u0259l\u0259b\u0259l\u0259r \u015fans\u0131. \u0130ndi onlayn oynay\u0131n!","robots":{"index":"index","follow":"follow","max-snippet":"max-snippet:-1","max-image-preview":"max-image-preview:large","max-video-preview":"max-video-preview:-1"},"og_locale":"az_AZ","og_type":"article","og_title":"Plinko by Spribe \u1405 M\u0259\u015fhur oyunu oynay\u0131n v\u0259 qazan\u0131n","og_description":"Maraql\u0131 Plinko oyunu d\u00fcnyas\u0131na q\u0259rq olun! Sad\u0259 qaydalar, maraql\u0131 oyun v\u0259 b\u00f6y\u00fck q\u0259l\u0259b\u0259l\u0259r \u015fans\u0131. \u0130ndi onlayn oynay\u0131n!","og_url":"https:\/\/plinko-game.win\/az\/","og_site_name":"Plinko Team AZ","article_modified_time":"2025-04-22T01:42:46+00:00","twitter_card":"summary_large_image","schema":{"@context":"https:\/\/schema.org","@graph":[{"@type":"WebPage","@id":"https:\/\/plinko-game.win\/az\/","url":"https:\/\/plinko-game.win\/az\/","name":"Plinko by Spribe \u1405 M\u0259\u015fhur oyunu oynay\u0131n v\u0259 qazan\u0131n","isPartOf":{"@id":"https:\/\/plinko-game.win\/az\/#website"},"datePublished":"2024-12-06T09:50:27+00:00","dateModified":"2025-04-22T01:42:46+00:00","description":"Maraql\u0131 Plinko oyunu d\u00fcnyas\u0131na q\u0259rq olun! Sad\u0259 qaydalar, maraql\u0131 oyun v\u0259 b\u00f6y\u00fck q\u0259l\u0259b\u0259l\u0259r \u015fans\u0131. \u0130ndi onlayn oynay\u0131n!","breadcrumb":{"@id":"https:\/\/plinko-game.win\/az\/#breadcrumb"},"inLanguage":"az","potentialAction":[{"@type":"ReadAction","target":["https:\/\/plinko-game.win\/az\/"]}]},{"@type":"BreadcrumbList","@id":"https:\/\/plinko-game.win\/az\/#breadcrumb","itemListElement":[{"@type":"ListItem","position":1,"name":"\u0413\u043b\u0430\u0432\u043d\u0430\u044f \u0441\u0442\u0440\u0430\u043d\u0438\u0446\u0430","item":"https:\/\/plinko-game.win\/az\/"},{"@type":"ListItem","position":2,"name":"Ev"}]},{"@type":"WebSite","@id":"https:\/\/plinko-game.win\/az\/#website","url":"https:\/\/plinko-game.win\/az\/","name":"Plinko Team AZ","description":"","potentialAction":[{"@type":"SearchAction","target":{"@type":"EntryPoint","urlTemplate":"https:\/\/plinko-game.win\/az\/?s={search_term_string}"},"query-input":{"@type":"PropertyValueSpecification","valueRequired":true,"valueName":"search_term_string"}}],"inLanguage":"az"}]}},"_links":{"self":[{"href":"https:\/\/plinko-game.win\/az\/wp-json\/wp\/v2\/pages\/158","targetHints":{"allow":["GET"]}}],"collection":[{"href":"https:\/\/plinko-game.win\/az\/wp-json\/wp\/v2\/pages"}],"about":[{"href":"https:\/\/plinko-game.win\/az\/wp-json\/wp\/v2\/types\/page"}],"author":[{"embeddable":true,"href":"https:\/\/plinko-game.win\/az\/wp-json\/wp\/v2\/users\/1"}],"replies":[{"embeddable":true,"href":"https:\/\/plinko-game.win\/az\/wp-json\/wp\/v2\/comments?post=158"}],"version-history":[{"count":28,"href":"https:\/\/plinko-game.win\/az\/wp-json\/wp\/v2\/pages\/158\/revisions"}],"predecessor-version":[{"id":372,"href":"https:\/\/plinko-game.win\/az\/wp-json\/wp\/v2\/pages\/158\/revisions\/372"}],"wp:attachment":[{"href":"https:\/\/plinko-game.win\/az\/wp-json\/wp\/v2\/media?parent=158"}],"curies":[{"name":"wp","href":"https:\/\/api.w.org\/{rel}","templated":true}]}}