{"id":175,"date":"2024-12-06T09:53:58","date_gmt":"2024-12-06T09:53:58","guid":{"rendered":"https:\/\/plinko-game.win\/az\/?page_id=175"},"modified":"2025-04-22T01:36:25","modified_gmt":"2025-04-22T01:36:25","slug":"about-plinko","status":"publish","type":"page","link":"https:\/\/plinko-game.win\/az\/about-plinko\/","title":{"rendered":"Plinko haqq\u0131nda"},"content":{"rendered":"","protected":false},"excerpt":{"rendered":"","protected":false},"author":1,"featured_media":0,"parent":0,"menu_order":0,"comment_status":"closed","ping_status":"closed","template":"","meta":{"footnotes":""},"class_list":["post-175","page","type-page","status-publish","hentry"],"yoast_head":"<!-- This site is optimized with the Yoast SEO plugin v23.9 - https:\/\/yoast.com\/wordpress\/plugins\/seo\/ -->\n<title>Plinko Oyun &gt; M\u0259\u015fhur oyun haqq\u0131nda h\u0259r \u015fey | Strategiyalar v\u0259 sirl\u0259r<\/title>\n<meta name=\"description\" content=\"Plinkonun d\u00fcnyas\u0131n\u0131 k\u0259\u015ff edin! Oyunun qaydalar\u0131n\u0131, effektiv strategiyalar\u0131 v\u0259 u\u011furun sirl\u0259rini \u00f6yr\u0259nin. Plinkonu onlayn oynay\u0131n v\u0259 h\u0259y\u0259candan h\u0259zz al\u0131n.\" \/>\n<meta name=\"robots\" content=\"index, follow, max-snippet:-1, max-image-preview:large, max-video-preview:-1\" \/>\n<meta property=\"og:locale\" content=\"az_AZ\" \/>\n<meta property=\"og:type\" content=\"article\" \/>\n<meta property=\"og:title\" content=\"Plinko Oyun &gt; M\u0259\u015fhur oyun haqq\u0131nda h\u0259r \u015fey | Strategiyalar v\u0259 sirl\u0259r\" \/>\n<meta property=\"og:description\" content=\"Plinkonun d\u00fcnyas\u0131n\u0131 k\u0259\u015ff edin! Oyunun qaydalar\u0131n\u0131, effektiv strategiyalar\u0131 v\u0259 u\u011furun sirl\u0259rini \u00f6yr\u0259nin. Plinkonu onlayn oynay\u0131n v\u0259 h\u0259y\u0259candan h\u0259zz al\u0131n.\" \/>\n<meta property=\"og:url\" content=\"https:\/\/plinko-game.win\/az\/about-plinko\/\" \/>\n<meta property=\"og:site_name\" content=\"Plinko Team AZ\" \/>\n<meta property=\"article:modified_time\" content=\"2025-04-22T01:36:25+00:00\" \/>\n<meta name=\"twitter:card\" content=\"summary_large_image\" \/>\n<script type=\"application\/ld+json\" class=\"yoast-schema-graph\">{\"@context\":\"https:\/\/schema.org\",\"@graph\":[{\"@type\":\"WebPage\",\"@id\":\"https:\/\/plinko-game.win\/az\/about-plinko\/\",\"url\":\"https:\/\/plinko-game.win\/az\/about-plinko\/\",\"name\":\"Plinko Oyun > M\u0259\u015fhur oyun haqq\u0131nda h\u0259r \u015fey | Strategiyalar v\u0259 sirl\u0259r\",\"isPartOf\":{\"@id\":\"https:\/\/plinko-game.win\/az\/#website\"},\"datePublished\":\"2024-12-06T09:53:58+00:00\",\"dateModified\":\"2025-04-22T01:36:25+00:00\",\"description\":\"Plinkonun d\u00fcnyas\u0131n\u0131 k\u0259\u015ff edin! Oyunun qaydalar\u0131n\u0131, effektiv strategiyalar\u0131 v\u0259 u\u011furun sirl\u0259rini \u00f6yr\u0259nin. Plinkonu onlayn oynay\u0131n v\u0259 h\u0259y\u0259candan h\u0259zz al\u0131n.\",\"breadcrumb\":{\"@id\":\"https:\/\/plinko-game.win\/az\/about-plinko\/#breadcrumb\"},\"inLanguage\":\"az\",\"potentialAction\":[{\"@type\":\"ReadAction\",\"target\":[\"https:\/\/plinko-game.win\/az\/about-plinko\/\"]}]},{\"@type\":\"BreadcrumbList\",\"@id\":\"https:\/\/plinko-game.win\/az\/about-plinko\/#breadcrumb\",\"itemListElement\":[{\"@type\":\"ListItem\",\"position\":1,\"name\":\"\u0413\u043b\u0430\u0432\u043d\u0430\u044f \u0441\u0442\u0440\u0430\u043d\u0438\u0446\u0430\",\"item\":\"https:\/\/plinko-game.win\/az\/\"},{\"@type\":\"ListItem\",\"position\":2,\"name\":\"Plinko haqq\u0131nda\"}]},{\"@type\":\"WebSite\",\"@id\":\"https:\/\/plinko-game.win\/az\/#website\",\"url\":\"https:\/\/plinko-game.win\/az\/\",\"name\":\"Plinko Team AZ\",\"description\":\"\",\"potentialAction\":[{\"@type\":\"SearchAction\",\"target\":{\"@type\":\"EntryPoint\",\"urlTemplate\":\"https:\/\/plinko-game.win\/az\/?s={search_term_string}\"},\"query-input\":{\"@type\":\"PropertyValueSpecification\",\"valueRequired\":true,\"valueName\":\"search_term_string\"}}],\"inLanguage\":\"az\"}]}<\/script>\n<!-- \/ Yoast SEO plugin. -->","yoast_head_json":{"title":"Plinko Oyun > M\u0259\u015fhur oyun haqq\u0131nda h\u0259r \u015fey | Strategiyalar v\u0259 sirl\u0259r","description":"Plinkonun d\u00fcnyas\u0131n\u0131 k\u0259\u015ff edin! Oyunun qaydalar\u0131n\u0131, effektiv strategiyalar\u0131 v\u0259 u\u011furun sirl\u0259rini \u00f6yr\u0259nin. Plinkonu onlayn oynay\u0131n v\u0259 h\u0259y\u0259candan h\u0259zz al\u0131n.","robots":{"index":"index","follow":"follow","max-snippet":"max-snippet:-1","max-image-preview":"max-image-preview:large","max-video-preview":"max-video-preview:-1"},"og_locale":"az_AZ","og_type":"article","og_title":"Plinko Oyun > M\u0259\u015fhur oyun haqq\u0131nda h\u0259r \u015fey | Strategiyalar v\u0259 sirl\u0259r","og_description":"Plinkonun d\u00fcnyas\u0131n\u0131 k\u0259\u015ff edin! Oyunun qaydalar\u0131n\u0131, effektiv strategiyalar\u0131 v\u0259 u\u011furun sirl\u0259rini \u00f6yr\u0259nin. Plinkonu onlayn oynay\u0131n v\u0259 h\u0259y\u0259candan h\u0259zz al\u0131n.","og_url":"https:\/\/plinko-game.win\/az\/about-plinko\/","og_site_name":"Plinko Team AZ","article_modified_time":"2025-04-22T01:36:25+00:00","twitter_card":"summary_large_image","schema":{"@context":"https:\/\/schema.org","@graph":[{"@type":"WebPage","@id":"https:\/\/plinko-game.win\/az\/about-plinko\/","url":"https:\/\/plinko-game.win\/az\/about-plinko\/","name":"Plinko Oyun > M\u0259\u015fhur oyun haqq\u0131nda h\u0259r \u015fey | Strategiyalar v\u0259 sirl\u0259r","isPartOf":{"@id":"https:\/\/plinko-game.win\/az\/#website"},"datePublished":"2024-12-06T09:53:58+00:00","dateModified":"2025-04-22T01:36:25+00:00","description":"Plinkonun d\u00fcnyas\u0131n\u0131 k\u0259\u015ff edin! Oyunun qaydalar\u0131n\u0131, effektiv strategiyalar\u0131 v\u0259 u\u011furun sirl\u0259rini \u00f6yr\u0259nin. Plinkonu onlayn oynay\u0131n v\u0259 h\u0259y\u0259candan h\u0259zz al\u0131n.","breadcrumb":{"@id":"https:\/\/plinko-game.win\/az\/about-plinko\/#breadcrumb"},"inLanguage":"az","potentialAction":[{"@type":"ReadAction","target":["https:\/\/plinko-game.win\/az\/about-plinko\/"]}]},{"@type":"BreadcrumbList","@id":"https:\/\/plinko-game.win\/az\/about-plinko\/#breadcrumb","itemListElement":[{"@type":"ListItem","position":1,"name":"\u0413\u043b\u0430\u0432\u043d\u0430\u044f \u0441\u0442\u0440\u0430\u043d\u0438\u0446\u0430","item":"https:\/\/plinko-game.win\/az\/"},{"@type":"ListItem","position":2,"name":"Plinko haqq\u0131nda"}]},{"@type":"WebSite","@id":"https:\/\/plinko-game.win\/az\/#website","url":"https:\/\/plinko-game.win\/az\/","name":"Plinko Team AZ","description":"","potentialAction":[{"@type":"SearchAction","target":{"@type":"EntryPoint","urlTemplate":"https:\/\/plinko-game.win\/az\/?s={search_term_string}"},"query-input":{"@type":"PropertyValueSpecification","valueRequired":true,"valueName":"search_term_string"}}],"inLanguage":"az"}]}},"_links":{"self":[{"href":"https:\/\/plinko-game.win\/az\/wp-json\/wp\/v2\/pages\/175","targetHints":{"allow":["GET"]}}],"collection":[{"href":"https:\/\/plinko-game.win\/az\/wp-json\/wp\/v2\/pages"}],"about":[{"href":"https:\/\/plinko-game.win\/az\/wp-json\/wp\/v2\/types\/page"}],"author":[{"embeddable":true,"href":"https:\/\/plinko-game.win\/az\/wp-json\/wp\/v2\/users\/1"}],"replies":[{"embeddable":true,"href":"https:\/\/plinko-game.win\/az\/wp-json\/wp\/v2\/comments?post=175"}],"version-history":[{"count":16,"href":"https:\/\/plinko-game.win\/az\/wp-json\/wp\/v2\/pages\/175\/revisions"}],"predecessor-version":[{"id":367,"href":"https:\/\/plinko-game.win\/az\/wp-json\/wp\/v2\/pages\/175\/revisions\/367"}],"wp:attachment":[{"href":"https:\/\/plinko-game.win\/az\/wp-json\/wp\/v2\/media?parent=175"}],"curies":[{"name":"wp","href":"https:\/\/api.w.org\/{rel}","templated":true}]}}