{"id":186,"date":"2024-12-06T09:55:59","date_gmt":"2024-12-06T09:55:59","guid":{"rendered":"https:\/\/plinko-game.win\/az\/?page_id=186"},"modified":"2025-04-22T01:26:51","modified_gmt":"2025-04-22T01:26:51","slug":"how-to-play-plinko","status":"publish","type":"page","link":"https:\/\/plinko-game.win\/az\/how-to-play-plinko\/","title":{"rendered":"Plinkonu nec\u0259 oynamaq olar"},"content":{"rendered":"","protected":false},"excerpt":{"rendered":"","protected":false},"author":1,"featured_media":0,"parent":0,"menu_order":0,"comment_status":"closed","ping_status":"closed","template":"","meta":{"footnotes":""},"class_list":["post-186","page","type-page","status-publish","hentry"],"yoast_head":"<!-- This site is optimized with the Yoast SEO plugin v23.9 - https:\/\/yoast.com\/wordpress\/plugins\/seo\/ -->\n<title>Plinko nec\u0259 oynamaq olar &gt; b\u0259l\u0259d\u00e7i v\u0259 qalib olmaq \u00fc\u00e7\u00fcn m\u0259sl\u0259h\u0259tl\u0259r<\/title>\n<meta name=\"description\" content=\"Plinkonun nec\u0259 oynanaca\u011f\u0131n\u0131 \u00f6yr\u0259nin! Qazanma \u015fans\u0131n\u0131z\u0131 art\u0131rmaq \u00fc\u00e7\u00fcn sad\u0259 add\u0131m-add\u0131m t\u0259limat, faydal\u0131 m\u0259sl\u0259h\u0259tl\u0259r v\u0259 strategiyalar. \u0130ndi oynama\u011fa ba\u015flay\u0131n!\" \/>\n<meta name=\"robots\" content=\"index, follow, max-snippet:-1, max-image-preview:large, max-video-preview:-1\" \/>\n<meta property=\"og:locale\" content=\"az_AZ\" \/>\n<meta property=\"og:type\" content=\"article\" \/>\n<meta property=\"og:title\" content=\"Plinko nec\u0259 oynamaq olar &gt; b\u0259l\u0259d\u00e7i v\u0259 qalib olmaq \u00fc\u00e7\u00fcn m\u0259sl\u0259h\u0259tl\u0259r\" \/>\n<meta property=\"og:description\" content=\"Plinkonun nec\u0259 oynanaca\u011f\u0131n\u0131 \u00f6yr\u0259nin! Qazanma \u015fans\u0131n\u0131z\u0131 art\u0131rmaq \u00fc\u00e7\u00fcn sad\u0259 add\u0131m-add\u0131m t\u0259limat, faydal\u0131 m\u0259sl\u0259h\u0259tl\u0259r v\u0259 strategiyalar. \u0130ndi oynama\u011fa ba\u015flay\u0131n!\" \/>\n<meta property=\"og:url\" content=\"https:\/\/plinko-game.win\/az\/how-to-play-plinko\/\" \/>\n<meta property=\"og:site_name\" content=\"Plinko Team AZ\" \/>\n<meta property=\"article:modified_time\" content=\"2025-04-22T01:26:51+00:00\" \/>\n<meta name=\"twitter:card\" content=\"summary_large_image\" \/>\n<script type=\"application\/ld+json\" class=\"yoast-schema-graph\">{\"@context\":\"https:\/\/schema.org\",\"@graph\":[{\"@type\":\"WebPage\",\"@id\":\"https:\/\/plinko-game.win\/az\/how-to-play-plinko\/\",\"url\":\"https:\/\/plinko-game.win\/az\/how-to-play-plinko\/\",\"name\":\"Plinko nec\u0259 oynamaq olar > b\u0259l\u0259d\u00e7i v\u0259 qalib olmaq \u00fc\u00e7\u00fcn m\u0259sl\u0259h\u0259tl\u0259r\",\"isPartOf\":{\"@id\":\"https:\/\/plinko-game.win\/az\/#website\"},\"datePublished\":\"2024-12-06T09:55:59+00:00\",\"dateModified\":\"2025-04-22T01:26:51+00:00\",\"description\":\"Plinkonun nec\u0259 oynanaca\u011f\u0131n\u0131 \u00f6yr\u0259nin! Qazanma \u015fans\u0131n\u0131z\u0131 art\u0131rmaq \u00fc\u00e7\u00fcn sad\u0259 add\u0131m-add\u0131m t\u0259limat, faydal\u0131 m\u0259sl\u0259h\u0259tl\u0259r v\u0259 strategiyalar. \u0130ndi oynama\u011fa ba\u015flay\u0131n!\",\"breadcrumb\":{\"@id\":\"https:\/\/plinko-game.win\/az\/how-to-play-plinko\/#breadcrumb\"},\"inLanguage\":\"az\",\"potentialAction\":[{\"@type\":\"ReadAction\",\"target\":[\"https:\/\/plinko-game.win\/az\/how-to-play-plinko\/\"]}]},{\"@type\":\"BreadcrumbList\",\"@id\":\"https:\/\/plinko-game.win\/az\/how-to-play-plinko\/#breadcrumb\",\"itemListElement\":[{\"@type\":\"ListItem\",\"position\":1,\"name\":\"\u0413\u043b\u0430\u0432\u043d\u0430\u044f \u0441\u0442\u0440\u0430\u043d\u0438\u0446\u0430\",\"item\":\"https:\/\/plinko-game.win\/az\/\"},{\"@type\":\"ListItem\",\"position\":2,\"name\":\"Plinkonu nec\u0259 oynamaq olar\"}]},{\"@type\":\"WebSite\",\"@id\":\"https:\/\/plinko-game.win\/az\/#website\",\"url\":\"https:\/\/plinko-game.win\/az\/\",\"name\":\"Plinko Team AZ\",\"description\":\"\",\"potentialAction\":[{\"@type\":\"SearchAction\",\"target\":{\"@type\":\"EntryPoint\",\"urlTemplate\":\"https:\/\/plinko-game.win\/az\/?s={search_term_string}\"},\"query-input\":{\"@type\":\"PropertyValueSpecification\",\"valueRequired\":true,\"valueName\":\"search_term_string\"}}],\"inLanguage\":\"az\"}]}<\/script>\n<!-- \/ Yoast SEO plugin. -->","yoast_head_json":{"title":"Plinko nec\u0259 oynamaq olar > b\u0259l\u0259d\u00e7i v\u0259 qalib olmaq \u00fc\u00e7\u00fcn m\u0259sl\u0259h\u0259tl\u0259r","description":"Plinkonun nec\u0259 oynanaca\u011f\u0131n\u0131 \u00f6yr\u0259nin! Qazanma \u015fans\u0131n\u0131z\u0131 art\u0131rmaq \u00fc\u00e7\u00fcn sad\u0259 add\u0131m-add\u0131m t\u0259limat, faydal\u0131 m\u0259sl\u0259h\u0259tl\u0259r v\u0259 strategiyalar. \u0130ndi oynama\u011fa ba\u015flay\u0131n!","robots":{"index":"index","follow":"follow","max-snippet":"max-snippet:-1","max-image-preview":"max-image-preview:large","max-video-preview":"max-video-preview:-1"},"og_locale":"az_AZ","og_type":"article","og_title":"Plinko nec\u0259 oynamaq olar > b\u0259l\u0259d\u00e7i v\u0259 qalib olmaq \u00fc\u00e7\u00fcn m\u0259sl\u0259h\u0259tl\u0259r","og_description":"Plinkonun nec\u0259 oynanaca\u011f\u0131n\u0131 \u00f6yr\u0259nin! Qazanma \u015fans\u0131n\u0131z\u0131 art\u0131rmaq \u00fc\u00e7\u00fcn sad\u0259 add\u0131m-add\u0131m t\u0259limat, faydal\u0131 m\u0259sl\u0259h\u0259tl\u0259r v\u0259 strategiyalar. \u0130ndi oynama\u011fa ba\u015flay\u0131n!","og_url":"https:\/\/plinko-game.win\/az\/how-to-play-plinko\/","og_site_name":"Plinko Team AZ","article_modified_time":"2025-04-22T01:26:51+00:00","twitter_card":"summary_large_image","schema":{"@context":"https:\/\/schema.org","@graph":[{"@type":"WebPage","@id":"https:\/\/plinko-game.win\/az\/how-to-play-plinko\/","url":"https:\/\/plinko-game.win\/az\/how-to-play-plinko\/","name":"Plinko nec\u0259 oynamaq olar > b\u0259l\u0259d\u00e7i v\u0259 qalib olmaq \u00fc\u00e7\u00fcn m\u0259sl\u0259h\u0259tl\u0259r","isPartOf":{"@id":"https:\/\/plinko-game.win\/az\/#website"},"datePublished":"2024-12-06T09:55:59+00:00","dateModified":"2025-04-22T01:26:51+00:00","description":"Plinkonun nec\u0259 oynanaca\u011f\u0131n\u0131 \u00f6yr\u0259nin! Qazanma \u015fans\u0131n\u0131z\u0131 art\u0131rmaq \u00fc\u00e7\u00fcn sad\u0259 add\u0131m-add\u0131m t\u0259limat, faydal\u0131 m\u0259sl\u0259h\u0259tl\u0259r v\u0259 strategiyalar. \u0130ndi oynama\u011fa ba\u015flay\u0131n!","breadcrumb":{"@id":"https:\/\/plinko-game.win\/az\/how-to-play-plinko\/#breadcrumb"},"inLanguage":"az","potentialAction":[{"@type":"ReadAction","target":["https:\/\/plinko-game.win\/az\/how-to-play-plinko\/"]}]},{"@type":"BreadcrumbList","@id":"https:\/\/plinko-game.win\/az\/how-to-play-plinko\/#breadcrumb","itemListElement":[{"@type":"ListItem","position":1,"name":"\u0413\u043b\u0430\u0432\u043d\u0430\u044f \u0441\u0442\u0440\u0430\u043d\u0438\u0446\u0430","item":"https:\/\/plinko-game.win\/az\/"},{"@type":"ListItem","position":2,"name":"Plinkonu nec\u0259 oynamaq olar"}]},{"@type":"WebSite","@id":"https:\/\/plinko-game.win\/az\/#website","url":"https:\/\/plinko-game.win\/az\/","name":"Plinko Team AZ","description":"","potentialAction":[{"@type":"SearchAction","target":{"@type":"EntryPoint","urlTemplate":"https:\/\/plinko-game.win\/az\/?s={search_term_string}"},"query-input":{"@type":"PropertyValueSpecification","valueRequired":true,"valueName":"search_term_string"}}],"inLanguage":"az"}]}},"_links":{"self":[{"href":"https:\/\/plinko-game.win\/az\/wp-json\/wp\/v2\/pages\/186","targetHints":{"allow":["GET"]}}],"collection":[{"href":"https:\/\/plinko-game.win\/az\/wp-json\/wp\/v2\/pages"}],"about":[{"href":"https:\/\/plinko-game.win\/az\/wp-json\/wp\/v2\/types\/page"}],"author":[{"embeddable":true,"href":"https:\/\/plinko-game.win\/az\/wp-json\/wp\/v2\/users\/1"}],"replies":[{"embeddable":true,"href":"https:\/\/plinko-game.win\/az\/wp-json\/wp\/v2\/comments?post=186"}],"version-history":[{"count":12,"href":"https:\/\/plinko-game.win\/az\/wp-json\/wp\/v2\/pages\/186\/revisions"}],"predecessor-version":[{"id":363,"href":"https:\/\/plinko-game.win\/az\/wp-json\/wp\/v2\/pages\/186\/revisions\/363"}],"wp:attachment":[{"href":"https:\/\/plinko-game.win\/az\/wp-json\/wp\/v2\/media?parent=186"}],"curies":[{"name":"wp","href":"https:\/\/api.w.org\/{rel}","templated":true}]}}