{"id":228,"date":"2024-12-06T10:27:26","date_gmt":"2024-12-06T10:27:26","guid":{"rendered":"https:\/\/plinko-game.win\/az\/?page_id=228"},"modified":"2025-04-22T00:51:29","modified_gmt":"2025-04-22T00:51:29","slug":"app","status":"publish","type":"page","link":"https:\/\/plinko-game.win\/az\/app\/","title":{"rendered":"APP"},"content":{"rendered":"","protected":false},"excerpt":{"rendered":"","protected":false},"author":1,"featured_media":0,"parent":0,"menu_order":0,"comment_status":"closed","ping_status":"closed","template":"","meta":{"footnotes":""},"class_list":["post-228","page","type-page","status-publish","hentry"],"yoast_head":"<!-- This site is optimized with the Yoast SEO plugin v23.9 - https:\/\/yoast.com\/wordpress\/plugins\/seo\/ -->\n<title>Proqram Plinko &gt; \u0130st\u0259nil\u0259n vaxt iOS v\u0259 Android-d\u0259 oynay\u0131n<\/title>\n<meta name=\"description\" content=\"iOS v\u0259 Android \u00fc\u00e7\u00fcn Plinko proqram\u0131n\u0131 y\u00fckl\u0259yin! Sevdiyiniz oyuna birba\u015fa smartfonunuzda asanl\u0131qla daxil olun. Plinkonu h\u0259r yerd\u0259 oynay\u0131n!\" \/>\n<meta name=\"robots\" content=\"index, follow, max-snippet:-1, max-image-preview:large, max-video-preview:-1\" \/>\n<meta property=\"og:locale\" content=\"az_AZ\" \/>\n<meta property=\"og:type\" content=\"article\" \/>\n<meta property=\"og:title\" content=\"Proqram Plinko &gt; \u0130st\u0259nil\u0259n vaxt iOS v\u0259 Android-d\u0259 oynay\u0131n\" \/>\n<meta property=\"og:description\" content=\"iOS v\u0259 Android \u00fc\u00e7\u00fcn Plinko proqram\u0131n\u0131 y\u00fckl\u0259yin! Sevdiyiniz oyuna birba\u015fa smartfonunuzda asanl\u0131qla daxil olun. Plinkonu h\u0259r yerd\u0259 oynay\u0131n!\" \/>\n<meta property=\"og:url\" content=\"https:\/\/plinko-game.win\/az\/app\/\" \/>\n<meta property=\"og:site_name\" content=\"Plinko Team AZ\" \/>\n<meta property=\"article:modified_time\" content=\"2025-04-22T00:51:29+00:00\" \/>\n<meta name=\"twitter:card\" content=\"summary_large_image\" \/>\n<script type=\"application\/ld+json\" class=\"yoast-schema-graph\">{\"@context\":\"https:\/\/schema.org\",\"@graph\":[{\"@type\":\"WebPage\",\"@id\":\"https:\/\/plinko-game.win\/az\/app\/\",\"url\":\"https:\/\/plinko-game.win\/az\/app\/\",\"name\":\"Proqram Plinko > \u0130st\u0259nil\u0259n vaxt iOS v\u0259 Android-d\u0259 oynay\u0131n\",\"isPartOf\":{\"@id\":\"https:\/\/plinko-game.win\/az\/#website\"},\"datePublished\":\"2024-12-06T10:27:26+00:00\",\"dateModified\":\"2025-04-22T00:51:29+00:00\",\"description\":\"iOS v\u0259 Android \u00fc\u00e7\u00fcn Plinko proqram\u0131n\u0131 y\u00fckl\u0259yin! Sevdiyiniz oyuna birba\u015fa smartfonunuzda asanl\u0131qla daxil olun. Plinkonu h\u0259r yerd\u0259 oynay\u0131n!\",\"breadcrumb\":{\"@id\":\"https:\/\/plinko-game.win\/az\/app\/#breadcrumb\"},\"inLanguage\":\"az\",\"potentialAction\":[{\"@type\":\"ReadAction\",\"target\":[\"https:\/\/plinko-game.win\/az\/app\/\"]}]},{\"@type\":\"BreadcrumbList\",\"@id\":\"https:\/\/plinko-game.win\/az\/app\/#breadcrumb\",\"itemListElement\":[{\"@type\":\"ListItem\",\"position\":1,\"name\":\"\u0413\u043b\u0430\u0432\u043d\u0430\u044f \u0441\u0442\u0440\u0430\u043d\u0438\u0446\u0430\",\"item\":\"https:\/\/plinko-game.win\/az\/\"},{\"@type\":\"ListItem\",\"position\":2,\"name\":\"APP\"}]},{\"@type\":\"WebSite\",\"@id\":\"https:\/\/plinko-game.win\/az\/#website\",\"url\":\"https:\/\/plinko-game.win\/az\/\",\"name\":\"Plinko Team AZ\",\"description\":\"\",\"potentialAction\":[{\"@type\":\"SearchAction\",\"target\":{\"@type\":\"EntryPoint\",\"urlTemplate\":\"https:\/\/plinko-game.win\/az\/?s={search_term_string}\"},\"query-input\":{\"@type\":\"PropertyValueSpecification\",\"valueRequired\":true,\"valueName\":\"search_term_string\"}}],\"inLanguage\":\"az\"}]}<\/script>\n<!-- \/ Yoast SEO plugin. -->","yoast_head_json":{"title":"Proqram Plinko > \u0130st\u0259nil\u0259n vaxt iOS v\u0259 Android-d\u0259 oynay\u0131n","description":"iOS v\u0259 Android \u00fc\u00e7\u00fcn Plinko proqram\u0131n\u0131 y\u00fckl\u0259yin! Sevdiyiniz oyuna birba\u015fa smartfonunuzda asanl\u0131qla daxil olun. Plinkonu h\u0259r yerd\u0259 oynay\u0131n!","robots":{"index":"index","follow":"follow","max-snippet":"max-snippet:-1","max-image-preview":"max-image-preview:large","max-video-preview":"max-video-preview:-1"},"og_locale":"az_AZ","og_type":"article","og_title":"Proqram Plinko > \u0130st\u0259nil\u0259n vaxt iOS v\u0259 Android-d\u0259 oynay\u0131n","og_description":"iOS v\u0259 Android \u00fc\u00e7\u00fcn Plinko proqram\u0131n\u0131 y\u00fckl\u0259yin! Sevdiyiniz oyuna birba\u015fa smartfonunuzda asanl\u0131qla daxil olun. Plinkonu h\u0259r yerd\u0259 oynay\u0131n!","og_url":"https:\/\/plinko-game.win\/az\/app\/","og_site_name":"Plinko Team AZ","article_modified_time":"2025-04-22T00:51:29+00:00","twitter_card":"summary_large_image","schema":{"@context":"https:\/\/schema.org","@graph":[{"@type":"WebPage","@id":"https:\/\/plinko-game.win\/az\/app\/","url":"https:\/\/plinko-game.win\/az\/app\/","name":"Proqram Plinko > \u0130st\u0259nil\u0259n vaxt iOS v\u0259 Android-d\u0259 oynay\u0131n","isPartOf":{"@id":"https:\/\/plinko-game.win\/az\/#website"},"datePublished":"2024-12-06T10:27:26+00:00","dateModified":"2025-04-22T00:51:29+00:00","description":"iOS v\u0259 Android \u00fc\u00e7\u00fcn Plinko proqram\u0131n\u0131 y\u00fckl\u0259yin! Sevdiyiniz oyuna birba\u015fa smartfonunuzda asanl\u0131qla daxil olun. Plinkonu h\u0259r yerd\u0259 oynay\u0131n!","breadcrumb":{"@id":"https:\/\/plinko-game.win\/az\/app\/#breadcrumb"},"inLanguage":"az","potentialAction":[{"@type":"ReadAction","target":["https:\/\/plinko-game.win\/az\/app\/"]}]},{"@type":"BreadcrumbList","@id":"https:\/\/plinko-game.win\/az\/app\/#breadcrumb","itemListElement":[{"@type":"ListItem","position":1,"name":"\u0413\u043b\u0430\u0432\u043d\u0430\u044f \u0441\u0442\u0440\u0430\u043d\u0438\u0446\u0430","item":"https:\/\/plinko-game.win\/az\/"},{"@type":"ListItem","position":2,"name":"APP"}]},{"@type":"WebSite","@id":"https:\/\/plinko-game.win\/az\/#website","url":"https:\/\/plinko-game.win\/az\/","name":"Plinko Team AZ","description":"","potentialAction":[{"@type":"SearchAction","target":{"@type":"EntryPoint","urlTemplate":"https:\/\/plinko-game.win\/az\/?s={search_term_string}"},"query-input":{"@type":"PropertyValueSpecification","valueRequired":true,"valueName":"search_term_string"}}],"inLanguage":"az"}]}},"_links":{"self":[{"href":"https:\/\/plinko-game.win\/az\/wp-json\/wp\/v2\/pages\/228","targetHints":{"allow":["GET"]}}],"collection":[{"href":"https:\/\/plinko-game.win\/az\/wp-json\/wp\/v2\/pages"}],"about":[{"href":"https:\/\/plinko-game.win\/az\/wp-json\/wp\/v2\/types\/page"}],"author":[{"embeddable":true,"href":"https:\/\/plinko-game.win\/az\/wp-json\/wp\/v2\/users\/1"}],"replies":[{"embeddable":true,"href":"https:\/\/plinko-game.win\/az\/wp-json\/wp\/v2\/comments?post=228"}],"version-history":[{"count":12,"href":"https:\/\/plinko-game.win\/az\/wp-json\/wp\/v2\/pages\/228\/revisions"}],"predecessor-version":[{"id":347,"href":"https:\/\/plinko-game.win\/az\/wp-json\/wp\/v2\/pages\/228\/revisions\/347"}],"wp:attachment":[{"href":"https:\/\/plinko-game.win\/az\/wp-json\/wp\/v2\/media?parent=228"}],"curies":[{"name":"wp","href":"https:\/\/api.w.org\/{rel}","templated":true}]}}