{"id":235,"date":"2024-12-06T10:33:21","date_gmt":"2024-12-06T10:33:21","guid":{"rendered":"https:\/\/plinko-game.win\/az\/?page_id=235"},"modified":"2025-04-22T01:11:40","modified_gmt":"2025-04-22T01:11:40","slug":"strategies-and-tips","status":"publish","type":"page","link":"https:\/\/plinko-game.win\/az\/strategies-and-tips\/","title":{"rendered":"Strategiyalar v\u0259 m\u0259sl\u0259h\u0259tl\u0259r"},"content":{"rendered":"","protected":false},"excerpt":{"rendered":"","protected":false},"author":1,"featured_media":0,"parent":0,"menu_order":0,"comment_status":"closed","ping_status":"closed","template":"","meta":{"footnotes":""},"class_list":["post-235","page","type-page","status-publish","hentry"],"yoast_head":"<!-- This site is optimized with the Yoast SEO plugin v23.9 - https:\/\/yoast.com\/wordpress\/plugins\/seo\/ -->\n<title>Plinko Strategiyas\u0131 &gt; Qazanma \u015fans\u0131n\u0131z\u0131 nec\u0259 art\u0131rmaq olar<\/title>\n<meta name=\"description\" content=\"Plinko oynamaq \u00fc\u00e7\u00fcn \u0259n yax\u015f\u0131 strategiyalar\u0131 \u00f6yr\u0259nin! M\u0259sl\u0259h\u0259tl\u0259r, sirl\u0259r v\u0259 taktikalar - indi Plinko ustas\u0131 olun!\" \/>\n<meta name=\"robots\" content=\"index, follow, max-snippet:-1, max-image-preview:large, max-video-preview:-1\" \/>\n<meta property=\"og:locale\" content=\"az_AZ\" \/>\n<meta property=\"og:type\" content=\"article\" \/>\n<meta property=\"og:title\" content=\"Plinko Strategiyas\u0131 &gt; Qazanma \u015fans\u0131n\u0131z\u0131 nec\u0259 art\u0131rmaq olar\" \/>\n<meta property=\"og:description\" content=\"Plinko oynamaq \u00fc\u00e7\u00fcn \u0259n yax\u015f\u0131 strategiyalar\u0131 \u00f6yr\u0259nin! M\u0259sl\u0259h\u0259tl\u0259r, sirl\u0259r v\u0259 taktikalar - indi Plinko ustas\u0131 olun!\" \/>\n<meta property=\"og:url\" content=\"https:\/\/plinko-game.win\/az\/strategies-and-tips\/\" \/>\n<meta property=\"og:site_name\" content=\"Plinko Team AZ\" \/>\n<meta property=\"article:modified_time\" content=\"2025-04-22T01:11:40+00:00\" \/>\n<meta name=\"twitter:card\" content=\"summary_large_image\" \/>\n<script type=\"application\/ld+json\" class=\"yoast-schema-graph\">{\"@context\":\"https:\/\/schema.org\",\"@graph\":[{\"@type\":\"WebPage\",\"@id\":\"https:\/\/plinko-game.win\/az\/strategies-and-tips\/\",\"url\":\"https:\/\/plinko-game.win\/az\/strategies-and-tips\/\",\"name\":\"Plinko Strategiyas\u0131 > Qazanma \u015fans\u0131n\u0131z\u0131 nec\u0259 art\u0131rmaq olar\",\"isPartOf\":{\"@id\":\"https:\/\/plinko-game.win\/az\/#website\"},\"datePublished\":\"2024-12-06T10:33:21+00:00\",\"dateModified\":\"2025-04-22T01:11:40+00:00\",\"description\":\"Plinko oynamaq \u00fc\u00e7\u00fcn \u0259n yax\u015f\u0131 strategiyalar\u0131 \u00f6yr\u0259nin! M\u0259sl\u0259h\u0259tl\u0259r, sirl\u0259r v\u0259 taktikalar - indi Plinko ustas\u0131 olun!\",\"breadcrumb\":{\"@id\":\"https:\/\/plinko-game.win\/az\/strategies-and-tips\/#breadcrumb\"},\"inLanguage\":\"az\",\"potentialAction\":[{\"@type\":\"ReadAction\",\"target\":[\"https:\/\/plinko-game.win\/az\/strategies-and-tips\/\"]}]},{\"@type\":\"BreadcrumbList\",\"@id\":\"https:\/\/plinko-game.win\/az\/strategies-and-tips\/#breadcrumb\",\"itemListElement\":[{\"@type\":\"ListItem\",\"position\":1,\"name\":\"\u0413\u043b\u0430\u0432\u043d\u0430\u044f \u0441\u0442\u0440\u0430\u043d\u0438\u0446\u0430\",\"item\":\"https:\/\/plinko-game.win\/az\/\"},{\"@type\":\"ListItem\",\"position\":2,\"name\":\"Strategiyalar v\u0259 m\u0259sl\u0259h\u0259tl\u0259r\"}]},{\"@type\":\"WebSite\",\"@id\":\"https:\/\/plinko-game.win\/az\/#website\",\"url\":\"https:\/\/plinko-game.win\/az\/\",\"name\":\"Plinko Team AZ\",\"description\":\"\",\"potentialAction\":[{\"@type\":\"SearchAction\",\"target\":{\"@type\":\"EntryPoint\",\"urlTemplate\":\"https:\/\/plinko-game.win\/az\/?s={search_term_string}\"},\"query-input\":{\"@type\":\"PropertyValueSpecification\",\"valueRequired\":true,\"valueName\":\"search_term_string\"}}],\"inLanguage\":\"az\"}]}<\/script>\n<!-- \/ Yoast SEO plugin. -->","yoast_head_json":{"title":"Plinko Strategiyas\u0131 > Qazanma \u015fans\u0131n\u0131z\u0131 nec\u0259 art\u0131rmaq olar","description":"Plinko oynamaq \u00fc\u00e7\u00fcn \u0259n yax\u015f\u0131 strategiyalar\u0131 \u00f6yr\u0259nin! M\u0259sl\u0259h\u0259tl\u0259r, sirl\u0259r v\u0259 taktikalar - indi Plinko ustas\u0131 olun!","robots":{"index":"index","follow":"follow","max-snippet":"max-snippet:-1","max-image-preview":"max-image-preview:large","max-video-preview":"max-video-preview:-1"},"og_locale":"az_AZ","og_type":"article","og_title":"Plinko Strategiyas\u0131 > Qazanma \u015fans\u0131n\u0131z\u0131 nec\u0259 art\u0131rmaq olar","og_description":"Plinko oynamaq \u00fc\u00e7\u00fcn \u0259n yax\u015f\u0131 strategiyalar\u0131 \u00f6yr\u0259nin! M\u0259sl\u0259h\u0259tl\u0259r, sirl\u0259r v\u0259 taktikalar - indi Plinko ustas\u0131 olun!","og_url":"https:\/\/plinko-game.win\/az\/strategies-and-tips\/","og_site_name":"Plinko Team AZ","article_modified_time":"2025-04-22T01:11:40+00:00","twitter_card":"summary_large_image","schema":{"@context":"https:\/\/schema.org","@graph":[{"@type":"WebPage","@id":"https:\/\/plinko-game.win\/az\/strategies-and-tips\/","url":"https:\/\/plinko-game.win\/az\/strategies-and-tips\/","name":"Plinko Strategiyas\u0131 > Qazanma \u015fans\u0131n\u0131z\u0131 nec\u0259 art\u0131rmaq olar","isPartOf":{"@id":"https:\/\/plinko-game.win\/az\/#website"},"datePublished":"2024-12-06T10:33:21+00:00","dateModified":"2025-04-22T01:11:40+00:00","description":"Plinko oynamaq \u00fc\u00e7\u00fcn \u0259n yax\u015f\u0131 strategiyalar\u0131 \u00f6yr\u0259nin! M\u0259sl\u0259h\u0259tl\u0259r, sirl\u0259r v\u0259 taktikalar - indi Plinko ustas\u0131 olun!","breadcrumb":{"@id":"https:\/\/plinko-game.win\/az\/strategies-and-tips\/#breadcrumb"},"inLanguage":"az","potentialAction":[{"@type":"ReadAction","target":["https:\/\/plinko-game.win\/az\/strategies-and-tips\/"]}]},{"@type":"BreadcrumbList","@id":"https:\/\/plinko-game.win\/az\/strategies-and-tips\/#breadcrumb","itemListElement":[{"@type":"ListItem","position":1,"name":"\u0413\u043b\u0430\u0432\u043d\u0430\u044f \u0441\u0442\u0440\u0430\u043d\u0438\u0446\u0430","item":"https:\/\/plinko-game.win\/az\/"},{"@type":"ListItem","position":2,"name":"Strategiyalar v\u0259 m\u0259sl\u0259h\u0259tl\u0259r"}]},{"@type":"WebSite","@id":"https:\/\/plinko-game.win\/az\/#website","url":"https:\/\/plinko-game.win\/az\/","name":"Plinko Team AZ","description":"","potentialAction":[{"@type":"SearchAction","target":{"@type":"EntryPoint","urlTemplate":"https:\/\/plinko-game.win\/az\/?s={search_term_string}"},"query-input":{"@type":"PropertyValueSpecification","valueRequired":true,"valueName":"search_term_string"}}],"inLanguage":"az"}]}},"_links":{"self":[{"href":"https:\/\/plinko-game.win\/az\/wp-json\/wp\/v2\/pages\/235","targetHints":{"allow":["GET"]}}],"collection":[{"href":"https:\/\/plinko-game.win\/az\/wp-json\/wp\/v2\/pages"}],"about":[{"href":"https:\/\/plinko-game.win\/az\/wp-json\/wp\/v2\/types\/page"}],"author":[{"embeddable":true,"href":"https:\/\/plinko-game.win\/az\/wp-json\/wp\/v2\/users\/1"}],"replies":[{"embeddable":true,"href":"https:\/\/plinko-game.win\/az\/wp-json\/wp\/v2\/comments?post=235"}],"version-history":[{"count":14,"href":"https:\/\/plinko-game.win\/az\/wp-json\/wp\/v2\/pages\/235\/revisions"}],"predecessor-version":[{"id":356,"href":"https:\/\/plinko-game.win\/az\/wp-json\/wp\/v2\/pages\/235\/revisions\/356"}],"wp:attachment":[{"href":"https:\/\/plinko-game.win\/az\/wp-json\/wp\/v2\/media?parent=235"}],"curies":[{"name":"wp","href":"https:\/\/api.w.org\/{rel}","templated":true}]}}