{"id":235,"date":"2024-12-06T10:33:21","date_gmt":"2024-12-06T10:33:21","guid":{"rendered":"https:\/\/plinko-game.win\/cz\/?page_id=235"},"modified":"2025-04-01T08:23:54","modified_gmt":"2025-04-01T08:23:54","slug":"strategies-and-tips","status":"publish","type":"page","link":"https:\/\/plinko-game.win\/cz\/strategies-and-tips\/","title":{"rendered":"Strategie a tipy"},"content":{"rendered":"<p>&nbsp;<\/p>\n<p>&nbsp;<\/p>\n","protected":false},"excerpt":{"rendered":"<p>&nbsp; &nbsp;<\/p>\n","protected":false},"author":1,"featured_media":0,"parent":0,"menu_order":0,"comment_status":"closed","ping_status":"closed","template":"","meta":{"footnotes":""},"class_list":["post-235","page","type-page","status-publish","hentry"],"yoast_head":"<!-- This site is optimized with the Yoast SEO plugin v23.9 - https:\/\/yoast.com\/wordpress\/plugins\/seo\/ -->\n<title>Strategie Plinko &gt; Jak maximalizovat sv\u00e9 \u0161ance na v\u00fdhru<\/title>\n<meta name=\"description\" content=\"Nau\u010dte se nejlep\u0161\u00ed strategie pro hran\u00ed Plinko! Tipy, tajemstv\u00ed a taktiky \u2013 sta\u0148te se nyn\u00ed mistrem Plinko!\" \/>\n<meta name=\"robots\" content=\"index, follow, max-snippet:-1, max-image-preview:large, max-video-preview:-1\" \/>\n<meta property=\"og:locale\" content=\"cs_CZ\" \/>\n<meta property=\"og:type\" content=\"article\" \/>\n<meta property=\"og:title\" content=\"Strategie Plinko &gt; Jak maximalizovat sv\u00e9 \u0161ance na v\u00fdhru\" \/>\n<meta property=\"og:description\" content=\"Nau\u010dte se nejlep\u0161\u00ed strategie pro hran\u00ed Plinko! Tipy, tajemstv\u00ed a taktiky \u2013 sta\u0148te se nyn\u00ed mistrem Plinko!\" \/>\n<meta property=\"og:url\" content=\"https:\/\/plinko-game.win\/cz\/strategies-and-tips\/\" \/>\n<meta property=\"og:site_name\" content=\"Plinko Team CZ\" \/>\n<meta property=\"article:modified_time\" content=\"2025-04-01T08:23:54+00:00\" \/>\n<meta name=\"twitter:card\" content=\"summary_large_image\" \/>\n<script type=\"application\/ld+json\" class=\"yoast-schema-graph\">{\"@context\":\"https:\/\/schema.org\",\"@graph\":[{\"@type\":\"WebPage\",\"@id\":\"https:\/\/plinko-game.win\/cz\/strategies-and-tips\/\",\"url\":\"https:\/\/plinko-game.win\/cz\/strategies-and-tips\/\",\"name\":\"Strategie Plinko > Jak maximalizovat sv\u00e9 \u0161ance na v\u00fdhru\",\"isPartOf\":{\"@id\":\"https:\/\/plinko-game.win\/cz\/#website\"},\"datePublished\":\"2024-12-06T10:33:21+00:00\",\"dateModified\":\"2025-04-01T08:23:54+00:00\",\"description\":\"Nau\u010dte se nejlep\u0161\u00ed strategie pro hran\u00ed Plinko! Tipy, tajemstv\u00ed a taktiky \u2013 sta\u0148te se nyn\u00ed mistrem Plinko!\",\"breadcrumb\":{\"@id\":\"https:\/\/plinko-game.win\/cz\/strategies-and-tips\/#breadcrumb\"},\"inLanguage\":\"cs\",\"potentialAction\":[{\"@type\":\"ReadAction\",\"target\":[\"https:\/\/plinko-game.win\/cz\/strategies-and-tips\/\"]}]},{\"@type\":\"BreadcrumbList\",\"@id\":\"https:\/\/plinko-game.win\/cz\/strategies-and-tips\/#breadcrumb\",\"itemListElement\":[{\"@type\":\"ListItem\",\"position\":1,\"name\":\"\u0413\u043b\u0430\u0432\u043d\u0430\u044f \u0441\u0442\u0440\u0430\u043d\u0438\u0446\u0430\",\"item\":\"https:\/\/plinko-game.win\/cz\/\"},{\"@type\":\"ListItem\",\"position\":2,\"name\":\"Strategie a tipy\"}]},{\"@type\":\"WebSite\",\"@id\":\"https:\/\/plinko-game.win\/cz\/#website\",\"url\":\"https:\/\/plinko-game.win\/cz\/\",\"name\":\"Plinko Team CZ\",\"description\":\"\",\"potentialAction\":[{\"@type\":\"SearchAction\",\"target\":{\"@type\":\"EntryPoint\",\"urlTemplate\":\"https:\/\/plinko-game.win\/cz\/?s={search_term_string}\"},\"query-input\":{\"@type\":\"PropertyValueSpecification\",\"valueRequired\":true,\"valueName\":\"search_term_string\"}}],\"inLanguage\":\"cs\"}]}<\/script>\n<!-- \/ Yoast SEO plugin. -->","yoast_head_json":{"title":"Strategie Plinko > Jak maximalizovat sv\u00e9 \u0161ance na v\u00fdhru","description":"Nau\u010dte se nejlep\u0161\u00ed strategie pro hran\u00ed Plinko! Tipy, tajemstv\u00ed a taktiky \u2013 sta\u0148te se nyn\u00ed mistrem Plinko!","robots":{"index":"index","follow":"follow","max-snippet":"max-snippet:-1","max-image-preview":"max-image-preview:large","max-video-preview":"max-video-preview:-1"},"og_locale":"cs_CZ","og_type":"article","og_title":"Strategie Plinko > Jak maximalizovat sv\u00e9 \u0161ance na v\u00fdhru","og_description":"Nau\u010dte se nejlep\u0161\u00ed strategie pro hran\u00ed Plinko! Tipy, tajemstv\u00ed a taktiky \u2013 sta\u0148te se nyn\u00ed mistrem Plinko!","og_url":"https:\/\/plinko-game.win\/cz\/strategies-and-tips\/","og_site_name":"Plinko Team CZ","article_modified_time":"2025-04-01T08:23:54+00:00","twitter_card":"summary_large_image","schema":{"@context":"https:\/\/schema.org","@graph":[{"@type":"WebPage","@id":"https:\/\/plinko-game.win\/cz\/strategies-and-tips\/","url":"https:\/\/plinko-game.win\/cz\/strategies-and-tips\/","name":"Strategie Plinko > Jak maximalizovat sv\u00e9 \u0161ance na v\u00fdhru","isPartOf":{"@id":"https:\/\/plinko-game.win\/cz\/#website"},"datePublished":"2024-12-06T10:33:21+00:00","dateModified":"2025-04-01T08:23:54+00:00","description":"Nau\u010dte se nejlep\u0161\u00ed strategie pro hran\u00ed Plinko! Tipy, tajemstv\u00ed a taktiky \u2013 sta\u0148te se nyn\u00ed mistrem Plinko!","breadcrumb":{"@id":"https:\/\/plinko-game.win\/cz\/strategies-and-tips\/#breadcrumb"},"inLanguage":"cs","potentialAction":[{"@type":"ReadAction","target":["https:\/\/plinko-game.win\/cz\/strategies-and-tips\/"]}]},{"@type":"BreadcrumbList","@id":"https:\/\/plinko-game.win\/cz\/strategies-and-tips\/#breadcrumb","itemListElement":[{"@type":"ListItem","position":1,"name":"\u0413\u043b\u0430\u0432\u043d\u0430\u044f \u0441\u0442\u0440\u0430\u043d\u0438\u0446\u0430","item":"https:\/\/plinko-game.win\/cz\/"},{"@type":"ListItem","position":2,"name":"Strategie a tipy"}]},{"@type":"WebSite","@id":"https:\/\/plinko-game.win\/cz\/#website","url":"https:\/\/plinko-game.win\/cz\/","name":"Plinko Team CZ","description":"","potentialAction":[{"@type":"SearchAction","target":{"@type":"EntryPoint","urlTemplate":"https:\/\/plinko-game.win\/cz\/?s={search_term_string}"},"query-input":{"@type":"PropertyValueSpecification","valueRequired":true,"valueName":"search_term_string"}}],"inLanguage":"cs"}]}},"_links":{"self":[{"href":"https:\/\/plinko-game.win\/cz\/wp-json\/wp\/v2\/pages\/235","targetHints":{"allow":["GET"]}}],"collection":[{"href":"https:\/\/plinko-game.win\/cz\/wp-json\/wp\/v2\/pages"}],"about":[{"href":"https:\/\/plinko-game.win\/cz\/wp-json\/wp\/v2\/types\/page"}],"author":[{"embeddable":true,"href":"https:\/\/plinko-game.win\/cz\/wp-json\/wp\/v2\/users\/1"}],"replies":[{"embeddable":true,"href":"https:\/\/plinko-game.win\/cz\/wp-json\/wp\/v2\/comments?post=235"}],"version-history":[{"count":11,"href":"https:\/\/plinko-game.win\/cz\/wp-json\/wp\/v2\/pages\/235\/revisions"}],"predecessor-version":[{"id":342,"href":"https:\/\/plinko-game.win\/cz\/wp-json\/wp\/v2\/pages\/235\/revisions\/342"}],"wp:attachment":[{"href":"https:\/\/plinko-game.win\/cz\/wp-json\/wp\/v2\/media?parent=235"}],"curies":[{"name":"wp","href":"https:\/\/api.w.org\/{rel}","templated":true}]}}