{"id":175,"date":"2024-12-06T09:53:58","date_gmt":"2024-12-06T09:53:58","guid":{"rendered":"https:\/\/plinko-game.win\/ee\/?page_id=175"},"modified":"2025-08-22T08:08:12","modified_gmt":"2025-08-22T08:08:12","slug":"about-plinko","status":"publish","type":"page","link":"https:\/\/plinko-game.win\/ee\/about-plinko\/","title":{"rendered":"Plinko kohta"},"content":{"rendered":"","protected":false},"excerpt":{"rendered":"","protected":false},"author":1,"featured_media":0,"parent":0,"menu_order":0,"comment_status":"closed","ping_status":"closed","template":"","meta":{"footnotes":""},"class_list":["post-175","page","type-page","status-publish","hentry"],"yoast_head":"<!-- This site is optimized with the Yoast SEO plugin v23.9 - https:\/\/yoast.com\/wordpress\/plugins\/seo\/ -->\n<title>Plinko m\u00e4ng &gt; K\u00f5ik populaarse m\u00e4ngu kohta<\/title>\n<meta name=\"description\" content=\"Avasta Plinko maailm! \u00d5pi m\u00e4ngureegleid, t\u00f5husaid strateegiaid ja edu saladusi. M\u00e4ngi Plinkot veebis ja naudi p\u00f5nevust.\" \/>\n<meta name=\"robots\" content=\"index, follow, max-snippet:-1, max-image-preview:large, max-video-preview:-1\" \/>\n<meta property=\"og:locale\" content=\"et_EE\" \/>\n<meta property=\"og:type\" content=\"article\" \/>\n<meta property=\"og:title\" content=\"Plinko m\u00e4ng &gt; K\u00f5ik populaarse m\u00e4ngu kohta\" \/>\n<meta property=\"og:description\" content=\"Avasta Plinko maailm! \u00d5pi m\u00e4ngureegleid, t\u00f5husaid strateegiaid ja edu saladusi. M\u00e4ngi Plinkot veebis ja naudi p\u00f5nevust.\" \/>\n<meta property=\"og:url\" content=\"https:\/\/plinko-game.win\/ee\/about-plinko\/\" \/>\n<meta property=\"og:site_name\" content=\"plinko team EE\" \/>\n<meta property=\"article:modified_time\" content=\"2025-08-22T08:08:12+00:00\" \/>\n<meta name=\"twitter:card\" content=\"summary_large_image\" \/>\n<script type=\"application\/ld+json\" class=\"yoast-schema-graph\">{\"@context\":\"https:\/\/schema.org\",\"@graph\":[{\"@type\":\"WebPage\",\"@id\":\"https:\/\/plinko-game.win\/ee\/about-plinko\/\",\"url\":\"https:\/\/plinko-game.win\/ee\/about-plinko\/\",\"name\":\"Plinko m\u00e4ng > K\u00f5ik populaarse m\u00e4ngu kohta\",\"isPartOf\":{\"@id\":\"https:\/\/plinko-game.win\/ee\/#website\"},\"datePublished\":\"2024-12-06T09:53:58+00:00\",\"dateModified\":\"2025-08-22T08:08:12+00:00\",\"description\":\"Avasta Plinko maailm! \u00d5pi m\u00e4ngureegleid, t\u00f5husaid strateegiaid ja edu saladusi. M\u00e4ngi Plinkot veebis ja naudi p\u00f5nevust.\",\"breadcrumb\":{\"@id\":\"https:\/\/plinko-game.win\/ee\/about-plinko\/#breadcrumb\"},\"inLanguage\":\"et\",\"potentialAction\":[{\"@type\":\"ReadAction\",\"target\":[\"https:\/\/plinko-game.win\/ee\/about-plinko\/\"]}]},{\"@type\":\"BreadcrumbList\",\"@id\":\"https:\/\/plinko-game.win\/ee\/about-plinko\/#breadcrumb\",\"itemListElement\":[{\"@type\":\"ListItem\",\"position\":1,\"name\":\"\u0413\u043b\u0430\u0432\u043d\u0430\u044f \u0441\u0442\u0440\u0430\u043d\u0438\u0446\u0430\",\"item\":\"https:\/\/plinko-game.win\/ee\/\"},{\"@type\":\"ListItem\",\"position\":2,\"name\":\"Plinko kohta\"}]},{\"@type\":\"WebSite\",\"@id\":\"https:\/\/plinko-game.win\/ee\/#website\",\"url\":\"https:\/\/plinko-game.win\/ee\/\",\"name\":\"plinko team EE\",\"description\":\"\",\"potentialAction\":[{\"@type\":\"SearchAction\",\"target\":{\"@type\":\"EntryPoint\",\"urlTemplate\":\"https:\/\/plinko-game.win\/ee\/?s={search_term_string}\"},\"query-input\":{\"@type\":\"PropertyValueSpecification\",\"valueRequired\":true,\"valueName\":\"search_term_string\"}}],\"inLanguage\":\"et\"}]}<\/script>\n<!-- \/ Yoast SEO plugin. -->","yoast_head_json":{"title":"Plinko m\u00e4ng > K\u00f5ik populaarse m\u00e4ngu kohta","description":"Avasta Plinko maailm! \u00d5pi m\u00e4ngureegleid, t\u00f5husaid strateegiaid ja edu saladusi. M\u00e4ngi Plinkot veebis ja naudi p\u00f5nevust.","robots":{"index":"index","follow":"follow","max-snippet":"max-snippet:-1","max-image-preview":"max-image-preview:large","max-video-preview":"max-video-preview:-1"},"og_locale":"et_EE","og_type":"article","og_title":"Plinko m\u00e4ng > K\u00f5ik populaarse m\u00e4ngu kohta","og_description":"Avasta Plinko maailm! \u00d5pi m\u00e4ngureegleid, t\u00f5husaid strateegiaid ja edu saladusi. M\u00e4ngi Plinkot veebis ja naudi p\u00f5nevust.","og_url":"https:\/\/plinko-game.win\/ee\/about-plinko\/","og_site_name":"plinko team EE","article_modified_time":"2025-08-22T08:08:12+00:00","twitter_card":"summary_large_image","schema":{"@context":"https:\/\/schema.org","@graph":[{"@type":"WebPage","@id":"https:\/\/plinko-game.win\/ee\/about-plinko\/","url":"https:\/\/plinko-game.win\/ee\/about-plinko\/","name":"Plinko m\u00e4ng > K\u00f5ik populaarse m\u00e4ngu kohta","isPartOf":{"@id":"https:\/\/plinko-game.win\/ee\/#website"},"datePublished":"2024-12-06T09:53:58+00:00","dateModified":"2025-08-22T08:08:12+00:00","description":"Avasta Plinko maailm! \u00d5pi m\u00e4ngureegleid, t\u00f5husaid strateegiaid ja edu saladusi. M\u00e4ngi Plinkot veebis ja naudi p\u00f5nevust.","breadcrumb":{"@id":"https:\/\/plinko-game.win\/ee\/about-plinko\/#breadcrumb"},"inLanguage":"et","potentialAction":[{"@type":"ReadAction","target":["https:\/\/plinko-game.win\/ee\/about-plinko\/"]}]},{"@type":"BreadcrumbList","@id":"https:\/\/plinko-game.win\/ee\/about-plinko\/#breadcrumb","itemListElement":[{"@type":"ListItem","position":1,"name":"\u0413\u043b\u0430\u0432\u043d\u0430\u044f \u0441\u0442\u0440\u0430\u043d\u0438\u0446\u0430","item":"https:\/\/plinko-game.win\/ee\/"},{"@type":"ListItem","position":2,"name":"Plinko kohta"}]},{"@type":"WebSite","@id":"https:\/\/plinko-game.win\/ee\/#website","url":"https:\/\/plinko-game.win\/ee\/","name":"plinko team EE","description":"","potentialAction":[{"@type":"SearchAction","target":{"@type":"EntryPoint","urlTemplate":"https:\/\/plinko-game.win\/ee\/?s={search_term_string}"},"query-input":{"@type":"PropertyValueSpecification","valueRequired":true,"valueName":"search_term_string"}}],"inLanguage":"et"}]}},"_links":{"self":[{"href":"https:\/\/plinko-game.win\/ee\/wp-json\/wp\/v2\/pages\/175","targetHints":{"allow":["GET"]}}],"collection":[{"href":"https:\/\/plinko-game.win\/ee\/wp-json\/wp\/v2\/pages"}],"about":[{"href":"https:\/\/plinko-game.win\/ee\/wp-json\/wp\/v2\/types\/page"}],"author":[{"embeddable":true,"href":"https:\/\/plinko-game.win\/ee\/wp-json\/wp\/v2\/users\/1"}],"replies":[{"embeddable":true,"href":"https:\/\/plinko-game.win\/ee\/wp-json\/wp\/v2\/comments?post=175"}],"version-history":[{"count":15,"href":"https:\/\/plinko-game.win\/ee\/wp-json\/wp\/v2\/pages\/175\/revisions"}],"predecessor-version":[{"id":348,"href":"https:\/\/plinko-game.win\/ee\/wp-json\/wp\/v2\/pages\/175\/revisions\/348"}],"wp:attachment":[{"href":"https:\/\/plinko-game.win\/ee\/wp-json\/wp\/v2\/media?parent=175"}],"curies":[{"name":"wp","href":"https:\/\/api.w.org\/{rel}","templated":true}]}}