{"id":186,"date":"2024-12-06T09:55:59","date_gmt":"2024-12-06T09:55:59","guid":{"rendered":"https:\/\/plinko-game.win\/ee\/?page_id=186"},"modified":"2025-08-22T10:19:11","modified_gmt":"2025-08-22T10:19:11","slug":"how-to-play-plinko","status":"publish","type":"page","link":"https:\/\/plinko-game.win\/ee\/how-to-play-plinko\/","title":{"rendered":"Kuidas Plinkot m\u00e4ngida"},"content":{"rendered":"","protected":false},"excerpt":{"rendered":"","protected":false},"author":1,"featured_media":0,"parent":0,"menu_order":0,"comment_status":"closed","ping_status":"closed","template":"","meta":{"footnotes":""},"class_list":["post-186","page","type-page","status-publish","hentry"],"yoast_head":"<!-- This site is optimized with the Yoast SEO plugin v23.9 - https:\/\/yoast.com\/wordpress\/plugins\/seo\/ -->\n<title>Kuidas m\u00e4ngida Plinkot &gt; juhend ja n\u00e4pun\u00e4ited v\u00f5itmiseks<\/title>\n<meta name=\"description\" content=\"\u00d5pi Plinkot m\u00e4ngima! Lihtne samm-sammult juhend, kasulikud n\u00e4pun\u00e4ited ja strateegiad oma v\u00f5iduv\u00f5imaluste suurendamiseks. Hakka kohe m\u00e4ngima!\" \/>\n<meta name=\"robots\" content=\"index, follow, max-snippet:-1, max-image-preview:large, max-video-preview:-1\" \/>\n<meta property=\"og:locale\" content=\"et_EE\" \/>\n<meta property=\"og:type\" content=\"article\" \/>\n<meta property=\"og:title\" content=\"Kuidas m\u00e4ngida Plinkot &gt; juhend ja n\u00e4pun\u00e4ited v\u00f5itmiseks\" \/>\n<meta property=\"og:description\" content=\"\u00d5pi Plinkot m\u00e4ngima! Lihtne samm-sammult juhend, kasulikud n\u00e4pun\u00e4ited ja strateegiad oma v\u00f5iduv\u00f5imaluste suurendamiseks. Hakka kohe m\u00e4ngima!\" \/>\n<meta property=\"og:url\" content=\"https:\/\/plinko-game.win\/ee\/how-to-play-plinko\/\" \/>\n<meta property=\"og:site_name\" content=\"plinko team EE\" \/>\n<meta property=\"article:modified_time\" content=\"2025-08-22T10:19:11+00:00\" \/>\n<meta name=\"twitter:card\" content=\"summary_large_image\" \/>\n<script type=\"application\/ld+json\" class=\"yoast-schema-graph\">{\"@context\":\"https:\/\/schema.org\",\"@graph\":[{\"@type\":\"WebPage\",\"@id\":\"https:\/\/plinko-game.win\/ee\/how-to-play-plinko\/\",\"url\":\"https:\/\/plinko-game.win\/ee\/how-to-play-plinko\/\",\"name\":\"Kuidas m\u00e4ngida Plinkot > juhend ja n\u00e4pun\u00e4ited v\u00f5itmiseks\",\"isPartOf\":{\"@id\":\"https:\/\/plinko-game.win\/ee\/#website\"},\"datePublished\":\"2024-12-06T09:55:59+00:00\",\"dateModified\":\"2025-08-22T10:19:11+00:00\",\"description\":\"\u00d5pi Plinkot m\u00e4ngima! Lihtne samm-sammult juhend, kasulikud n\u00e4pun\u00e4ited ja strateegiad oma v\u00f5iduv\u00f5imaluste suurendamiseks. Hakka kohe m\u00e4ngima!\",\"breadcrumb\":{\"@id\":\"https:\/\/plinko-game.win\/ee\/how-to-play-plinko\/#breadcrumb\"},\"inLanguage\":\"et\",\"potentialAction\":[{\"@type\":\"ReadAction\",\"target\":[\"https:\/\/plinko-game.win\/ee\/how-to-play-plinko\/\"]}]},{\"@type\":\"BreadcrumbList\",\"@id\":\"https:\/\/plinko-game.win\/ee\/how-to-play-plinko\/#breadcrumb\",\"itemListElement\":[{\"@type\":\"ListItem\",\"position\":1,\"name\":\"\u0413\u043b\u0430\u0432\u043d\u0430\u044f \u0441\u0442\u0440\u0430\u043d\u0438\u0446\u0430\",\"item\":\"https:\/\/plinko-game.win\/ee\/\"},{\"@type\":\"ListItem\",\"position\":2,\"name\":\"Kuidas Plinkot m\u00e4ngida\"}]},{\"@type\":\"WebSite\",\"@id\":\"https:\/\/plinko-game.win\/ee\/#website\",\"url\":\"https:\/\/plinko-game.win\/ee\/\",\"name\":\"plinko team EE\",\"description\":\"\",\"potentialAction\":[{\"@type\":\"SearchAction\",\"target\":{\"@type\":\"EntryPoint\",\"urlTemplate\":\"https:\/\/plinko-game.win\/ee\/?s={search_term_string}\"},\"query-input\":{\"@type\":\"PropertyValueSpecification\",\"valueRequired\":true,\"valueName\":\"search_term_string\"}}],\"inLanguage\":\"et\"}]}<\/script>\n<!-- \/ Yoast SEO plugin. -->","yoast_head_json":{"title":"Kuidas m\u00e4ngida Plinkot > juhend ja n\u00e4pun\u00e4ited v\u00f5itmiseks","description":"\u00d5pi Plinkot m\u00e4ngima! Lihtne samm-sammult juhend, kasulikud n\u00e4pun\u00e4ited ja strateegiad oma v\u00f5iduv\u00f5imaluste suurendamiseks. Hakka kohe m\u00e4ngima!","robots":{"index":"index","follow":"follow","max-snippet":"max-snippet:-1","max-image-preview":"max-image-preview:large","max-video-preview":"max-video-preview:-1"},"og_locale":"et_EE","og_type":"article","og_title":"Kuidas m\u00e4ngida Plinkot > juhend ja n\u00e4pun\u00e4ited v\u00f5itmiseks","og_description":"\u00d5pi Plinkot m\u00e4ngima! Lihtne samm-sammult juhend, kasulikud n\u00e4pun\u00e4ited ja strateegiad oma v\u00f5iduv\u00f5imaluste suurendamiseks. Hakka kohe m\u00e4ngima!","og_url":"https:\/\/plinko-game.win\/ee\/how-to-play-plinko\/","og_site_name":"plinko team EE","article_modified_time":"2025-08-22T10:19:11+00:00","twitter_card":"summary_large_image","schema":{"@context":"https:\/\/schema.org","@graph":[{"@type":"WebPage","@id":"https:\/\/plinko-game.win\/ee\/how-to-play-plinko\/","url":"https:\/\/plinko-game.win\/ee\/how-to-play-plinko\/","name":"Kuidas m\u00e4ngida Plinkot > juhend ja n\u00e4pun\u00e4ited v\u00f5itmiseks","isPartOf":{"@id":"https:\/\/plinko-game.win\/ee\/#website"},"datePublished":"2024-12-06T09:55:59+00:00","dateModified":"2025-08-22T10:19:11+00:00","description":"\u00d5pi Plinkot m\u00e4ngima! Lihtne samm-sammult juhend, kasulikud n\u00e4pun\u00e4ited ja strateegiad oma v\u00f5iduv\u00f5imaluste suurendamiseks. Hakka kohe m\u00e4ngima!","breadcrumb":{"@id":"https:\/\/plinko-game.win\/ee\/how-to-play-plinko\/#breadcrumb"},"inLanguage":"et","potentialAction":[{"@type":"ReadAction","target":["https:\/\/plinko-game.win\/ee\/how-to-play-plinko\/"]}]},{"@type":"BreadcrumbList","@id":"https:\/\/plinko-game.win\/ee\/how-to-play-plinko\/#breadcrumb","itemListElement":[{"@type":"ListItem","position":1,"name":"\u0413\u043b\u0430\u0432\u043d\u0430\u044f \u0441\u0442\u0440\u0430\u043d\u0438\u0446\u0430","item":"https:\/\/plinko-game.win\/ee\/"},{"@type":"ListItem","position":2,"name":"Kuidas Plinkot m\u00e4ngida"}]},{"@type":"WebSite","@id":"https:\/\/plinko-game.win\/ee\/#website","url":"https:\/\/plinko-game.win\/ee\/","name":"plinko team EE","description":"","potentialAction":[{"@type":"SearchAction","target":{"@type":"EntryPoint","urlTemplate":"https:\/\/plinko-game.win\/ee\/?s={search_term_string}"},"query-input":{"@type":"PropertyValueSpecification","valueRequired":true,"valueName":"search_term_string"}}],"inLanguage":"et"}]}},"_links":{"self":[{"href":"https:\/\/plinko-game.win\/ee\/wp-json\/wp\/v2\/pages\/186","targetHints":{"allow":["GET"]}}],"collection":[{"href":"https:\/\/plinko-game.win\/ee\/wp-json\/wp\/v2\/pages"}],"about":[{"href":"https:\/\/plinko-game.win\/ee\/wp-json\/wp\/v2\/types\/page"}],"author":[{"embeddable":true,"href":"https:\/\/plinko-game.win\/ee\/wp-json\/wp\/v2\/users\/1"}],"replies":[{"embeddable":true,"href":"https:\/\/plinko-game.win\/ee\/wp-json\/wp\/v2\/comments?post=186"}],"version-history":[{"count":12,"href":"https:\/\/plinko-game.win\/ee\/wp-json\/wp\/v2\/pages\/186\/revisions"}],"predecessor-version":[{"id":350,"href":"https:\/\/plinko-game.win\/ee\/wp-json\/wp\/v2\/pages\/186\/revisions\/350"}],"wp:attachment":[{"href":"https:\/\/plinko-game.win\/ee\/wp-json\/wp\/v2\/media?parent=186"}],"curies":[{"name":"wp","href":"https:\/\/api.w.org\/{rel}","templated":true}]}}