{"id":224,"date":"2024-12-06T10:31:46","date_gmt":"2024-12-06T10:31:46","guid":{"rendered":"https:\/\/plinko-game.win\/ee\/?page_id=224"},"modified":"2025-08-22T13:21:31","modified_gmt":"2025-08-22T13:21:31","slug":"apk","status":"publish","type":"page","link":"https:\/\/plinko-game.win\/ee\/apk\/","title":{"rendered":"APK"},"content":{"rendered":"","protected":false},"excerpt":{"rendered":"","protected":false},"author":1,"featured_media":0,"parent":0,"menu_order":0,"comment_status":"closed","ping_status":"closed","template":"","meta":{"footnotes":""},"class_list":["post-224","page","type-page","status-publish","hentry"],"yoast_head":"<!-- This site is optimized with the Yoast SEO plugin v23.9 - https:\/\/yoast.com\/wordpress\/plugins\/seo\/ -->\n<title>Plinko APK &gt; Laadige alla ja m\u00e4ngige Androidis tasuta<\/title>\n<meta name=\"description\" content=\"Laadige alla Plinko APK Androidile! Ligip\u00e4\u00e4s m\u00e4ngule h\u00f5lpsalt igal ajal ja igal pool. M\u00e4ngige Plinkot otse oma telefonist.\" \/>\n<meta name=\"robots\" content=\"index, follow, max-snippet:-1, max-image-preview:large, max-video-preview:-1\" \/>\n<meta property=\"og:locale\" content=\"et_EE\" \/>\n<meta property=\"og:type\" content=\"article\" \/>\n<meta property=\"og:title\" content=\"Plinko APK &gt; Laadige alla ja m\u00e4ngige Androidis tasuta\" \/>\n<meta property=\"og:description\" content=\"Laadige alla Plinko APK Androidile! Ligip\u00e4\u00e4s m\u00e4ngule h\u00f5lpsalt igal ajal ja igal pool. M\u00e4ngige Plinkot otse oma telefonist.\" \/>\n<meta property=\"og:url\" content=\"https:\/\/plinko-game.win\/ee\/apk\/\" \/>\n<meta property=\"og:site_name\" content=\"plinko team EE\" \/>\n<meta property=\"article:modified_time\" content=\"2025-08-22T13:21:31+00:00\" \/>\n<meta name=\"twitter:card\" content=\"summary_large_image\" \/>\n<script type=\"application\/ld+json\" class=\"yoast-schema-graph\">{\"@context\":\"https:\/\/schema.org\",\"@graph\":[{\"@type\":\"WebPage\",\"@id\":\"https:\/\/plinko-game.win\/ee\/apk\/\",\"url\":\"https:\/\/plinko-game.win\/ee\/apk\/\",\"name\":\"Plinko APK > Laadige alla ja m\u00e4ngige Androidis tasuta\",\"isPartOf\":{\"@id\":\"https:\/\/plinko-game.win\/ee\/#website\"},\"datePublished\":\"2024-12-06T10:31:46+00:00\",\"dateModified\":\"2025-08-22T13:21:31+00:00\",\"description\":\"Laadige alla Plinko APK Androidile! Ligip\u00e4\u00e4s m\u00e4ngule h\u00f5lpsalt igal ajal ja igal pool. M\u00e4ngige Plinkot otse oma telefonist.\",\"breadcrumb\":{\"@id\":\"https:\/\/plinko-game.win\/ee\/apk\/#breadcrumb\"},\"inLanguage\":\"et\",\"potentialAction\":[{\"@type\":\"ReadAction\",\"target\":[\"https:\/\/plinko-game.win\/ee\/apk\/\"]}]},{\"@type\":\"BreadcrumbList\",\"@id\":\"https:\/\/plinko-game.win\/ee\/apk\/#breadcrumb\",\"itemListElement\":[{\"@type\":\"ListItem\",\"position\":1,\"name\":\"\u0413\u043b\u0430\u0432\u043d\u0430\u044f \u0441\u0442\u0440\u0430\u043d\u0438\u0446\u0430\",\"item\":\"https:\/\/plinko-game.win\/ee\/\"},{\"@type\":\"ListItem\",\"position\":2,\"name\":\"APK\"}]},{\"@type\":\"WebSite\",\"@id\":\"https:\/\/plinko-game.win\/ee\/#website\",\"url\":\"https:\/\/plinko-game.win\/ee\/\",\"name\":\"plinko team EE\",\"description\":\"\",\"potentialAction\":[{\"@type\":\"SearchAction\",\"target\":{\"@type\":\"EntryPoint\",\"urlTemplate\":\"https:\/\/plinko-game.win\/ee\/?s={search_term_string}\"},\"query-input\":{\"@type\":\"PropertyValueSpecification\",\"valueRequired\":true,\"valueName\":\"search_term_string\"}}],\"inLanguage\":\"et\"}]}<\/script>\n<!-- \/ Yoast SEO plugin. -->","yoast_head_json":{"title":"Plinko APK > Laadige alla ja m\u00e4ngige Androidis tasuta","description":"Laadige alla Plinko APK Androidile! Ligip\u00e4\u00e4s m\u00e4ngule h\u00f5lpsalt igal ajal ja igal pool. M\u00e4ngige Plinkot otse oma telefonist.","robots":{"index":"index","follow":"follow","max-snippet":"max-snippet:-1","max-image-preview":"max-image-preview:large","max-video-preview":"max-video-preview:-1"},"og_locale":"et_EE","og_type":"article","og_title":"Plinko APK > Laadige alla ja m\u00e4ngige Androidis tasuta","og_description":"Laadige alla Plinko APK Androidile! Ligip\u00e4\u00e4s m\u00e4ngule h\u00f5lpsalt igal ajal ja igal pool. M\u00e4ngige Plinkot otse oma telefonist.","og_url":"https:\/\/plinko-game.win\/ee\/apk\/","og_site_name":"plinko team EE","article_modified_time":"2025-08-22T13:21:31+00:00","twitter_card":"summary_large_image","schema":{"@context":"https:\/\/schema.org","@graph":[{"@type":"WebPage","@id":"https:\/\/plinko-game.win\/ee\/apk\/","url":"https:\/\/plinko-game.win\/ee\/apk\/","name":"Plinko APK > Laadige alla ja m\u00e4ngige Androidis tasuta","isPartOf":{"@id":"https:\/\/plinko-game.win\/ee\/#website"},"datePublished":"2024-12-06T10:31:46+00:00","dateModified":"2025-08-22T13:21:31+00:00","description":"Laadige alla Plinko APK Androidile! Ligip\u00e4\u00e4s m\u00e4ngule h\u00f5lpsalt igal ajal ja igal pool. M\u00e4ngige Plinkot otse oma telefonist.","breadcrumb":{"@id":"https:\/\/plinko-game.win\/ee\/apk\/#breadcrumb"},"inLanguage":"et","potentialAction":[{"@type":"ReadAction","target":["https:\/\/plinko-game.win\/ee\/apk\/"]}]},{"@type":"BreadcrumbList","@id":"https:\/\/plinko-game.win\/ee\/apk\/#breadcrumb","itemListElement":[{"@type":"ListItem","position":1,"name":"\u0413\u043b\u0430\u0432\u043d\u0430\u044f \u0441\u0442\u0440\u0430\u043d\u0438\u0446\u0430","item":"https:\/\/plinko-game.win\/ee\/"},{"@type":"ListItem","position":2,"name":"APK"}]},{"@type":"WebSite","@id":"https:\/\/plinko-game.win\/ee\/#website","url":"https:\/\/plinko-game.win\/ee\/","name":"plinko team EE","description":"","potentialAction":[{"@type":"SearchAction","target":{"@type":"EntryPoint","urlTemplate":"https:\/\/plinko-game.win\/ee\/?s={search_term_string}"},"query-input":{"@type":"PropertyValueSpecification","valueRequired":true,"valueName":"search_term_string"}}],"inLanguage":"et"}]}},"_links":{"self":[{"href":"https:\/\/plinko-game.win\/ee\/wp-json\/wp\/v2\/pages\/224","targetHints":{"allow":["GET"]}}],"collection":[{"href":"https:\/\/plinko-game.win\/ee\/wp-json\/wp\/v2\/pages"}],"about":[{"href":"https:\/\/plinko-game.win\/ee\/wp-json\/wp\/v2\/types\/page"}],"author":[{"embeddable":true,"href":"https:\/\/plinko-game.win\/ee\/wp-json\/wp\/v2\/users\/1"}],"replies":[{"embeddable":true,"href":"https:\/\/plinko-game.win\/ee\/wp-json\/wp\/v2\/comments?post=224"}],"version-history":[{"count":10,"href":"https:\/\/plinko-game.win\/ee\/wp-json\/wp\/v2\/pages\/224\/revisions"}],"predecessor-version":[{"id":362,"href":"https:\/\/plinko-game.win\/ee\/wp-json\/wp\/v2\/pages\/224\/revisions\/362"}],"wp:attachment":[{"href":"https:\/\/plinko-game.win\/ee\/wp-json\/wp\/v2\/media?parent=224"}],"curies":[{"name":"wp","href":"https:\/\/api.w.org\/{rel}","templated":true}]}}