{"id":232,"date":"2024-12-06T10:33:06","date_gmt":"2024-12-06T10:33:06","guid":{"rendered":"https:\/\/plinko-game.win\/ee\/?page_id=232"},"modified":"2025-08-22T13:01:24","modified_gmt":"2025-08-22T13:01:24","slug":"how-to-play-for-money","status":"publish","type":"page","link":"https:\/\/plinko-game.win\/ee\/how-to-play-for-money\/","title":{"rendered":"Kuidas raha peale m\u00e4ngida"},"content":{"rendered":"","protected":false},"excerpt":{"rendered":"","protected":false},"author":1,"featured_media":0,"parent":0,"menu_order":0,"comment_status":"closed","ping_status":"closed","template":"","meta":{"footnotes":""},"class_list":["post-232","page","type-page","status-publish","hentry"],"yoast_head":"<!-- This site is optimized with the Yoast SEO plugin v23.9 - https:\/\/yoast.com\/wordpress\/plugins\/seo\/ -->\n<title>Plinko kasiino &gt; M\u00e4ngi ja v\u00f5ida ainulaadses online-m\u00e4ngus<\/title>\n<meta name=\"description\" content=\"Tere tulemast Plinko kasiinosse! P\u00f5nevad m\u00e4ngud, boonused ja v\u00f5imalus oma \u00f5nne proovida. M\u00e4ngi Plinkot veebis ja naudi p\u00f5nevust!\" \/>\n<meta name=\"robots\" content=\"index, follow, max-snippet:-1, max-image-preview:large, max-video-preview:-1\" \/>\n<meta property=\"og:locale\" content=\"et_EE\" \/>\n<meta property=\"og:type\" content=\"article\" \/>\n<meta property=\"og:title\" content=\"Plinko kasiino &gt; M\u00e4ngi ja v\u00f5ida ainulaadses online-m\u00e4ngus\" \/>\n<meta property=\"og:description\" content=\"Tere tulemast Plinko kasiinosse! P\u00f5nevad m\u00e4ngud, boonused ja v\u00f5imalus oma \u00f5nne proovida. M\u00e4ngi Plinkot veebis ja naudi p\u00f5nevust!\" \/>\n<meta property=\"og:url\" content=\"https:\/\/plinko-game.win\/ee\/how-to-play-for-money\/\" \/>\n<meta property=\"og:site_name\" content=\"plinko team EE\" \/>\n<meta property=\"article:modified_time\" content=\"2025-08-22T13:01:24+00:00\" \/>\n<meta name=\"twitter:card\" content=\"summary_large_image\" \/>\n<script type=\"application\/ld+json\" class=\"yoast-schema-graph\">{\"@context\":\"https:\/\/schema.org\",\"@graph\":[{\"@type\":\"WebPage\",\"@id\":\"https:\/\/plinko-game.win\/ee\/how-to-play-for-money\/\",\"url\":\"https:\/\/plinko-game.win\/ee\/how-to-play-for-money\/\",\"name\":\"Plinko kasiino > M\u00e4ngi ja v\u00f5ida ainulaadses online-m\u00e4ngus\",\"isPartOf\":{\"@id\":\"https:\/\/plinko-game.win\/ee\/#website\"},\"datePublished\":\"2024-12-06T10:33:06+00:00\",\"dateModified\":\"2025-08-22T13:01:24+00:00\",\"description\":\"Tere tulemast Plinko kasiinosse! P\u00f5nevad m\u00e4ngud, boonused ja v\u00f5imalus oma \u00f5nne proovida. M\u00e4ngi Plinkot veebis ja naudi p\u00f5nevust!\",\"breadcrumb\":{\"@id\":\"https:\/\/plinko-game.win\/ee\/how-to-play-for-money\/#breadcrumb\"},\"inLanguage\":\"et\",\"potentialAction\":[{\"@type\":\"ReadAction\",\"target\":[\"https:\/\/plinko-game.win\/ee\/how-to-play-for-money\/\"]}]},{\"@type\":\"BreadcrumbList\",\"@id\":\"https:\/\/plinko-game.win\/ee\/how-to-play-for-money\/#breadcrumb\",\"itemListElement\":[{\"@type\":\"ListItem\",\"position\":1,\"name\":\"\u0413\u043b\u0430\u0432\u043d\u0430\u044f \u0441\u0442\u0440\u0430\u043d\u0438\u0446\u0430\",\"item\":\"https:\/\/plinko-game.win\/ee\/\"},{\"@type\":\"ListItem\",\"position\":2,\"name\":\"Kuidas raha peale m\u00e4ngida\"}]},{\"@type\":\"WebSite\",\"@id\":\"https:\/\/plinko-game.win\/ee\/#website\",\"url\":\"https:\/\/plinko-game.win\/ee\/\",\"name\":\"plinko team EE\",\"description\":\"\",\"potentialAction\":[{\"@type\":\"SearchAction\",\"target\":{\"@type\":\"EntryPoint\",\"urlTemplate\":\"https:\/\/plinko-game.win\/ee\/?s={search_term_string}\"},\"query-input\":{\"@type\":\"PropertyValueSpecification\",\"valueRequired\":true,\"valueName\":\"search_term_string\"}}],\"inLanguage\":\"et\"}]}<\/script>\n<!-- \/ Yoast SEO plugin. -->","yoast_head_json":{"title":"Plinko kasiino > M\u00e4ngi ja v\u00f5ida ainulaadses online-m\u00e4ngus","description":"Tere tulemast Plinko kasiinosse! P\u00f5nevad m\u00e4ngud, boonused ja v\u00f5imalus oma \u00f5nne proovida. M\u00e4ngi Plinkot veebis ja naudi p\u00f5nevust!","robots":{"index":"index","follow":"follow","max-snippet":"max-snippet:-1","max-image-preview":"max-image-preview:large","max-video-preview":"max-video-preview:-1"},"og_locale":"et_EE","og_type":"article","og_title":"Plinko kasiino > M\u00e4ngi ja v\u00f5ida ainulaadses online-m\u00e4ngus","og_description":"Tere tulemast Plinko kasiinosse! P\u00f5nevad m\u00e4ngud, boonused ja v\u00f5imalus oma \u00f5nne proovida. M\u00e4ngi Plinkot veebis ja naudi p\u00f5nevust!","og_url":"https:\/\/plinko-game.win\/ee\/how-to-play-for-money\/","og_site_name":"plinko team EE","article_modified_time":"2025-08-22T13:01:24+00:00","twitter_card":"summary_large_image","schema":{"@context":"https:\/\/schema.org","@graph":[{"@type":"WebPage","@id":"https:\/\/plinko-game.win\/ee\/how-to-play-for-money\/","url":"https:\/\/plinko-game.win\/ee\/how-to-play-for-money\/","name":"Plinko kasiino > M\u00e4ngi ja v\u00f5ida ainulaadses online-m\u00e4ngus","isPartOf":{"@id":"https:\/\/plinko-game.win\/ee\/#website"},"datePublished":"2024-12-06T10:33:06+00:00","dateModified":"2025-08-22T13:01:24+00:00","description":"Tere tulemast Plinko kasiinosse! P\u00f5nevad m\u00e4ngud, boonused ja v\u00f5imalus oma \u00f5nne proovida. M\u00e4ngi Plinkot veebis ja naudi p\u00f5nevust!","breadcrumb":{"@id":"https:\/\/plinko-game.win\/ee\/how-to-play-for-money\/#breadcrumb"},"inLanguage":"et","potentialAction":[{"@type":"ReadAction","target":["https:\/\/plinko-game.win\/ee\/how-to-play-for-money\/"]}]},{"@type":"BreadcrumbList","@id":"https:\/\/plinko-game.win\/ee\/how-to-play-for-money\/#breadcrumb","itemListElement":[{"@type":"ListItem","position":1,"name":"\u0413\u043b\u0430\u0432\u043d\u0430\u044f \u0441\u0442\u0440\u0430\u043d\u0438\u0446\u0430","item":"https:\/\/plinko-game.win\/ee\/"},{"@type":"ListItem","position":2,"name":"Kuidas raha peale m\u00e4ngida"}]},{"@type":"WebSite","@id":"https:\/\/plinko-game.win\/ee\/#website","url":"https:\/\/plinko-game.win\/ee\/","name":"plinko team EE","description":"","potentialAction":[{"@type":"SearchAction","target":{"@type":"EntryPoint","urlTemplate":"https:\/\/plinko-game.win\/ee\/?s={search_term_string}"},"query-input":{"@type":"PropertyValueSpecification","valueRequired":true,"valueName":"search_term_string"}}],"inLanguage":"et"}]}},"_links":{"self":[{"href":"https:\/\/plinko-game.win\/ee\/wp-json\/wp\/v2\/pages\/232","targetHints":{"allow":["GET"]}}],"collection":[{"href":"https:\/\/plinko-game.win\/ee\/wp-json\/wp\/v2\/pages"}],"about":[{"href":"https:\/\/plinko-game.win\/ee\/wp-json\/wp\/v2\/types\/page"}],"author":[{"embeddable":true,"href":"https:\/\/plinko-game.win\/ee\/wp-json\/wp\/v2\/users\/1"}],"replies":[{"embeddable":true,"href":"https:\/\/plinko-game.win\/ee\/wp-json\/wp\/v2\/comments?post=232"}],"version-history":[{"count":11,"href":"https:\/\/plinko-game.win\/ee\/wp-json\/wp\/v2\/pages\/232\/revisions"}],"predecessor-version":[{"id":357,"href":"https:\/\/plinko-game.win\/ee\/wp-json\/wp\/v2\/pages\/232\/revisions\/357"}],"wp:attachment":[{"href":"https:\/\/plinko-game.win\/ee\/wp-json\/wp\/v2\/media?parent=232"}],"curies":[{"name":"wp","href":"https:\/\/api.w.org\/{rel}","templated":true}]}}