{"id":235,"date":"2024-12-06T10:33:21","date_gmt":"2024-12-06T10:33:21","guid":{"rendered":"https:\/\/plinko-game.win\/ee\/?page_id=235"},"modified":"2025-08-22T10:58:42","modified_gmt":"2025-08-22T10:58:42","slug":"strategies-and-tips","status":"publish","type":"page","link":"https:\/\/plinko-game.win\/ee\/strategies-and-tips\/","title":{"rendered":"Strateegiad ja n\u00e4pun\u00e4ited"},"content":{"rendered":"","protected":false},"excerpt":{"rendered":"","protected":false},"author":1,"featured_media":0,"parent":0,"menu_order":0,"comment_status":"closed","ping_status":"closed","template":"","meta":{"footnotes":""},"class_list":["post-235","page","type-page","status-publish","hentry"],"yoast_head":"<!-- This site is optimized with the Yoast SEO plugin v23.9 - https:\/\/yoast.com\/wordpress\/plugins\/seo\/ -->\n<title>Plinko strateegia &gt; Kuidas oma v\u00f5iduv\u00f5imalusi maksimeerida<\/title>\n<meta name=\"description\" content=\"\u00d5pi parimaid Plinko m\u00e4ngimise strateegiaid! N\u00e4pun\u00e4ited, saladused ja taktikad - saa kohe Plinko meistriks! V\u00f5ida suurelt!\" \/>\n<meta name=\"robots\" content=\"index, follow, max-snippet:-1, max-image-preview:large, max-video-preview:-1\" \/>\n<meta property=\"og:locale\" content=\"et_EE\" \/>\n<meta property=\"og:type\" content=\"article\" \/>\n<meta property=\"og:title\" content=\"Plinko strateegia &gt; Kuidas oma v\u00f5iduv\u00f5imalusi maksimeerida\" \/>\n<meta property=\"og:description\" content=\"\u00d5pi parimaid Plinko m\u00e4ngimise strateegiaid! N\u00e4pun\u00e4ited, saladused ja taktikad - saa kohe Plinko meistriks! V\u00f5ida suurelt!\" \/>\n<meta property=\"og:url\" content=\"https:\/\/plinko-game.win\/ee\/strategies-and-tips\/\" \/>\n<meta property=\"og:site_name\" content=\"plinko team EE\" \/>\n<meta property=\"article:modified_time\" content=\"2025-08-22T10:58:42+00:00\" \/>\n<meta name=\"twitter:card\" content=\"summary_large_image\" \/>\n<script type=\"application\/ld+json\" class=\"yoast-schema-graph\">{\"@context\":\"https:\/\/schema.org\",\"@graph\":[{\"@type\":\"WebPage\",\"@id\":\"https:\/\/plinko-game.win\/ee\/strategies-and-tips\/\",\"url\":\"https:\/\/plinko-game.win\/ee\/strategies-and-tips\/\",\"name\":\"Plinko strateegia > Kuidas oma v\u00f5iduv\u00f5imalusi maksimeerida\",\"isPartOf\":{\"@id\":\"https:\/\/plinko-game.win\/ee\/#website\"},\"datePublished\":\"2024-12-06T10:33:21+00:00\",\"dateModified\":\"2025-08-22T10:58:42+00:00\",\"description\":\"\u00d5pi parimaid Plinko m\u00e4ngimise strateegiaid! N\u00e4pun\u00e4ited, saladused ja taktikad - saa kohe Plinko meistriks! V\u00f5ida suurelt!\",\"breadcrumb\":{\"@id\":\"https:\/\/plinko-game.win\/ee\/strategies-and-tips\/#breadcrumb\"},\"inLanguage\":\"et\",\"potentialAction\":[{\"@type\":\"ReadAction\",\"target\":[\"https:\/\/plinko-game.win\/ee\/strategies-and-tips\/\"]}]},{\"@type\":\"BreadcrumbList\",\"@id\":\"https:\/\/plinko-game.win\/ee\/strategies-and-tips\/#breadcrumb\",\"itemListElement\":[{\"@type\":\"ListItem\",\"position\":1,\"name\":\"\u0413\u043b\u0430\u0432\u043d\u0430\u044f \u0441\u0442\u0440\u0430\u043d\u0438\u0446\u0430\",\"item\":\"https:\/\/plinko-game.win\/ee\/\"},{\"@type\":\"ListItem\",\"position\":2,\"name\":\"Strateegiad ja n\u00e4pun\u00e4ited\"}]},{\"@type\":\"WebSite\",\"@id\":\"https:\/\/plinko-game.win\/ee\/#website\",\"url\":\"https:\/\/plinko-game.win\/ee\/\",\"name\":\"plinko team EE\",\"description\":\"\",\"potentialAction\":[{\"@type\":\"SearchAction\",\"target\":{\"@type\":\"EntryPoint\",\"urlTemplate\":\"https:\/\/plinko-game.win\/ee\/?s={search_term_string}\"},\"query-input\":{\"@type\":\"PropertyValueSpecification\",\"valueRequired\":true,\"valueName\":\"search_term_string\"}}],\"inLanguage\":\"et\"}]}<\/script>\n<!-- \/ Yoast SEO plugin. -->","yoast_head_json":{"title":"Plinko strateegia > Kuidas oma v\u00f5iduv\u00f5imalusi maksimeerida","description":"\u00d5pi parimaid Plinko m\u00e4ngimise strateegiaid! N\u00e4pun\u00e4ited, saladused ja taktikad - saa kohe Plinko meistriks! V\u00f5ida suurelt!","robots":{"index":"index","follow":"follow","max-snippet":"max-snippet:-1","max-image-preview":"max-image-preview:large","max-video-preview":"max-video-preview:-1"},"og_locale":"et_EE","og_type":"article","og_title":"Plinko strateegia > Kuidas oma v\u00f5iduv\u00f5imalusi maksimeerida","og_description":"\u00d5pi parimaid Plinko m\u00e4ngimise strateegiaid! N\u00e4pun\u00e4ited, saladused ja taktikad - saa kohe Plinko meistriks! V\u00f5ida suurelt!","og_url":"https:\/\/plinko-game.win\/ee\/strategies-and-tips\/","og_site_name":"plinko team EE","article_modified_time":"2025-08-22T10:58:42+00:00","twitter_card":"summary_large_image","schema":{"@context":"https:\/\/schema.org","@graph":[{"@type":"WebPage","@id":"https:\/\/plinko-game.win\/ee\/strategies-and-tips\/","url":"https:\/\/plinko-game.win\/ee\/strategies-and-tips\/","name":"Plinko strateegia > Kuidas oma v\u00f5iduv\u00f5imalusi maksimeerida","isPartOf":{"@id":"https:\/\/plinko-game.win\/ee\/#website"},"datePublished":"2024-12-06T10:33:21+00:00","dateModified":"2025-08-22T10:58:42+00:00","description":"\u00d5pi parimaid Plinko m\u00e4ngimise strateegiaid! N\u00e4pun\u00e4ited, saladused ja taktikad - saa kohe Plinko meistriks! V\u00f5ida suurelt!","breadcrumb":{"@id":"https:\/\/plinko-game.win\/ee\/strategies-and-tips\/#breadcrumb"},"inLanguage":"et","potentialAction":[{"@type":"ReadAction","target":["https:\/\/plinko-game.win\/ee\/strategies-and-tips\/"]}]},{"@type":"BreadcrumbList","@id":"https:\/\/plinko-game.win\/ee\/strategies-and-tips\/#breadcrumb","itemListElement":[{"@type":"ListItem","position":1,"name":"\u0413\u043b\u0430\u0432\u043d\u0430\u044f \u0441\u0442\u0440\u0430\u043d\u0438\u0446\u0430","item":"https:\/\/plinko-game.win\/ee\/"},{"@type":"ListItem","position":2,"name":"Strateegiad ja n\u00e4pun\u00e4ited"}]},{"@type":"WebSite","@id":"https:\/\/plinko-game.win\/ee\/#website","url":"https:\/\/plinko-game.win\/ee\/","name":"plinko team EE","description":"","potentialAction":[{"@type":"SearchAction","target":{"@type":"EntryPoint","urlTemplate":"https:\/\/plinko-game.win\/ee\/?s={search_term_string}"},"query-input":{"@type":"PropertyValueSpecification","valueRequired":true,"valueName":"search_term_string"}}],"inLanguage":"et"}]}},"_links":{"self":[{"href":"https:\/\/plinko-game.win\/ee\/wp-json\/wp\/v2\/pages\/235","targetHints":{"allow":["GET"]}}],"collection":[{"href":"https:\/\/plinko-game.win\/ee\/wp-json\/wp\/v2\/pages"}],"about":[{"href":"https:\/\/plinko-game.win\/ee\/wp-json\/wp\/v2\/types\/page"}],"author":[{"embeddable":true,"href":"https:\/\/plinko-game.win\/ee\/wp-json\/wp\/v2\/users\/1"}],"replies":[{"embeddable":true,"href":"https:\/\/plinko-game.win\/ee\/wp-json\/wp\/v2\/comments?post=235"}],"version-history":[{"count":12,"href":"https:\/\/plinko-game.win\/ee\/wp-json\/wp\/v2\/pages\/235\/revisions"}],"predecessor-version":[{"id":355,"href":"https:\/\/plinko-game.win\/ee\/wp-json\/wp\/v2\/pages\/235\/revisions\/355"}],"wp:attachment":[{"href":"https:\/\/plinko-game.win\/ee\/wp-json\/wp\/v2\/media?parent=235"}],"curies":[{"name":"wp","href":"https:\/\/api.w.org\/{rel}","templated":true}]}}