{"id":175,"date":"2024-12-06T09:53:58","date_gmt":"2024-12-06T09:53:58","guid":{"rendered":"https:\/\/plinko-game.win\/fi\/?page_id=175"},"modified":"2025-04-03T08:02:21","modified_gmt":"2025-04-03T08:02:21","slug":"about-plinko","status":"publish","type":"page","link":"https:\/\/plinko-game.win\/fi\/about-plinko\/","title":{"rendered":"Tietoja Plinkosta"},"content":{"rendered":"<p>&nbsp;<\/p>\n<p>&nbsp;<\/p>\n<p>&nbsp;<\/p>\n","protected":false},"excerpt":{"rendered":"<p>&nbsp; &nbsp; &nbsp;<\/p>\n","protected":false},"author":1,"featured_media":0,"parent":0,"menu_order":0,"comment_status":"closed","ping_status":"closed","template":"","meta":{"footnotes":""},"class_list":["post-175","page","type-page","status-publish","hentry"],"yoast_head":"<!-- This site is optimized with the Yoast SEO plugin v23.9 - https:\/\/yoast.com\/wordpress\/plugins\/seo\/ -->\n<title>Plinko-peli &gt; Kaikki suositusta pelist\u00e4 | Strategiat ja salaisuudet<\/title>\n<meta name=\"description\" content=\"Tutustu Plinkon maailmaan! Opi pelin s\u00e4\u00e4nn\u00f6t, tehokkaat strategiat ja menestyksen salaisuudet. Pelaa Plinkoa verkossa ja nauti j\u00e4nnityksest\u00e4.\" \/>\n<meta name=\"robots\" content=\"index, follow, max-snippet:-1, max-image-preview:large, max-video-preview:-1\" \/>\n<meta property=\"og:locale\" content=\"fi_FI\" \/>\n<meta property=\"og:type\" content=\"article\" \/>\n<meta property=\"og:title\" content=\"Plinko-peli &gt; Kaikki suositusta pelist\u00e4 | Strategiat ja salaisuudet\" \/>\n<meta property=\"og:description\" content=\"Tutustu Plinkon maailmaan! Opi pelin s\u00e4\u00e4nn\u00f6t, tehokkaat strategiat ja menestyksen salaisuudet. Pelaa Plinkoa verkossa ja nauti j\u00e4nnityksest\u00e4.\" \/>\n<meta property=\"og:url\" content=\"https:\/\/plinko-game.win\/fi\/about-plinko\/\" \/>\n<meta property=\"og:site_name\" content=\"Plinko Team FI\" \/>\n<meta property=\"article:modified_time\" content=\"2025-04-03T08:02:21+00:00\" \/>\n<meta name=\"twitter:card\" content=\"summary_large_image\" \/>\n<script type=\"application\/ld+json\" class=\"yoast-schema-graph\">{\"@context\":\"https:\/\/schema.org\",\"@graph\":[{\"@type\":\"WebPage\",\"@id\":\"https:\/\/plinko-game.win\/fi\/about-plinko\/\",\"url\":\"https:\/\/plinko-game.win\/fi\/about-plinko\/\",\"name\":\"Plinko-peli > Kaikki suositusta pelist\u00e4 | Strategiat ja salaisuudet\",\"isPartOf\":{\"@id\":\"https:\/\/plinko-game.win\/fi\/#website\"},\"datePublished\":\"2024-12-06T09:53:58+00:00\",\"dateModified\":\"2025-04-03T08:02:21+00:00\",\"description\":\"Tutustu Plinkon maailmaan! Opi pelin s\u00e4\u00e4nn\u00f6t, tehokkaat strategiat ja menestyksen salaisuudet. Pelaa Plinkoa verkossa ja nauti j\u00e4nnityksest\u00e4.\",\"breadcrumb\":{\"@id\":\"https:\/\/plinko-game.win\/fi\/about-plinko\/#breadcrumb\"},\"inLanguage\":\"fi\",\"potentialAction\":[{\"@type\":\"ReadAction\",\"target\":[\"https:\/\/plinko-game.win\/fi\/about-plinko\/\"]}]},{\"@type\":\"BreadcrumbList\",\"@id\":\"https:\/\/plinko-game.win\/fi\/about-plinko\/#breadcrumb\",\"itemListElement\":[{\"@type\":\"ListItem\",\"position\":1,\"name\":\"\u0413\u043b\u0430\u0432\u043d\u0430\u044f \u0441\u0442\u0440\u0430\u043d\u0438\u0446\u0430\",\"item\":\"https:\/\/plinko-game.win\/fi\/\"},{\"@type\":\"ListItem\",\"position\":2,\"name\":\"Tietoja Plinkosta\"}]},{\"@type\":\"WebSite\",\"@id\":\"https:\/\/plinko-game.win\/fi\/#website\",\"url\":\"https:\/\/plinko-game.win\/fi\/\",\"name\":\"Plinko Team FI\",\"description\":\"\",\"potentialAction\":[{\"@type\":\"SearchAction\",\"target\":{\"@type\":\"EntryPoint\",\"urlTemplate\":\"https:\/\/plinko-game.win\/fi\/?s={search_term_string}\"},\"query-input\":{\"@type\":\"PropertyValueSpecification\",\"valueRequired\":true,\"valueName\":\"search_term_string\"}}],\"inLanguage\":\"fi\"}]}<\/script>\n<!-- \/ Yoast SEO plugin. -->","yoast_head_json":{"title":"Plinko-peli > Kaikki suositusta pelist\u00e4 | Strategiat ja salaisuudet","description":"Tutustu Plinkon maailmaan! Opi pelin s\u00e4\u00e4nn\u00f6t, tehokkaat strategiat ja menestyksen salaisuudet. Pelaa Plinkoa verkossa ja nauti j\u00e4nnityksest\u00e4.","robots":{"index":"index","follow":"follow","max-snippet":"max-snippet:-1","max-image-preview":"max-image-preview:large","max-video-preview":"max-video-preview:-1"},"og_locale":"fi_FI","og_type":"article","og_title":"Plinko-peli > Kaikki suositusta pelist\u00e4 | Strategiat ja salaisuudet","og_description":"Tutustu Plinkon maailmaan! Opi pelin s\u00e4\u00e4nn\u00f6t, tehokkaat strategiat ja menestyksen salaisuudet. Pelaa Plinkoa verkossa ja nauti j\u00e4nnityksest\u00e4.","og_url":"https:\/\/plinko-game.win\/fi\/about-plinko\/","og_site_name":"Plinko Team FI","article_modified_time":"2025-04-03T08:02:21+00:00","twitter_card":"summary_large_image","schema":{"@context":"https:\/\/schema.org","@graph":[{"@type":"WebPage","@id":"https:\/\/plinko-game.win\/fi\/about-plinko\/","url":"https:\/\/plinko-game.win\/fi\/about-plinko\/","name":"Plinko-peli > Kaikki suositusta pelist\u00e4 | Strategiat ja salaisuudet","isPartOf":{"@id":"https:\/\/plinko-game.win\/fi\/#website"},"datePublished":"2024-12-06T09:53:58+00:00","dateModified":"2025-04-03T08:02:21+00:00","description":"Tutustu Plinkon maailmaan! Opi pelin s\u00e4\u00e4nn\u00f6t, tehokkaat strategiat ja menestyksen salaisuudet. Pelaa Plinkoa verkossa ja nauti j\u00e4nnityksest\u00e4.","breadcrumb":{"@id":"https:\/\/plinko-game.win\/fi\/about-plinko\/#breadcrumb"},"inLanguage":"fi","potentialAction":[{"@type":"ReadAction","target":["https:\/\/plinko-game.win\/fi\/about-plinko\/"]}]},{"@type":"BreadcrumbList","@id":"https:\/\/plinko-game.win\/fi\/about-plinko\/#breadcrumb","itemListElement":[{"@type":"ListItem","position":1,"name":"\u0413\u043b\u0430\u0432\u043d\u0430\u044f \u0441\u0442\u0440\u0430\u043d\u0438\u0446\u0430","item":"https:\/\/plinko-game.win\/fi\/"},{"@type":"ListItem","position":2,"name":"Tietoja Plinkosta"}]},{"@type":"WebSite","@id":"https:\/\/plinko-game.win\/fi\/#website","url":"https:\/\/plinko-game.win\/fi\/","name":"Plinko Team FI","description":"","potentialAction":[{"@type":"SearchAction","target":{"@type":"EntryPoint","urlTemplate":"https:\/\/plinko-game.win\/fi\/?s={search_term_string}"},"query-input":{"@type":"PropertyValueSpecification","valueRequired":true,"valueName":"search_term_string"}}],"inLanguage":"fi"}]}},"_links":{"self":[{"href":"https:\/\/plinko-game.win\/fi\/wp-json\/wp\/v2\/pages\/175","targetHints":{"allow":["GET"]}}],"collection":[{"href":"https:\/\/plinko-game.win\/fi\/wp-json\/wp\/v2\/pages"}],"about":[{"href":"https:\/\/plinko-game.win\/fi\/wp-json\/wp\/v2\/types\/page"}],"author":[{"embeddable":true,"href":"https:\/\/plinko-game.win\/fi\/wp-json\/wp\/v2\/users\/1"}],"replies":[{"embeddable":true,"href":"https:\/\/plinko-game.win\/fi\/wp-json\/wp\/v2\/comments?post=175"}],"version-history":[{"count":14,"href":"https:\/\/plinko-game.win\/fi\/wp-json\/wp\/v2\/pages\/175\/revisions"}],"predecessor-version":[{"id":339,"href":"https:\/\/plinko-game.win\/fi\/wp-json\/wp\/v2\/pages\/175\/revisions\/339"}],"wp:attachment":[{"href":"https:\/\/plinko-game.win\/fi\/wp-json\/wp\/v2\/media?parent=175"}],"curies":[{"name":"wp","href":"https:\/\/api.w.org\/{rel}","templated":true}]}}