{"id":228,"date":"2024-12-06T10:27:26","date_gmt":"2024-12-06T10:27:26","guid":{"rendered":"https:\/\/plinko-game.win\/fi\/?page_id=228"},"modified":"2025-04-03T09:06:39","modified_gmt":"2025-04-03T09:06:39","slug":"app","status":"publish","type":"page","link":"https:\/\/plinko-game.win\/fi\/app\/","title":{"rendered":"Sovellus"},"content":{"rendered":"","protected":false},"excerpt":{"rendered":"","protected":false},"author":1,"featured_media":0,"parent":0,"menu_order":0,"comment_status":"closed","ping_status":"closed","template":"","meta":{"footnotes":""},"class_list":["post-228","page","type-page","status-publish","hentry"],"yoast_head":"<!-- This site is optimized with the Yoast SEO plugin v23.9 - https:\/\/yoast.com\/wordpress\/plugins\/seo\/ -->\n<title>App Plinko &gt; Pelaa iOS:ll\u00e4 ja Androidilla milloin tahansa<\/title>\n<meta name=\"description\" content=\"Lataa Plinko-sovellus iOS:lle ja Androidille! P\u00e4\u00e4set helposti suosikkipeliisi suoraan \u00e4lypuhelimellasi. Pelaa Plinkoa miss\u00e4 tahansa!\" \/>\n<meta name=\"robots\" content=\"index, follow, max-snippet:-1, max-image-preview:large, max-video-preview:-1\" \/>\n<meta property=\"og:locale\" content=\"fi_FI\" \/>\n<meta property=\"og:type\" content=\"article\" \/>\n<meta property=\"og:title\" content=\"App Plinko &gt; Pelaa iOS:ll\u00e4 ja Androidilla milloin tahansa\" \/>\n<meta property=\"og:description\" content=\"Lataa Plinko-sovellus iOS:lle ja Androidille! P\u00e4\u00e4set helposti suosikkipeliisi suoraan \u00e4lypuhelimellasi. Pelaa Plinkoa miss\u00e4 tahansa!\" \/>\n<meta property=\"og:url\" content=\"https:\/\/plinko-game.win\/fi\/app\/\" \/>\n<meta property=\"og:site_name\" content=\"Plinko Team FI\" \/>\n<meta property=\"article:modified_time\" content=\"2025-04-03T09:06:39+00:00\" \/>\n<meta name=\"twitter:card\" content=\"summary_large_image\" \/>\n<script type=\"application\/ld+json\" class=\"yoast-schema-graph\">{\"@context\":\"https:\/\/schema.org\",\"@graph\":[{\"@type\":\"WebPage\",\"@id\":\"https:\/\/plinko-game.win\/fi\/app\/\",\"url\":\"https:\/\/plinko-game.win\/fi\/app\/\",\"name\":\"App Plinko > Pelaa iOS:ll\u00e4 ja Androidilla milloin tahansa\",\"isPartOf\":{\"@id\":\"https:\/\/plinko-game.win\/fi\/#website\"},\"datePublished\":\"2024-12-06T10:27:26+00:00\",\"dateModified\":\"2025-04-03T09:06:39+00:00\",\"description\":\"Lataa Plinko-sovellus iOS:lle ja Androidille! P\u00e4\u00e4set helposti suosikkipeliisi suoraan \u00e4lypuhelimellasi. Pelaa Plinkoa miss\u00e4 tahansa!\",\"breadcrumb\":{\"@id\":\"https:\/\/plinko-game.win\/fi\/app\/#breadcrumb\"},\"inLanguage\":\"fi\",\"potentialAction\":[{\"@type\":\"ReadAction\",\"target\":[\"https:\/\/plinko-game.win\/fi\/app\/\"]}]},{\"@type\":\"BreadcrumbList\",\"@id\":\"https:\/\/plinko-game.win\/fi\/app\/#breadcrumb\",\"itemListElement\":[{\"@type\":\"ListItem\",\"position\":1,\"name\":\"\u0413\u043b\u0430\u0432\u043d\u0430\u044f \u0441\u0442\u0440\u0430\u043d\u0438\u0446\u0430\",\"item\":\"https:\/\/plinko-game.win\/fi\/\"},{\"@type\":\"ListItem\",\"position\":2,\"name\":\"Sovellus\"}]},{\"@type\":\"WebSite\",\"@id\":\"https:\/\/plinko-game.win\/fi\/#website\",\"url\":\"https:\/\/plinko-game.win\/fi\/\",\"name\":\"Plinko Team FI\",\"description\":\"\",\"potentialAction\":[{\"@type\":\"SearchAction\",\"target\":{\"@type\":\"EntryPoint\",\"urlTemplate\":\"https:\/\/plinko-game.win\/fi\/?s={search_term_string}\"},\"query-input\":{\"@type\":\"PropertyValueSpecification\",\"valueRequired\":true,\"valueName\":\"search_term_string\"}}],\"inLanguage\":\"fi\"}]}<\/script>\n<!-- \/ Yoast SEO plugin. -->","yoast_head_json":{"title":"App Plinko > Pelaa iOS:ll\u00e4 ja Androidilla milloin tahansa","description":"Lataa Plinko-sovellus iOS:lle ja Androidille! P\u00e4\u00e4set helposti suosikkipeliisi suoraan \u00e4lypuhelimellasi. Pelaa Plinkoa miss\u00e4 tahansa!","robots":{"index":"index","follow":"follow","max-snippet":"max-snippet:-1","max-image-preview":"max-image-preview:large","max-video-preview":"max-video-preview:-1"},"og_locale":"fi_FI","og_type":"article","og_title":"App Plinko > Pelaa iOS:ll\u00e4 ja Androidilla milloin tahansa","og_description":"Lataa Plinko-sovellus iOS:lle ja Androidille! P\u00e4\u00e4set helposti suosikkipeliisi suoraan \u00e4lypuhelimellasi. Pelaa Plinkoa miss\u00e4 tahansa!","og_url":"https:\/\/plinko-game.win\/fi\/app\/","og_site_name":"Plinko Team FI","article_modified_time":"2025-04-03T09:06:39+00:00","twitter_card":"summary_large_image","schema":{"@context":"https:\/\/schema.org","@graph":[{"@type":"WebPage","@id":"https:\/\/plinko-game.win\/fi\/app\/","url":"https:\/\/plinko-game.win\/fi\/app\/","name":"App Plinko > Pelaa iOS:ll\u00e4 ja Androidilla milloin tahansa","isPartOf":{"@id":"https:\/\/plinko-game.win\/fi\/#website"},"datePublished":"2024-12-06T10:27:26+00:00","dateModified":"2025-04-03T09:06:39+00:00","description":"Lataa Plinko-sovellus iOS:lle ja Androidille! P\u00e4\u00e4set helposti suosikkipeliisi suoraan \u00e4lypuhelimellasi. Pelaa Plinkoa miss\u00e4 tahansa!","breadcrumb":{"@id":"https:\/\/plinko-game.win\/fi\/app\/#breadcrumb"},"inLanguage":"fi","potentialAction":[{"@type":"ReadAction","target":["https:\/\/plinko-game.win\/fi\/app\/"]}]},{"@type":"BreadcrumbList","@id":"https:\/\/plinko-game.win\/fi\/app\/#breadcrumb","itemListElement":[{"@type":"ListItem","position":1,"name":"\u0413\u043b\u0430\u0432\u043d\u0430\u044f \u0441\u0442\u0440\u0430\u043d\u0438\u0446\u0430","item":"https:\/\/plinko-game.win\/fi\/"},{"@type":"ListItem","position":2,"name":"Sovellus"}]},{"@type":"WebSite","@id":"https:\/\/plinko-game.win\/fi\/#website","url":"https:\/\/plinko-game.win\/fi\/","name":"Plinko Team FI","description":"","potentialAction":[{"@type":"SearchAction","target":{"@type":"EntryPoint","urlTemplate":"https:\/\/plinko-game.win\/fi\/?s={search_term_string}"},"query-input":{"@type":"PropertyValueSpecification","valueRequired":true,"valueName":"search_term_string"}}],"inLanguage":"fi"}]}},"_links":{"self":[{"href":"https:\/\/plinko-game.win\/fi\/wp-json\/wp\/v2\/pages\/228","targetHints":{"allow":["GET"]}}],"collection":[{"href":"https:\/\/plinko-game.win\/fi\/wp-json\/wp\/v2\/pages"}],"about":[{"href":"https:\/\/plinko-game.win\/fi\/wp-json\/wp\/v2\/types\/page"}],"author":[{"embeddable":true,"href":"https:\/\/plinko-game.win\/fi\/wp-json\/wp\/v2\/users\/1"}],"replies":[{"embeddable":true,"href":"https:\/\/plinko-game.win\/fi\/wp-json\/wp\/v2\/comments?post=228"}],"version-history":[{"count":10,"href":"https:\/\/plinko-game.win\/fi\/wp-json\/wp\/v2\/pages\/228\/revisions"}],"predecessor-version":[{"id":346,"href":"https:\/\/plinko-game.win\/fi\/wp-json\/wp\/v2\/pages\/228\/revisions\/346"}],"wp:attachment":[{"href":"https:\/\/plinko-game.win\/fi\/wp-json\/wp\/v2\/media?parent=228"}],"curies":[{"name":"wp","href":"https:\/\/api.w.org\/{rel}","templated":true}]}}