{"id":232,"date":"2024-12-06T10:33:06","date_gmt":"2024-12-06T10:33:06","guid":{"rendered":"https:\/\/plinko-game.win\/fi\/?page_id=232"},"modified":"2025-04-03T08:57:48","modified_gmt":"2025-04-03T08:57:48","slug":"how-to-play-for-money","status":"publish","type":"page","link":"https:\/\/plinko-game.win\/fi\/how-to-play-for-money\/","title":{"rendered":"Kuinka pelata rahasta"},"content":{"rendered":"<p>&nbsp;<\/p>\n<p>&nbsp;<\/p>\n","protected":false},"excerpt":{"rendered":"<p>&nbsp; &nbsp;<\/p>\n","protected":false},"author":1,"featured_media":0,"parent":0,"menu_order":0,"comment_status":"closed","ping_status":"closed","template":"","meta":{"footnotes":""},"class_list":["post-232","page","type-page","status-publish","hentry"],"yoast_head":"<!-- This site is optimized with the Yoast SEO plugin v23.9 - https:\/\/yoast.com\/wordpress\/plugins\/seo\/ -->\n<title>Plinko Casino &gt; Pelaa ja voita ainutlaatuisessa online-peliss\u00e4<\/title>\n<meta name=\"description\" content=\"Tervetuloa Plinko Casinolle! J\u00e4nnitt\u00e4vi\u00e4 pelej\u00e4, bonuksia ja mahdollisuus kokeilla onneasi. Pelaa Plinkoa verkossa ja nauti j\u00e4nnityksest\u00e4!\" \/>\n<meta name=\"robots\" content=\"index, follow, max-snippet:-1, max-image-preview:large, max-video-preview:-1\" \/>\n<meta property=\"og:locale\" content=\"fi_FI\" \/>\n<meta property=\"og:type\" content=\"article\" \/>\n<meta property=\"og:title\" content=\"Plinko Casino &gt; Pelaa ja voita ainutlaatuisessa online-peliss\u00e4\" \/>\n<meta property=\"og:description\" content=\"Tervetuloa Plinko Casinolle! J\u00e4nnitt\u00e4vi\u00e4 pelej\u00e4, bonuksia ja mahdollisuus kokeilla onneasi. Pelaa Plinkoa verkossa ja nauti j\u00e4nnityksest\u00e4!\" \/>\n<meta property=\"og:url\" content=\"https:\/\/plinko-game.win\/fi\/how-to-play-for-money\/\" \/>\n<meta property=\"og:site_name\" content=\"Plinko Team FI\" \/>\n<meta property=\"article:modified_time\" content=\"2025-04-03T08:57:48+00:00\" \/>\n<meta name=\"twitter:card\" content=\"summary_large_image\" \/>\n<script type=\"application\/ld+json\" class=\"yoast-schema-graph\">{\"@context\":\"https:\/\/schema.org\",\"@graph\":[{\"@type\":\"WebPage\",\"@id\":\"https:\/\/plinko-game.win\/fi\/how-to-play-for-money\/\",\"url\":\"https:\/\/plinko-game.win\/fi\/how-to-play-for-money\/\",\"name\":\"Plinko Casino > Pelaa ja voita ainutlaatuisessa online-peliss\u00e4\",\"isPartOf\":{\"@id\":\"https:\/\/plinko-game.win\/fi\/#website\"},\"datePublished\":\"2024-12-06T10:33:06+00:00\",\"dateModified\":\"2025-04-03T08:57:48+00:00\",\"description\":\"Tervetuloa Plinko Casinolle! J\u00e4nnitt\u00e4vi\u00e4 pelej\u00e4, bonuksia ja mahdollisuus kokeilla onneasi. Pelaa Plinkoa verkossa ja nauti j\u00e4nnityksest\u00e4!\",\"breadcrumb\":{\"@id\":\"https:\/\/plinko-game.win\/fi\/how-to-play-for-money\/#breadcrumb\"},\"inLanguage\":\"fi\",\"potentialAction\":[{\"@type\":\"ReadAction\",\"target\":[\"https:\/\/plinko-game.win\/fi\/how-to-play-for-money\/\"]}]},{\"@type\":\"BreadcrumbList\",\"@id\":\"https:\/\/plinko-game.win\/fi\/how-to-play-for-money\/#breadcrumb\",\"itemListElement\":[{\"@type\":\"ListItem\",\"position\":1,\"name\":\"\u0413\u043b\u0430\u0432\u043d\u0430\u044f \u0441\u0442\u0440\u0430\u043d\u0438\u0446\u0430\",\"item\":\"https:\/\/plinko-game.win\/fi\/\"},{\"@type\":\"ListItem\",\"position\":2,\"name\":\"Kuinka pelata rahasta\"}]},{\"@type\":\"WebSite\",\"@id\":\"https:\/\/plinko-game.win\/fi\/#website\",\"url\":\"https:\/\/plinko-game.win\/fi\/\",\"name\":\"Plinko Team FI\",\"description\":\"\",\"potentialAction\":[{\"@type\":\"SearchAction\",\"target\":{\"@type\":\"EntryPoint\",\"urlTemplate\":\"https:\/\/plinko-game.win\/fi\/?s={search_term_string}\"},\"query-input\":{\"@type\":\"PropertyValueSpecification\",\"valueRequired\":true,\"valueName\":\"search_term_string\"}}],\"inLanguage\":\"fi\"}]}<\/script>\n<!-- \/ Yoast SEO plugin. -->","yoast_head_json":{"title":"Plinko Casino > Pelaa ja voita ainutlaatuisessa online-peliss\u00e4","description":"Tervetuloa Plinko Casinolle! J\u00e4nnitt\u00e4vi\u00e4 pelej\u00e4, bonuksia ja mahdollisuus kokeilla onneasi. Pelaa Plinkoa verkossa ja nauti j\u00e4nnityksest\u00e4!","robots":{"index":"index","follow":"follow","max-snippet":"max-snippet:-1","max-image-preview":"max-image-preview:large","max-video-preview":"max-video-preview:-1"},"og_locale":"fi_FI","og_type":"article","og_title":"Plinko Casino > Pelaa ja voita ainutlaatuisessa online-peliss\u00e4","og_description":"Tervetuloa Plinko Casinolle! J\u00e4nnitt\u00e4vi\u00e4 pelej\u00e4, bonuksia ja mahdollisuus kokeilla onneasi. Pelaa Plinkoa verkossa ja nauti j\u00e4nnityksest\u00e4!","og_url":"https:\/\/plinko-game.win\/fi\/how-to-play-for-money\/","og_site_name":"Plinko Team FI","article_modified_time":"2025-04-03T08:57:48+00:00","twitter_card":"summary_large_image","schema":{"@context":"https:\/\/schema.org","@graph":[{"@type":"WebPage","@id":"https:\/\/plinko-game.win\/fi\/how-to-play-for-money\/","url":"https:\/\/plinko-game.win\/fi\/how-to-play-for-money\/","name":"Plinko Casino > Pelaa ja voita ainutlaatuisessa online-peliss\u00e4","isPartOf":{"@id":"https:\/\/plinko-game.win\/fi\/#website"},"datePublished":"2024-12-06T10:33:06+00:00","dateModified":"2025-04-03T08:57:48+00:00","description":"Tervetuloa Plinko Casinolle! J\u00e4nnitt\u00e4vi\u00e4 pelej\u00e4, bonuksia ja mahdollisuus kokeilla onneasi. Pelaa Plinkoa verkossa ja nauti j\u00e4nnityksest\u00e4!","breadcrumb":{"@id":"https:\/\/plinko-game.win\/fi\/how-to-play-for-money\/#breadcrumb"},"inLanguage":"fi","potentialAction":[{"@type":"ReadAction","target":["https:\/\/plinko-game.win\/fi\/how-to-play-for-money\/"]}]},{"@type":"BreadcrumbList","@id":"https:\/\/plinko-game.win\/fi\/how-to-play-for-money\/#breadcrumb","itemListElement":[{"@type":"ListItem","position":1,"name":"\u0413\u043b\u0430\u0432\u043d\u0430\u044f \u0441\u0442\u0440\u0430\u043d\u0438\u0446\u0430","item":"https:\/\/plinko-game.win\/fi\/"},{"@type":"ListItem","position":2,"name":"Kuinka pelata rahasta"}]},{"@type":"WebSite","@id":"https:\/\/plinko-game.win\/fi\/#website","url":"https:\/\/plinko-game.win\/fi\/","name":"Plinko Team FI","description":"","potentialAction":[{"@type":"SearchAction","target":{"@type":"EntryPoint","urlTemplate":"https:\/\/plinko-game.win\/fi\/?s={search_term_string}"},"query-input":{"@type":"PropertyValueSpecification","valueRequired":true,"valueName":"search_term_string"}}],"inLanguage":"fi"}]}},"_links":{"self":[{"href":"https:\/\/plinko-game.win\/fi\/wp-json\/wp\/v2\/pages\/232","targetHints":{"allow":["GET"]}}],"collection":[{"href":"https:\/\/plinko-game.win\/fi\/wp-json\/wp\/v2\/pages"}],"about":[{"href":"https:\/\/plinko-game.win\/fi\/wp-json\/wp\/v2\/types\/page"}],"author":[{"embeddable":true,"href":"https:\/\/plinko-game.win\/fi\/wp-json\/wp\/v2\/users\/1"}],"replies":[{"embeddable":true,"href":"https:\/\/plinko-game.win\/fi\/wp-json\/wp\/v2\/comments?post=232"}],"version-history":[{"count":10,"href":"https:\/\/plinko-game.win\/fi\/wp-json\/wp\/v2\/pages\/232\/revisions"}],"predecessor-version":[{"id":344,"href":"https:\/\/plinko-game.win\/fi\/wp-json\/wp\/v2\/pages\/232\/revisions\/344"}],"wp:attachment":[{"href":"https:\/\/plinko-game.win\/fi\/wp-json\/wp\/v2\/media?parent=232"}],"curies":[{"name":"wp","href":"https:\/\/api.w.org\/{rel}","templated":true}]}}