{"id":224,"date":"2024-12-06T10:31:46","date_gmt":"2024-12-06T10:31:46","guid":{"rendered":"https:\/\/plinko-game.win\/fr\/?page_id=224"},"modified":"2025-01-16T12:59:13","modified_gmt":"2025-01-16T12:59:13","slug":"apk","status":"publish","type":"page","link":"https:\/\/plinko-game.win\/fr\/apk\/","title":{"rendered":"APK"},"content":{"rendered":"","protected":false},"excerpt":{"rendered":"","protected":false},"author":1,"featured_media":0,"parent":0,"menu_order":0,"comment_status":"closed","ping_status":"closed","template":"","meta":{"footnotes":""},"class_list":["post-224","page","type-page","status-publish","hentry"],"yoast_head":"<!-- This site is optimized with the Yoast SEO plugin v23.9 - https:\/\/yoast.com\/wordpress\/plugins\/seo\/ -->\n<title>Plinko APK &gt; T\u00e9l\u00e9charger et jouer sur Android gratuitement<\/title>\n<meta name=\"description\" content=\"T\u00e9l\u00e9chargez Plinko APK sur Android ! Acc\u00e9dez facilement au jeu \u00e0 tout moment et n&#039;importe o\u00f9. Jouez \u00e0 Plinko directement depuis votre t\u00e9l\u00e9phone, gratuitement et sans restrictions.\" \/>\n<meta name=\"robots\" content=\"index, follow, max-snippet:-1, max-image-preview:large, max-video-preview:-1\" \/>\n<meta property=\"og:locale\" content=\"fr_FR\" \/>\n<meta property=\"og:type\" content=\"article\" \/>\n<meta property=\"og:title\" content=\"Plinko APK &gt; T\u00e9l\u00e9charger et jouer sur Android gratuitement\" \/>\n<meta property=\"og:description\" content=\"T\u00e9l\u00e9chargez Plinko APK sur Android ! Acc\u00e9dez facilement au jeu \u00e0 tout moment et n&#039;importe o\u00f9. Jouez \u00e0 Plinko directement depuis votre t\u00e9l\u00e9phone, gratuitement et sans restrictions.\" \/>\n<meta property=\"og:url\" content=\"https:\/\/plinko-game.win\/fr\/apk\/\" \/>\n<meta property=\"og:site_name\" content=\"Plinko Team FR\" \/>\n<meta property=\"article:modified_time\" content=\"2025-01-16T12:59:13+00:00\" \/>\n<meta name=\"twitter:card\" content=\"summary_large_image\" \/>\n<script type=\"application\/ld+json\" class=\"yoast-schema-graph\">{\"@context\":\"https:\/\/schema.org\",\"@graph\":[{\"@type\":\"WebPage\",\"@id\":\"https:\/\/plinko-game.win\/fr\/apk\/\",\"url\":\"https:\/\/plinko-game.win\/fr\/apk\/\",\"name\":\"Plinko APK > T\u00e9l\u00e9charger et jouer sur Android gratuitement\",\"isPartOf\":{\"@id\":\"https:\/\/plinko-game.win\/fr\/#website\"},\"datePublished\":\"2024-12-06T10:31:46+00:00\",\"dateModified\":\"2025-01-16T12:59:13+00:00\",\"description\":\"T\u00e9l\u00e9chargez Plinko APK sur Android ! Acc\u00e9dez facilement au jeu \u00e0 tout moment et n'importe o\u00f9. Jouez \u00e0 Plinko directement depuis votre t\u00e9l\u00e9phone, gratuitement et sans restrictions.\",\"breadcrumb\":{\"@id\":\"https:\/\/plinko-game.win\/fr\/apk\/#breadcrumb\"},\"inLanguage\":\"fr-FR\",\"potentialAction\":[{\"@type\":\"ReadAction\",\"target\":[\"https:\/\/plinko-game.win\/fr\/apk\/\"]}]},{\"@type\":\"BreadcrumbList\",\"@id\":\"https:\/\/plinko-game.win\/fr\/apk\/#breadcrumb\",\"itemListElement\":[{\"@type\":\"ListItem\",\"position\":1,\"name\":\"\u0413\u043b\u0430\u0432\u043d\u0430\u044f \u0441\u0442\u0440\u0430\u043d\u0438\u0446\u0430\",\"item\":\"https:\/\/plinko-game.win\/fr\/\"},{\"@type\":\"ListItem\",\"position\":2,\"name\":\"APK\"}]},{\"@type\":\"WebSite\",\"@id\":\"https:\/\/plinko-game.win\/fr\/#website\",\"url\":\"https:\/\/plinko-game.win\/fr\/\",\"name\":\"Plinko Team FR\",\"description\":\"\",\"potentialAction\":[{\"@type\":\"SearchAction\",\"target\":{\"@type\":\"EntryPoint\",\"urlTemplate\":\"https:\/\/plinko-game.win\/fr\/?s={search_term_string}\"},\"query-input\":{\"@type\":\"PropertyValueSpecification\",\"valueRequired\":true,\"valueName\":\"search_term_string\"}}],\"inLanguage\":\"fr-FR\"}]}<\/script>\n<!-- \/ Yoast SEO plugin. -->","yoast_head_json":{"title":"Plinko APK > T\u00e9l\u00e9charger et jouer sur Android gratuitement","description":"T\u00e9l\u00e9chargez Plinko APK sur Android ! Acc\u00e9dez facilement au jeu \u00e0 tout moment et n'importe o\u00f9. Jouez \u00e0 Plinko directement depuis votre t\u00e9l\u00e9phone, gratuitement et sans restrictions.","robots":{"index":"index","follow":"follow","max-snippet":"max-snippet:-1","max-image-preview":"max-image-preview:large","max-video-preview":"max-video-preview:-1"},"og_locale":"fr_FR","og_type":"article","og_title":"Plinko APK > T\u00e9l\u00e9charger et jouer sur Android gratuitement","og_description":"T\u00e9l\u00e9chargez Plinko APK sur Android ! Acc\u00e9dez facilement au jeu \u00e0 tout moment et n'importe o\u00f9. Jouez \u00e0 Plinko directement depuis votre t\u00e9l\u00e9phone, gratuitement et sans restrictions.","og_url":"https:\/\/plinko-game.win\/fr\/apk\/","og_site_name":"Plinko Team FR","article_modified_time":"2025-01-16T12:59:13+00:00","twitter_card":"summary_large_image","schema":{"@context":"https:\/\/schema.org","@graph":[{"@type":"WebPage","@id":"https:\/\/plinko-game.win\/fr\/apk\/","url":"https:\/\/plinko-game.win\/fr\/apk\/","name":"Plinko APK > T\u00e9l\u00e9charger et jouer sur Android gratuitement","isPartOf":{"@id":"https:\/\/plinko-game.win\/fr\/#website"},"datePublished":"2024-12-06T10:31:46+00:00","dateModified":"2025-01-16T12:59:13+00:00","description":"T\u00e9l\u00e9chargez Plinko APK sur Android ! Acc\u00e9dez facilement au jeu \u00e0 tout moment et n'importe o\u00f9. Jouez \u00e0 Plinko directement depuis votre t\u00e9l\u00e9phone, gratuitement et sans restrictions.","breadcrumb":{"@id":"https:\/\/plinko-game.win\/fr\/apk\/#breadcrumb"},"inLanguage":"fr-FR","potentialAction":[{"@type":"ReadAction","target":["https:\/\/plinko-game.win\/fr\/apk\/"]}]},{"@type":"BreadcrumbList","@id":"https:\/\/plinko-game.win\/fr\/apk\/#breadcrumb","itemListElement":[{"@type":"ListItem","position":1,"name":"\u0413\u043b\u0430\u0432\u043d\u0430\u044f \u0441\u0442\u0440\u0430\u043d\u0438\u0446\u0430","item":"https:\/\/plinko-game.win\/fr\/"},{"@type":"ListItem","position":2,"name":"APK"}]},{"@type":"WebSite","@id":"https:\/\/plinko-game.win\/fr\/#website","url":"https:\/\/plinko-game.win\/fr\/","name":"Plinko Team FR","description":"","potentialAction":[{"@type":"SearchAction","target":{"@type":"EntryPoint","urlTemplate":"https:\/\/plinko-game.win\/fr\/?s={search_term_string}"},"query-input":{"@type":"PropertyValueSpecification","valueRequired":true,"valueName":"search_term_string"}}],"inLanguage":"fr-FR"}]}},"_links":{"self":[{"href":"https:\/\/plinko-game.win\/fr\/wp-json\/wp\/v2\/pages\/224","targetHints":{"allow":["GET"]}}],"collection":[{"href":"https:\/\/plinko-game.win\/fr\/wp-json\/wp\/v2\/pages"}],"about":[{"href":"https:\/\/plinko-game.win\/fr\/wp-json\/wp\/v2\/types\/page"}],"author":[{"embeddable":true,"href":"https:\/\/plinko-game.win\/fr\/wp-json\/wp\/v2\/users\/1"}],"replies":[{"embeddable":true,"href":"https:\/\/plinko-game.win\/fr\/wp-json\/wp\/v2\/comments?post=224"}],"version-history":[{"count":10,"href":"https:\/\/plinko-game.win\/fr\/wp-json\/wp\/v2\/pages\/224\/revisions"}],"predecessor-version":[{"id":345,"href":"https:\/\/plinko-game.win\/fr\/wp-json\/wp\/v2\/pages\/224\/revisions\/345"}],"wp:attachment":[{"href":"https:\/\/plinko-game.win\/fr\/wp-json\/wp\/v2\/media?parent=224"}],"curies":[{"name":"wp","href":"https:\/\/api.w.org\/{rel}","templated":true}]}}