{"id":232,"date":"2024-12-06T10:33:06","date_gmt":"2024-12-06T10:33:06","guid":{"rendered":"https:\/\/plinko-game.win\/hr\/?page_id=232"},"modified":"2025-04-10T07:50:26","modified_gmt":"2025-04-10T07:50:26","slug":"how-to-play-for-money","status":"publish","type":"page","link":"https:\/\/plinko-game.win\/hr\/how-to-play-for-money\/","title":{"rendered":"Kako igrati za novac"},"content":{"rendered":"<p>&nbsp;<\/p>\n<p>&nbsp;<\/p>\n","protected":false},"excerpt":{"rendered":"<p>&nbsp; &nbsp;<\/p>\n","protected":false},"author":1,"featured_media":0,"parent":0,"menu_order":0,"comment_status":"closed","ping_status":"closed","template":"","meta":{"footnotes":""},"class_list":["post-232","page","type-page","status-publish","hentry"],"yoast_head":"<!-- This site is optimized with the Yoast SEO plugin v23.9 - https:\/\/yoast.com\/wordpress\/plugins\/seo\/ -->\n<title>Plinko Casino &gt; Igrajte i osvojite u jedinstvenoj online igri<\/title>\n<meta name=\"description\" content=\"Dobrodo\u0161li u Plinko Casino! Uzbudljive igre, bonusi i prilika da oku\u0161ate svoju sre\u0107u. Igrajte Plinko online i u\u017eivajte u uzbu\u0111enju!\" \/>\n<meta name=\"robots\" content=\"index, follow, max-snippet:-1, max-image-preview:large, max-video-preview:-1\" \/>\n<meta property=\"og:locale\" content=\"hr_HR\" \/>\n<meta property=\"og:type\" content=\"article\" \/>\n<meta property=\"og:title\" content=\"Plinko Casino &gt; Igrajte i osvojite u jedinstvenoj online igri\" \/>\n<meta property=\"og:description\" content=\"Dobrodo\u0161li u Plinko Casino! Uzbudljive igre, bonusi i prilika da oku\u0161ate svoju sre\u0107u. Igrajte Plinko online i u\u017eivajte u uzbu\u0111enju!\" \/>\n<meta property=\"og:url\" content=\"https:\/\/plinko-game.win\/hr\/how-to-play-for-money\/\" \/>\n<meta property=\"og:site_name\" content=\"Plinko Team HR\" \/>\n<meta property=\"article:modified_time\" content=\"2025-04-10T07:50:26+00:00\" \/>\n<meta name=\"twitter:card\" content=\"summary_large_image\" \/>\n<script type=\"application\/ld+json\" class=\"yoast-schema-graph\">{\"@context\":\"https:\/\/schema.org\",\"@graph\":[{\"@type\":\"WebPage\",\"@id\":\"https:\/\/plinko-game.win\/hr\/how-to-play-for-money\/\",\"url\":\"https:\/\/plinko-game.win\/hr\/how-to-play-for-money\/\",\"name\":\"Plinko Casino > Igrajte i osvojite u jedinstvenoj online igri\",\"isPartOf\":{\"@id\":\"https:\/\/plinko-game.win\/hr\/#website\"},\"datePublished\":\"2024-12-06T10:33:06+00:00\",\"dateModified\":\"2025-04-10T07:50:26+00:00\",\"description\":\"Dobrodo\u0161li u Plinko Casino! Uzbudljive igre, bonusi i prilika da oku\u0161ate svoju sre\u0107u. Igrajte Plinko online i u\u017eivajte u uzbu\u0111enju!\",\"breadcrumb\":{\"@id\":\"https:\/\/plinko-game.win\/hr\/how-to-play-for-money\/#breadcrumb\"},\"inLanguage\":\"hr\",\"potentialAction\":[{\"@type\":\"ReadAction\",\"target\":[\"https:\/\/plinko-game.win\/hr\/how-to-play-for-money\/\"]}]},{\"@type\":\"BreadcrumbList\",\"@id\":\"https:\/\/plinko-game.win\/hr\/how-to-play-for-money\/#breadcrumb\",\"itemListElement\":[{\"@type\":\"ListItem\",\"position\":1,\"name\":\"\u0413\u043b\u0430\u0432\u043d\u0430\u044f \u0441\u0442\u0440\u0430\u043d\u0438\u0446\u0430\",\"item\":\"https:\/\/plinko-game.win\/hr\/\"},{\"@type\":\"ListItem\",\"position\":2,\"name\":\"Kako igrati za novac\"}]},{\"@type\":\"WebSite\",\"@id\":\"https:\/\/plinko-game.win\/hr\/#website\",\"url\":\"https:\/\/plinko-game.win\/hr\/\",\"name\":\"Plinko Team HR\",\"description\":\"\",\"potentialAction\":[{\"@type\":\"SearchAction\",\"target\":{\"@type\":\"EntryPoint\",\"urlTemplate\":\"https:\/\/plinko-game.win\/hr\/?s={search_term_string}\"},\"query-input\":{\"@type\":\"PropertyValueSpecification\",\"valueRequired\":true,\"valueName\":\"search_term_string\"}}],\"inLanguage\":\"hr\"}]}<\/script>\n<!-- \/ Yoast SEO plugin. -->","yoast_head_json":{"title":"Plinko Casino > Igrajte i osvojite u jedinstvenoj online igri","description":"Dobrodo\u0161li u Plinko Casino! Uzbudljive igre, bonusi i prilika da oku\u0161ate svoju sre\u0107u. Igrajte Plinko online i u\u017eivajte u uzbu\u0111enju!","robots":{"index":"index","follow":"follow","max-snippet":"max-snippet:-1","max-image-preview":"max-image-preview:large","max-video-preview":"max-video-preview:-1"},"og_locale":"hr_HR","og_type":"article","og_title":"Plinko Casino > Igrajte i osvojite u jedinstvenoj online igri","og_description":"Dobrodo\u0161li u Plinko Casino! Uzbudljive igre, bonusi i prilika da oku\u0161ate svoju sre\u0107u. Igrajte Plinko online i u\u017eivajte u uzbu\u0111enju!","og_url":"https:\/\/plinko-game.win\/hr\/how-to-play-for-money\/","og_site_name":"Plinko Team HR","article_modified_time":"2025-04-10T07:50:26+00:00","twitter_card":"summary_large_image","schema":{"@context":"https:\/\/schema.org","@graph":[{"@type":"WebPage","@id":"https:\/\/plinko-game.win\/hr\/how-to-play-for-money\/","url":"https:\/\/plinko-game.win\/hr\/how-to-play-for-money\/","name":"Plinko Casino > Igrajte i osvojite u jedinstvenoj online igri","isPartOf":{"@id":"https:\/\/plinko-game.win\/hr\/#website"},"datePublished":"2024-12-06T10:33:06+00:00","dateModified":"2025-04-10T07:50:26+00:00","description":"Dobrodo\u0161li u Plinko Casino! Uzbudljive igre, bonusi i prilika da oku\u0161ate svoju sre\u0107u. Igrajte Plinko online i u\u017eivajte u uzbu\u0111enju!","breadcrumb":{"@id":"https:\/\/plinko-game.win\/hr\/how-to-play-for-money\/#breadcrumb"},"inLanguage":"hr","potentialAction":[{"@type":"ReadAction","target":["https:\/\/plinko-game.win\/hr\/how-to-play-for-money\/"]}]},{"@type":"BreadcrumbList","@id":"https:\/\/plinko-game.win\/hr\/how-to-play-for-money\/#breadcrumb","itemListElement":[{"@type":"ListItem","position":1,"name":"\u0413\u043b\u0430\u0432\u043d\u0430\u044f \u0441\u0442\u0440\u0430\u043d\u0438\u0446\u0430","item":"https:\/\/plinko-game.win\/hr\/"},{"@type":"ListItem","position":2,"name":"Kako igrati za novac"}]},{"@type":"WebSite","@id":"https:\/\/plinko-game.win\/hr\/#website","url":"https:\/\/plinko-game.win\/hr\/","name":"Plinko Team HR","description":"","potentialAction":[{"@type":"SearchAction","target":{"@type":"EntryPoint","urlTemplate":"https:\/\/plinko-game.win\/hr\/?s={search_term_string}"},"query-input":{"@type":"PropertyValueSpecification","valueRequired":true,"valueName":"search_term_string"}}],"inLanguage":"hr"}]}},"_links":{"self":[{"href":"https:\/\/plinko-game.win\/hr\/wp-json\/wp\/v2\/pages\/232","targetHints":{"allow":["GET"]}}],"collection":[{"href":"https:\/\/plinko-game.win\/hr\/wp-json\/wp\/v2\/pages"}],"about":[{"href":"https:\/\/plinko-game.win\/hr\/wp-json\/wp\/v2\/types\/page"}],"author":[{"embeddable":true,"href":"https:\/\/plinko-game.win\/hr\/wp-json\/wp\/v2\/users\/1"}],"replies":[{"embeddable":true,"href":"https:\/\/plinko-game.win\/hr\/wp-json\/wp\/v2\/comments?post=232"}],"version-history":[{"count":10,"href":"https:\/\/plinko-game.win\/hr\/wp-json\/wp\/v2\/pages\/232\/revisions"}],"predecessor-version":[{"id":345,"href":"https:\/\/plinko-game.win\/hr\/wp-json\/wp\/v2\/pages\/232\/revisions\/345"}],"wp:attachment":[{"href":"https:\/\/plinko-game.win\/hr\/wp-json\/wp\/v2\/media?parent=232"}],"curies":[{"name":"wp","href":"https:\/\/api.w.org\/{rel}","templated":true}]}}