{"id":235,"date":"2024-12-06T10:33:21","date_gmt":"2024-12-06T10:33:21","guid":{"rendered":"https:\/\/plinko-game.win\/hr\/?page_id=235"},"modified":"2025-04-10T07:42:56","modified_gmt":"2025-04-10T07:42:56","slug":"strategies-and-tips","status":"publish","type":"page","link":"https:\/\/plinko-game.win\/hr\/strategies-and-tips\/","title":{"rendered":"Strategije i savjeti"},"content":{"rendered":"<p>&nbsp;<\/p>\n<p>&nbsp;<\/p>\n","protected":false},"excerpt":{"rendered":"<p>&nbsp; &nbsp;<\/p>\n","protected":false},"author":1,"featured_media":0,"parent":0,"menu_order":0,"comment_status":"closed","ping_status":"closed","template":"","meta":{"footnotes":""},"class_list":["post-235","page","type-page","status-publish","hentry"],"yoast_head":"<!-- This site is optimized with the Yoast SEO plugin v23.9 - https:\/\/yoast.com\/wordpress\/plugins\/seo\/ -->\n<title>Plinko strategija &gt; Kako maksimalno pove\u0107ati svoje \u0161anse za pobjedu<\/title>\n<meta name=\"description\" content=\"Nau\u010dite najbolje strategije za igranje Plinka! Savjeti, tajne i taktike - postanite Plinko majstor sada!\" \/>\n<meta name=\"robots\" content=\"index, follow, max-snippet:-1, max-image-preview:large, max-video-preview:-1\" \/>\n<meta property=\"og:locale\" content=\"hr_HR\" \/>\n<meta property=\"og:type\" content=\"article\" \/>\n<meta property=\"og:title\" content=\"Plinko strategija &gt; Kako maksimalno pove\u0107ati svoje \u0161anse za pobjedu\" \/>\n<meta property=\"og:description\" content=\"Nau\u010dite najbolje strategije za igranje Plinka! Savjeti, tajne i taktike - postanite Plinko majstor sada!\" \/>\n<meta property=\"og:url\" content=\"https:\/\/plinko-game.win\/hr\/strategies-and-tips\/\" \/>\n<meta property=\"og:site_name\" content=\"Plinko Team HR\" \/>\n<meta property=\"article:modified_time\" content=\"2025-04-10T07:42:56+00:00\" \/>\n<meta name=\"twitter:card\" content=\"summary_large_image\" \/>\n<script type=\"application\/ld+json\" class=\"yoast-schema-graph\">{\"@context\":\"https:\/\/schema.org\",\"@graph\":[{\"@type\":\"WebPage\",\"@id\":\"https:\/\/plinko-game.win\/hr\/strategies-and-tips\/\",\"url\":\"https:\/\/plinko-game.win\/hr\/strategies-and-tips\/\",\"name\":\"Plinko strategija > Kako maksimalno pove\u0107ati svoje \u0161anse za pobjedu\",\"isPartOf\":{\"@id\":\"https:\/\/plinko-game.win\/hr\/#website\"},\"datePublished\":\"2024-12-06T10:33:21+00:00\",\"dateModified\":\"2025-04-10T07:42:56+00:00\",\"description\":\"Nau\u010dite najbolje strategije za igranje Plinka! Savjeti, tajne i taktike - postanite Plinko majstor sada!\",\"breadcrumb\":{\"@id\":\"https:\/\/plinko-game.win\/hr\/strategies-and-tips\/#breadcrumb\"},\"inLanguage\":\"hr\",\"potentialAction\":[{\"@type\":\"ReadAction\",\"target\":[\"https:\/\/plinko-game.win\/hr\/strategies-and-tips\/\"]}]},{\"@type\":\"BreadcrumbList\",\"@id\":\"https:\/\/plinko-game.win\/hr\/strategies-and-tips\/#breadcrumb\",\"itemListElement\":[{\"@type\":\"ListItem\",\"position\":1,\"name\":\"\u0413\u043b\u0430\u0432\u043d\u0430\u044f \u0441\u0442\u0440\u0430\u043d\u0438\u0446\u0430\",\"item\":\"https:\/\/plinko-game.win\/hr\/\"},{\"@type\":\"ListItem\",\"position\":2,\"name\":\"Strategije i savjeti\"}]},{\"@type\":\"WebSite\",\"@id\":\"https:\/\/plinko-game.win\/hr\/#website\",\"url\":\"https:\/\/plinko-game.win\/hr\/\",\"name\":\"Plinko Team HR\",\"description\":\"\",\"potentialAction\":[{\"@type\":\"SearchAction\",\"target\":{\"@type\":\"EntryPoint\",\"urlTemplate\":\"https:\/\/plinko-game.win\/hr\/?s={search_term_string}\"},\"query-input\":{\"@type\":\"PropertyValueSpecification\",\"valueRequired\":true,\"valueName\":\"search_term_string\"}}],\"inLanguage\":\"hr\"}]}<\/script>\n<!-- \/ Yoast SEO plugin. -->","yoast_head_json":{"title":"Plinko strategija > Kako maksimalno pove\u0107ati svoje \u0161anse za pobjedu","description":"Nau\u010dite najbolje strategije za igranje Plinka! Savjeti, tajne i taktike - postanite Plinko majstor sada!","robots":{"index":"index","follow":"follow","max-snippet":"max-snippet:-1","max-image-preview":"max-image-preview:large","max-video-preview":"max-video-preview:-1"},"og_locale":"hr_HR","og_type":"article","og_title":"Plinko strategija > Kako maksimalno pove\u0107ati svoje \u0161anse za pobjedu","og_description":"Nau\u010dite najbolje strategije za igranje Plinka! Savjeti, tajne i taktike - postanite Plinko majstor sada!","og_url":"https:\/\/plinko-game.win\/hr\/strategies-and-tips\/","og_site_name":"Plinko Team HR","article_modified_time":"2025-04-10T07:42:56+00:00","twitter_card":"summary_large_image","schema":{"@context":"https:\/\/schema.org","@graph":[{"@type":"WebPage","@id":"https:\/\/plinko-game.win\/hr\/strategies-and-tips\/","url":"https:\/\/plinko-game.win\/hr\/strategies-and-tips\/","name":"Plinko strategija > Kako maksimalno pove\u0107ati svoje \u0161anse za pobjedu","isPartOf":{"@id":"https:\/\/plinko-game.win\/hr\/#website"},"datePublished":"2024-12-06T10:33:21+00:00","dateModified":"2025-04-10T07:42:56+00:00","description":"Nau\u010dite najbolje strategije za igranje Plinka! Savjeti, tajne i taktike - postanite Plinko majstor sada!","breadcrumb":{"@id":"https:\/\/plinko-game.win\/hr\/strategies-and-tips\/#breadcrumb"},"inLanguage":"hr","potentialAction":[{"@type":"ReadAction","target":["https:\/\/plinko-game.win\/hr\/strategies-and-tips\/"]}]},{"@type":"BreadcrumbList","@id":"https:\/\/plinko-game.win\/hr\/strategies-and-tips\/#breadcrumb","itemListElement":[{"@type":"ListItem","position":1,"name":"\u0413\u043b\u0430\u0432\u043d\u0430\u044f \u0441\u0442\u0440\u0430\u043d\u0438\u0446\u0430","item":"https:\/\/plinko-game.win\/hr\/"},{"@type":"ListItem","position":2,"name":"Strategije i savjeti"}]},{"@type":"WebSite","@id":"https:\/\/plinko-game.win\/hr\/#website","url":"https:\/\/plinko-game.win\/hr\/","name":"Plinko Team HR","description":"","potentialAction":[{"@type":"SearchAction","target":{"@type":"EntryPoint","urlTemplate":"https:\/\/plinko-game.win\/hr\/?s={search_term_string}"},"query-input":{"@type":"PropertyValueSpecification","valueRequired":true,"valueName":"search_term_string"}}],"inLanguage":"hr"}]}},"_links":{"self":[{"href":"https:\/\/plinko-game.win\/hr\/wp-json\/wp\/v2\/pages\/235","targetHints":{"allow":["GET"]}}],"collection":[{"href":"https:\/\/plinko-game.win\/hr\/wp-json\/wp\/v2\/pages"}],"about":[{"href":"https:\/\/plinko-game.win\/hr\/wp-json\/wp\/v2\/types\/page"}],"author":[{"embeddable":true,"href":"https:\/\/plinko-game.win\/hr\/wp-json\/wp\/v2\/users\/1"}],"replies":[{"embeddable":true,"href":"https:\/\/plinko-game.win\/hr\/wp-json\/wp\/v2\/comments?post=235"}],"version-history":[{"count":11,"href":"https:\/\/plinko-game.win\/hr\/wp-json\/wp\/v2\/pages\/235\/revisions"}],"predecessor-version":[{"id":344,"href":"https:\/\/plinko-game.win\/hr\/wp-json\/wp\/v2\/pages\/235\/revisions\/344"}],"wp:attachment":[{"href":"https:\/\/plinko-game.win\/hr\/wp-json\/wp\/v2\/media?parent=235"}],"curies":[{"name":"wp","href":"https:\/\/api.w.org\/{rel}","templated":true}]}}