{"id":186,"date":"2024-12-06T09:55:59","date_gmt":"2024-12-06T09:55:59","guid":{"rendered":"https:\/\/plinko-game.win\/hu\/?page_id=186"},"modified":"2025-03-24T20:45:34","modified_gmt":"2025-03-24T20:45:34","slug":"how-to-play-plinko","status":"publish","type":"page","link":"https:\/\/plinko-game.win\/hu\/how-to-play-plinko\/","title":{"rendered":"Hogyan kell j\u00e1tszani a Plinko-t"},"content":{"rendered":"<p>&nbsp;<\/p>\n<p>&nbsp;<\/p>\n","protected":false},"excerpt":{"rendered":"<p>&nbsp; &nbsp;<\/p>\n","protected":false},"author":1,"featured_media":0,"parent":0,"menu_order":0,"comment_status":"closed","ping_status":"closed","template":"","meta":{"footnotes":""},"class_list":["post-186","page","type-page","status-publish","hentry"],"yoast_head":"<!-- This site is optimized with the Yoast SEO plugin v23.9 - https:\/\/yoast.com\/wordpress\/plugins\/seo\/ -->\n<title>Hogyan kell j\u00e1tszani a Plinko-val &gt; \u00fatmutat\u00f3 \u00e9s tippek a nyer\u00e9shez<\/title>\n<meta name=\"description\" content=\"Tanulj meg Plink\u00f3val j\u00e1tszani! Egy egyszer\u0171 l\u00e9p\u00e9sr\u0151l l\u00e9p\u00e9sre \u00fatmutat\u00f3, hasznos tippek \u00e9s strat\u00e9gi\u00e1k a nyer\u00e9si es\u00e9lyek n\u00f6vel\u00e9s\u00e9re. Kezdj el j\u00e1tszani most!\" \/>\n<meta name=\"robots\" content=\"index, follow, max-snippet:-1, max-image-preview:large, max-video-preview:-1\" \/>\n<meta property=\"og:locale\" content=\"hu_HU\" \/>\n<meta property=\"og:type\" content=\"article\" \/>\n<meta property=\"og:title\" content=\"Hogyan kell j\u00e1tszani a Plinko-val &gt; \u00fatmutat\u00f3 \u00e9s tippek a nyer\u00e9shez\" \/>\n<meta property=\"og:description\" content=\"Tanulj meg Plink\u00f3val j\u00e1tszani! Egy egyszer\u0171 l\u00e9p\u00e9sr\u0151l l\u00e9p\u00e9sre \u00fatmutat\u00f3, hasznos tippek \u00e9s strat\u00e9gi\u00e1k a nyer\u00e9si es\u00e9lyek n\u00f6vel\u00e9s\u00e9re. Kezdj el j\u00e1tszani most!\" \/>\n<meta property=\"og:url\" content=\"https:\/\/plinko-game.win\/hu\/how-to-play-plinko\/\" \/>\n<meta property=\"og:site_name\" content=\"Plinko Team HU\" \/>\n<meta property=\"article:modified_time\" content=\"2025-03-24T20:45:34+00:00\" \/>\n<meta name=\"twitter:card\" content=\"summary_large_image\" \/>\n<script type=\"application\/ld+json\" class=\"yoast-schema-graph\">{\"@context\":\"https:\/\/schema.org\",\"@graph\":[{\"@type\":\"WebPage\",\"@id\":\"https:\/\/plinko-game.win\/hu\/how-to-play-plinko\/\",\"url\":\"https:\/\/plinko-game.win\/hu\/how-to-play-plinko\/\",\"name\":\"Hogyan kell j\u00e1tszani a Plinko-val > \u00fatmutat\u00f3 \u00e9s tippek a nyer\u00e9shez\",\"isPartOf\":{\"@id\":\"https:\/\/plinko-game.win\/hu\/#website\"},\"datePublished\":\"2024-12-06T09:55:59+00:00\",\"dateModified\":\"2025-03-24T20:45:34+00:00\",\"description\":\"Tanulj meg Plink\u00f3val j\u00e1tszani! Egy egyszer\u0171 l\u00e9p\u00e9sr\u0151l l\u00e9p\u00e9sre \u00fatmutat\u00f3, hasznos tippek \u00e9s strat\u00e9gi\u00e1k a nyer\u00e9si es\u00e9lyek n\u00f6vel\u00e9s\u00e9re. Kezdj el j\u00e1tszani most!\",\"breadcrumb\":{\"@id\":\"https:\/\/plinko-game.win\/hu\/how-to-play-plinko\/#breadcrumb\"},\"inLanguage\":\"hu\",\"potentialAction\":[{\"@type\":\"ReadAction\",\"target\":[\"https:\/\/plinko-game.win\/hu\/how-to-play-plinko\/\"]}]},{\"@type\":\"BreadcrumbList\",\"@id\":\"https:\/\/plinko-game.win\/hu\/how-to-play-plinko\/#breadcrumb\",\"itemListElement\":[{\"@type\":\"ListItem\",\"position\":1,\"name\":\"\u0413\u043b\u0430\u0432\u043d\u0430\u044f \u0441\u0442\u0440\u0430\u043d\u0438\u0446\u0430\",\"item\":\"https:\/\/plinko-game.win\/hu\/\"},{\"@type\":\"ListItem\",\"position\":2,\"name\":\"Hogyan kell j\u00e1tszani a Plinko-t\"}]},{\"@type\":\"WebSite\",\"@id\":\"https:\/\/plinko-game.win\/hu\/#website\",\"url\":\"https:\/\/plinko-game.win\/hu\/\",\"name\":\"Plinko Team HU\",\"description\":\"\",\"potentialAction\":[{\"@type\":\"SearchAction\",\"target\":{\"@type\":\"EntryPoint\",\"urlTemplate\":\"https:\/\/plinko-game.win\/hu\/?s={search_term_string}\"},\"query-input\":{\"@type\":\"PropertyValueSpecification\",\"valueRequired\":true,\"valueName\":\"search_term_string\"}}],\"inLanguage\":\"hu\"}]}<\/script>\n<!-- \/ Yoast SEO plugin. -->","yoast_head_json":{"title":"Hogyan kell j\u00e1tszani a Plinko-val > \u00fatmutat\u00f3 \u00e9s tippek a nyer\u00e9shez","description":"Tanulj meg Plink\u00f3val j\u00e1tszani! Egy egyszer\u0171 l\u00e9p\u00e9sr\u0151l l\u00e9p\u00e9sre \u00fatmutat\u00f3, hasznos tippek \u00e9s strat\u00e9gi\u00e1k a nyer\u00e9si es\u00e9lyek n\u00f6vel\u00e9s\u00e9re. Kezdj el j\u00e1tszani most!","robots":{"index":"index","follow":"follow","max-snippet":"max-snippet:-1","max-image-preview":"max-image-preview:large","max-video-preview":"max-video-preview:-1"},"og_locale":"hu_HU","og_type":"article","og_title":"Hogyan kell j\u00e1tszani a Plinko-val > \u00fatmutat\u00f3 \u00e9s tippek a nyer\u00e9shez","og_description":"Tanulj meg Plink\u00f3val j\u00e1tszani! Egy egyszer\u0171 l\u00e9p\u00e9sr\u0151l l\u00e9p\u00e9sre \u00fatmutat\u00f3, hasznos tippek \u00e9s strat\u00e9gi\u00e1k a nyer\u00e9si es\u00e9lyek n\u00f6vel\u00e9s\u00e9re. Kezdj el j\u00e1tszani most!","og_url":"https:\/\/plinko-game.win\/hu\/how-to-play-plinko\/","og_site_name":"Plinko Team HU","article_modified_time":"2025-03-24T20:45:34+00:00","twitter_card":"summary_large_image","schema":{"@context":"https:\/\/schema.org","@graph":[{"@type":"WebPage","@id":"https:\/\/plinko-game.win\/hu\/how-to-play-plinko\/","url":"https:\/\/plinko-game.win\/hu\/how-to-play-plinko\/","name":"Hogyan kell j\u00e1tszani a Plinko-val > \u00fatmutat\u00f3 \u00e9s tippek a nyer\u00e9shez","isPartOf":{"@id":"https:\/\/plinko-game.win\/hu\/#website"},"datePublished":"2024-12-06T09:55:59+00:00","dateModified":"2025-03-24T20:45:34+00:00","description":"Tanulj meg Plink\u00f3val j\u00e1tszani! Egy egyszer\u0171 l\u00e9p\u00e9sr\u0151l l\u00e9p\u00e9sre \u00fatmutat\u00f3, hasznos tippek \u00e9s strat\u00e9gi\u00e1k a nyer\u00e9si es\u00e9lyek n\u00f6vel\u00e9s\u00e9re. Kezdj el j\u00e1tszani most!","breadcrumb":{"@id":"https:\/\/plinko-game.win\/hu\/how-to-play-plinko\/#breadcrumb"},"inLanguage":"hu","potentialAction":[{"@type":"ReadAction","target":["https:\/\/plinko-game.win\/hu\/how-to-play-plinko\/"]}]},{"@type":"BreadcrumbList","@id":"https:\/\/plinko-game.win\/hu\/how-to-play-plinko\/#breadcrumb","itemListElement":[{"@type":"ListItem","position":1,"name":"\u0413\u043b\u0430\u0432\u043d\u0430\u044f \u0441\u0442\u0440\u0430\u043d\u0438\u0446\u0430","item":"https:\/\/plinko-game.win\/hu\/"},{"@type":"ListItem","position":2,"name":"Hogyan kell j\u00e1tszani a Plinko-t"}]},{"@type":"WebSite","@id":"https:\/\/plinko-game.win\/hu\/#website","url":"https:\/\/plinko-game.win\/hu\/","name":"Plinko Team HU","description":"","potentialAction":[{"@type":"SearchAction","target":{"@type":"EntryPoint","urlTemplate":"https:\/\/plinko-game.win\/hu\/?s={search_term_string}"},"query-input":{"@type":"PropertyValueSpecification","valueRequired":true,"valueName":"search_term_string"}}],"inLanguage":"hu"}]}},"_links":{"self":[{"href":"https:\/\/plinko-game.win\/hu\/wp-json\/wp\/v2\/pages\/186","targetHints":{"allow":["GET"]}}],"collection":[{"href":"https:\/\/plinko-game.win\/hu\/wp-json\/wp\/v2\/pages"}],"about":[{"href":"https:\/\/plinko-game.win\/hu\/wp-json\/wp\/v2\/types\/page"}],"author":[{"embeddable":true,"href":"https:\/\/plinko-game.win\/hu\/wp-json\/wp\/v2\/users\/1"}],"replies":[{"embeddable":true,"href":"https:\/\/plinko-game.win\/hu\/wp-json\/wp\/v2\/comments?post=186"}],"version-history":[{"count":11,"href":"https:\/\/plinko-game.win\/hu\/wp-json\/wp\/v2\/pages\/186\/revisions"}],"predecessor-version":[{"id":343,"href":"https:\/\/plinko-game.win\/hu\/wp-json\/wp\/v2\/pages\/186\/revisions\/343"}],"wp:attachment":[{"href":"https:\/\/plinko-game.win\/hu\/wp-json\/wp\/v2\/media?parent=186"}],"curies":[{"name":"wp","href":"https:\/\/api.w.org\/{rel}","templated":true}]}}