{"id":190,"date":"2024-12-06T09:58:34","date_gmt":"2024-12-06T09:58:34","guid":{"rendered":"https:\/\/plinko-game.win\/hu\/?page_id=190"},"modified":"2025-03-24T20:34:38","modified_gmt":"2025-03-24T20:34:38","slug":"demo","status":"publish","type":"page","link":"https:\/\/plinko-game.win\/hu\/demo\/","title":{"rendered":"Dem\u00f3"},"content":{"rendered":"<p>&nbsp;<\/p>\n<p>&nbsp;<\/p>\n","protected":false},"excerpt":{"rendered":"<p>&nbsp; &nbsp;<\/p>\n","protected":false},"author":1,"featured_media":0,"parent":0,"menu_order":0,"comment_status":"closed","ping_status":"closed","template":"","meta":{"footnotes":""},"class_list":["post-190","page","type-page","status-publish","hentry"],"yoast_head":"<!-- This site is optimized with the Yoast SEO plugin v23.9 - https:\/\/yoast.com\/wordpress\/plugins\/seo\/ -->\n<title>Plinko Demo &gt; J\u00e1tssz ingyen \u00e9s regisztr\u00e1ci\u00f3 n\u00e9lk\u00fcl<\/title>\n<meta name=\"description\" content=\"Pr\u00f3b\u00e1lja ki a Plink\u00f3t bemutat\u00f3 m\u00f3dban! J\u00e1tsszon ingyen \u00e9s kock\u00e1zat n\u00e9lk\u00fcl, hogy megtanulja a szab\u00e1lyokat \u00e9s fejlessze strat\u00e9gi\u00e1it.\" \/>\n<meta name=\"robots\" content=\"index, follow, max-snippet:-1, max-image-preview:large, max-video-preview:-1\" \/>\n<meta property=\"og:locale\" content=\"hu_HU\" \/>\n<meta property=\"og:type\" content=\"article\" \/>\n<meta property=\"og:title\" content=\"Plinko Demo &gt; J\u00e1tssz ingyen \u00e9s regisztr\u00e1ci\u00f3 n\u00e9lk\u00fcl\" \/>\n<meta property=\"og:description\" content=\"Pr\u00f3b\u00e1lja ki a Plink\u00f3t bemutat\u00f3 m\u00f3dban! J\u00e1tsszon ingyen \u00e9s kock\u00e1zat n\u00e9lk\u00fcl, hogy megtanulja a szab\u00e1lyokat \u00e9s fejlessze strat\u00e9gi\u00e1it.\" \/>\n<meta property=\"og:url\" content=\"https:\/\/plinko-game.win\/hu\/demo\/\" \/>\n<meta property=\"og:site_name\" content=\"Plinko Team HU\" \/>\n<meta property=\"article:modified_time\" content=\"2025-03-24T20:34:38+00:00\" \/>\n<meta name=\"twitter:card\" content=\"summary_large_image\" \/>\n<script type=\"application\/ld+json\" class=\"yoast-schema-graph\">{\"@context\":\"https:\/\/schema.org\",\"@graph\":[{\"@type\":\"WebPage\",\"@id\":\"https:\/\/plinko-game.win\/hu\/demo\/\",\"url\":\"https:\/\/plinko-game.win\/hu\/demo\/\",\"name\":\"Plinko Demo > J\u00e1tssz ingyen \u00e9s regisztr\u00e1ci\u00f3 n\u00e9lk\u00fcl\",\"isPartOf\":{\"@id\":\"https:\/\/plinko-game.win\/hu\/#website\"},\"datePublished\":\"2024-12-06T09:58:34+00:00\",\"dateModified\":\"2025-03-24T20:34:38+00:00\",\"description\":\"Pr\u00f3b\u00e1lja ki a Plink\u00f3t bemutat\u00f3 m\u00f3dban! J\u00e1tsszon ingyen \u00e9s kock\u00e1zat n\u00e9lk\u00fcl, hogy megtanulja a szab\u00e1lyokat \u00e9s fejlessze strat\u00e9gi\u00e1it.\",\"breadcrumb\":{\"@id\":\"https:\/\/plinko-game.win\/hu\/demo\/#breadcrumb\"},\"inLanguage\":\"hu\",\"potentialAction\":[{\"@type\":\"ReadAction\",\"target\":[\"https:\/\/plinko-game.win\/hu\/demo\/\"]}]},{\"@type\":\"BreadcrumbList\",\"@id\":\"https:\/\/plinko-game.win\/hu\/demo\/#breadcrumb\",\"itemListElement\":[{\"@type\":\"ListItem\",\"position\":1,\"name\":\"\u0413\u043b\u0430\u0432\u043d\u0430\u044f \u0441\u0442\u0440\u0430\u043d\u0438\u0446\u0430\",\"item\":\"https:\/\/plinko-game.win\/hu\/\"},{\"@type\":\"ListItem\",\"position\":2,\"name\":\"Dem\u00f3\"}]},{\"@type\":\"WebSite\",\"@id\":\"https:\/\/plinko-game.win\/hu\/#website\",\"url\":\"https:\/\/plinko-game.win\/hu\/\",\"name\":\"Plinko Team HU\",\"description\":\"\",\"potentialAction\":[{\"@type\":\"SearchAction\",\"target\":{\"@type\":\"EntryPoint\",\"urlTemplate\":\"https:\/\/plinko-game.win\/hu\/?s={search_term_string}\"},\"query-input\":{\"@type\":\"PropertyValueSpecification\",\"valueRequired\":true,\"valueName\":\"search_term_string\"}}],\"inLanguage\":\"hu\"}]}<\/script>\n<!-- \/ Yoast SEO plugin. -->","yoast_head_json":{"title":"Plinko Demo > J\u00e1tssz ingyen \u00e9s regisztr\u00e1ci\u00f3 n\u00e9lk\u00fcl","description":"Pr\u00f3b\u00e1lja ki a Plink\u00f3t bemutat\u00f3 m\u00f3dban! J\u00e1tsszon ingyen \u00e9s kock\u00e1zat n\u00e9lk\u00fcl, hogy megtanulja a szab\u00e1lyokat \u00e9s fejlessze strat\u00e9gi\u00e1it.","robots":{"index":"index","follow":"follow","max-snippet":"max-snippet:-1","max-image-preview":"max-image-preview:large","max-video-preview":"max-video-preview:-1"},"og_locale":"hu_HU","og_type":"article","og_title":"Plinko Demo > J\u00e1tssz ingyen \u00e9s regisztr\u00e1ci\u00f3 n\u00e9lk\u00fcl","og_description":"Pr\u00f3b\u00e1lja ki a Plink\u00f3t bemutat\u00f3 m\u00f3dban! J\u00e1tsszon ingyen \u00e9s kock\u00e1zat n\u00e9lk\u00fcl, hogy megtanulja a szab\u00e1lyokat \u00e9s fejlessze strat\u00e9gi\u00e1it.","og_url":"https:\/\/plinko-game.win\/hu\/demo\/","og_site_name":"Plinko Team HU","article_modified_time":"2025-03-24T20:34:38+00:00","twitter_card":"summary_large_image","schema":{"@context":"https:\/\/schema.org","@graph":[{"@type":"WebPage","@id":"https:\/\/plinko-game.win\/hu\/demo\/","url":"https:\/\/plinko-game.win\/hu\/demo\/","name":"Plinko Demo > J\u00e1tssz ingyen \u00e9s regisztr\u00e1ci\u00f3 n\u00e9lk\u00fcl","isPartOf":{"@id":"https:\/\/plinko-game.win\/hu\/#website"},"datePublished":"2024-12-06T09:58:34+00:00","dateModified":"2025-03-24T20:34:38+00:00","description":"Pr\u00f3b\u00e1lja ki a Plink\u00f3t bemutat\u00f3 m\u00f3dban! J\u00e1tsszon ingyen \u00e9s kock\u00e1zat n\u00e9lk\u00fcl, hogy megtanulja a szab\u00e1lyokat \u00e9s fejlessze strat\u00e9gi\u00e1it.","breadcrumb":{"@id":"https:\/\/plinko-game.win\/hu\/demo\/#breadcrumb"},"inLanguage":"hu","potentialAction":[{"@type":"ReadAction","target":["https:\/\/plinko-game.win\/hu\/demo\/"]}]},{"@type":"BreadcrumbList","@id":"https:\/\/plinko-game.win\/hu\/demo\/#breadcrumb","itemListElement":[{"@type":"ListItem","position":1,"name":"\u0413\u043b\u0430\u0432\u043d\u0430\u044f \u0441\u0442\u0440\u0430\u043d\u0438\u0446\u0430","item":"https:\/\/plinko-game.win\/hu\/"},{"@type":"ListItem","position":2,"name":"Dem\u00f3"}]},{"@type":"WebSite","@id":"https:\/\/plinko-game.win\/hu\/#website","url":"https:\/\/plinko-game.win\/hu\/","name":"Plinko Team HU","description":"","potentialAction":[{"@type":"SearchAction","target":{"@type":"EntryPoint","urlTemplate":"https:\/\/plinko-game.win\/hu\/?s={search_term_string}"},"query-input":{"@type":"PropertyValueSpecification","valueRequired":true,"valueName":"search_term_string"}}],"inLanguage":"hu"}]}},"_links":{"self":[{"href":"https:\/\/plinko-game.win\/hu\/wp-json\/wp\/v2\/pages\/190","targetHints":{"allow":["GET"]}}],"collection":[{"href":"https:\/\/plinko-game.win\/hu\/wp-json\/wp\/v2\/pages"}],"about":[{"href":"https:\/\/plinko-game.win\/hu\/wp-json\/wp\/v2\/types\/page"}],"author":[{"embeddable":true,"href":"https:\/\/plinko-game.win\/hu\/wp-json\/wp\/v2\/users\/1"}],"replies":[{"embeddable":true,"href":"https:\/\/plinko-game.win\/hu\/wp-json\/wp\/v2\/comments?post=190"}],"version-history":[{"count":40,"href":"https:\/\/plinko-game.win\/hu\/wp-json\/wp\/v2\/pages\/190\/revisions"}],"predecessor-version":[{"id":342,"href":"https:\/\/plinko-game.win\/hu\/wp-json\/wp\/v2\/pages\/190\/revisions\/342"}],"wp:attachment":[{"href":"https:\/\/plinko-game.win\/hu\/wp-json\/wp\/v2\/media?parent=190"}],"curies":[{"name":"wp","href":"https:\/\/api.w.org\/{rel}","templated":true}]}}