{"id":224,"date":"2024-12-06T10:31:46","date_gmt":"2024-12-06T10:31:46","guid":{"rendered":"https:\/\/plinko-game.win\/hu\/?page_id=224"},"modified":"2025-03-24T18:46:12","modified_gmt":"2025-03-24T18:46:12","slug":"apk","status":"publish","type":"page","link":"https:\/\/plinko-game.win\/hu\/apk\/","title":{"rendered":"APK"},"content":{"rendered":"<p>&nbsp;<\/p>\n<p>&nbsp;<\/p>\n","protected":false},"excerpt":{"rendered":"<p>&nbsp; &nbsp;<\/p>\n","protected":false},"author":1,"featured_media":0,"parent":0,"menu_order":0,"comment_status":"closed","ping_status":"closed","template":"","meta":{"footnotes":""},"class_list":["post-224","page","type-page","status-publish","hentry"],"yoast_head":"<!-- This site is optimized with the Yoast SEO plugin v23.9 - https:\/\/yoast.com\/wordpress\/plugins\/seo\/ -->\n<title>Plinko APK &gt; Let\u00f6lt\u00e9s \u00e9s j\u00e1t\u00e9k Androidon ingyen<\/title>\n<meta name=\"description\" content=\"T\u00f6ltse le a Plinko APK-t Androidon! K\u00f6nnyen hozz\u00e1f\u00e9rhet a j\u00e1t\u00e9khoz b\u00e1rhol \u00e9s b\u00e1rmikor. J\u00e1tsszon a Plinko-val k\u00f6zvetlen\u00fcl a telefonj\u00e1r\u00f3l ingyenesen \u00e9s korl\u00e1toz\u00e1sok n\u00e9lk\u00fcl.\" \/>\n<meta name=\"robots\" content=\"index, follow, max-snippet:-1, max-image-preview:large, max-video-preview:-1\" \/>\n<meta property=\"og:locale\" content=\"hu_HU\" \/>\n<meta property=\"og:type\" content=\"article\" \/>\n<meta property=\"og:title\" content=\"Plinko APK &gt; Let\u00f6lt\u00e9s \u00e9s j\u00e1t\u00e9k Androidon ingyen\" \/>\n<meta property=\"og:description\" content=\"T\u00f6ltse le a Plinko APK-t Androidon! K\u00f6nnyen hozz\u00e1f\u00e9rhet a j\u00e1t\u00e9khoz b\u00e1rhol \u00e9s b\u00e1rmikor. J\u00e1tsszon a Plinko-val k\u00f6zvetlen\u00fcl a telefonj\u00e1r\u00f3l ingyenesen \u00e9s korl\u00e1toz\u00e1sok n\u00e9lk\u00fcl.\" \/>\n<meta property=\"og:url\" content=\"https:\/\/plinko-game.win\/hu\/apk\/\" \/>\n<meta property=\"og:site_name\" content=\"Plinko Team HU\" \/>\n<meta property=\"article:modified_time\" content=\"2025-03-24T18:46:12+00:00\" \/>\n<meta name=\"twitter:card\" content=\"summary_large_image\" \/>\n<script type=\"application\/ld+json\" class=\"yoast-schema-graph\">{\"@context\":\"https:\/\/schema.org\",\"@graph\":[{\"@type\":\"WebPage\",\"@id\":\"https:\/\/plinko-game.win\/hu\/apk\/\",\"url\":\"https:\/\/plinko-game.win\/hu\/apk\/\",\"name\":\"Plinko APK > Let\u00f6lt\u00e9s \u00e9s j\u00e1t\u00e9k Androidon ingyen\",\"isPartOf\":{\"@id\":\"https:\/\/plinko-game.win\/hu\/#website\"},\"datePublished\":\"2024-12-06T10:31:46+00:00\",\"dateModified\":\"2025-03-24T18:46:12+00:00\",\"description\":\"T\u00f6ltse le a Plinko APK-t Androidon! K\u00f6nnyen hozz\u00e1f\u00e9rhet a j\u00e1t\u00e9khoz b\u00e1rhol \u00e9s b\u00e1rmikor. J\u00e1tsszon a Plinko-val k\u00f6zvetlen\u00fcl a telefonj\u00e1r\u00f3l ingyenesen \u00e9s korl\u00e1toz\u00e1sok n\u00e9lk\u00fcl.\",\"breadcrumb\":{\"@id\":\"https:\/\/plinko-game.win\/hu\/apk\/#breadcrumb\"},\"inLanguage\":\"hu\",\"potentialAction\":[{\"@type\":\"ReadAction\",\"target\":[\"https:\/\/plinko-game.win\/hu\/apk\/\"]}]},{\"@type\":\"BreadcrumbList\",\"@id\":\"https:\/\/plinko-game.win\/hu\/apk\/#breadcrumb\",\"itemListElement\":[{\"@type\":\"ListItem\",\"position\":1,\"name\":\"\u0413\u043b\u0430\u0432\u043d\u0430\u044f \u0441\u0442\u0440\u0430\u043d\u0438\u0446\u0430\",\"item\":\"https:\/\/plinko-game.win\/hu\/\"},{\"@type\":\"ListItem\",\"position\":2,\"name\":\"APK\"}]},{\"@type\":\"WebSite\",\"@id\":\"https:\/\/plinko-game.win\/hu\/#website\",\"url\":\"https:\/\/plinko-game.win\/hu\/\",\"name\":\"Plinko Team HU\",\"description\":\"\",\"potentialAction\":[{\"@type\":\"SearchAction\",\"target\":{\"@type\":\"EntryPoint\",\"urlTemplate\":\"https:\/\/plinko-game.win\/hu\/?s={search_term_string}\"},\"query-input\":{\"@type\":\"PropertyValueSpecification\",\"valueRequired\":true,\"valueName\":\"search_term_string\"}}],\"inLanguage\":\"hu\"}]}<\/script>\n<!-- \/ Yoast SEO plugin. -->","yoast_head_json":{"title":"Plinko APK > Let\u00f6lt\u00e9s \u00e9s j\u00e1t\u00e9k Androidon ingyen","description":"T\u00f6ltse le a Plinko APK-t Androidon! K\u00f6nnyen hozz\u00e1f\u00e9rhet a j\u00e1t\u00e9khoz b\u00e1rhol \u00e9s b\u00e1rmikor. J\u00e1tsszon a Plinko-val k\u00f6zvetlen\u00fcl a telefonj\u00e1r\u00f3l ingyenesen \u00e9s korl\u00e1toz\u00e1sok n\u00e9lk\u00fcl.","robots":{"index":"index","follow":"follow","max-snippet":"max-snippet:-1","max-image-preview":"max-image-preview:large","max-video-preview":"max-video-preview:-1"},"og_locale":"hu_HU","og_type":"article","og_title":"Plinko APK > Let\u00f6lt\u00e9s \u00e9s j\u00e1t\u00e9k Androidon ingyen","og_description":"T\u00f6ltse le a Plinko APK-t Androidon! K\u00f6nnyen hozz\u00e1f\u00e9rhet a j\u00e1t\u00e9khoz b\u00e1rhol \u00e9s b\u00e1rmikor. J\u00e1tsszon a Plinko-val k\u00f6zvetlen\u00fcl a telefonj\u00e1r\u00f3l ingyenesen \u00e9s korl\u00e1toz\u00e1sok n\u00e9lk\u00fcl.","og_url":"https:\/\/plinko-game.win\/hu\/apk\/","og_site_name":"Plinko Team HU","article_modified_time":"2025-03-24T18:46:12+00:00","twitter_card":"summary_large_image","schema":{"@context":"https:\/\/schema.org","@graph":[{"@type":"WebPage","@id":"https:\/\/plinko-game.win\/hu\/apk\/","url":"https:\/\/plinko-game.win\/hu\/apk\/","name":"Plinko APK > Let\u00f6lt\u00e9s \u00e9s j\u00e1t\u00e9k Androidon ingyen","isPartOf":{"@id":"https:\/\/plinko-game.win\/hu\/#website"},"datePublished":"2024-12-06T10:31:46+00:00","dateModified":"2025-03-24T18:46:12+00:00","description":"T\u00f6ltse le a Plinko APK-t Androidon! K\u00f6nnyen hozz\u00e1f\u00e9rhet a j\u00e1t\u00e9khoz b\u00e1rhol \u00e9s b\u00e1rmikor. J\u00e1tsszon a Plinko-val k\u00f6zvetlen\u00fcl a telefonj\u00e1r\u00f3l ingyenesen \u00e9s korl\u00e1toz\u00e1sok n\u00e9lk\u00fcl.","breadcrumb":{"@id":"https:\/\/plinko-game.win\/hu\/apk\/#breadcrumb"},"inLanguage":"hu","potentialAction":[{"@type":"ReadAction","target":["https:\/\/plinko-game.win\/hu\/apk\/"]}]},{"@type":"BreadcrumbList","@id":"https:\/\/plinko-game.win\/hu\/apk\/#breadcrumb","itemListElement":[{"@type":"ListItem","position":1,"name":"\u0413\u043b\u0430\u0432\u043d\u0430\u044f \u0441\u0442\u0440\u0430\u043d\u0438\u0446\u0430","item":"https:\/\/plinko-game.win\/hu\/"},{"@type":"ListItem","position":2,"name":"APK"}]},{"@type":"WebSite","@id":"https:\/\/plinko-game.win\/hu\/#website","url":"https:\/\/plinko-game.win\/hu\/","name":"Plinko Team HU","description":"","potentialAction":[{"@type":"SearchAction","target":{"@type":"EntryPoint","urlTemplate":"https:\/\/plinko-game.win\/hu\/?s={search_term_string}"},"query-input":{"@type":"PropertyValueSpecification","valueRequired":true,"valueName":"search_term_string"}}],"inLanguage":"hu"}]}},"_links":{"self":[{"href":"https:\/\/plinko-game.win\/hu\/wp-json\/wp\/v2\/pages\/224","targetHints":{"allow":["GET"]}}],"collection":[{"href":"https:\/\/plinko-game.win\/hu\/wp-json\/wp\/v2\/pages"}],"about":[{"href":"https:\/\/plinko-game.win\/hu\/wp-json\/wp\/v2\/types\/page"}],"author":[{"embeddable":true,"href":"https:\/\/plinko-game.win\/hu\/wp-json\/wp\/v2\/users\/1"}],"replies":[{"embeddable":true,"href":"https:\/\/plinko-game.win\/hu\/wp-json\/wp\/v2\/comments?post=224"}],"version-history":[{"count":9,"href":"https:\/\/plinko-game.win\/hu\/wp-json\/wp\/v2\/pages\/224\/revisions"}],"predecessor-version":[{"id":336,"href":"https:\/\/plinko-game.win\/hu\/wp-json\/wp\/v2\/pages\/224\/revisions\/336"}],"wp:attachment":[{"href":"https:\/\/plinko-game.win\/hu\/wp-json\/wp\/v2\/media?parent=224"}],"curies":[{"name":"wp","href":"https:\/\/api.w.org\/{rel}","templated":true}]}}