{"id":228,"date":"2024-12-06T10:27:26","date_gmt":"2024-12-06T10:27:26","guid":{"rendered":"https:\/\/plinko-game.win\/hu\/?page_id=228"},"modified":"2025-03-24T19:57:54","modified_gmt":"2025-03-24T19:57:54","slug":"app","status":"publish","type":"page","link":"https:\/\/plinko-game.win\/hu\/app\/","title":{"rendered":"Alkalmaz\u00e1s"},"content":{"rendered":"<p>&nbsp;<\/p>\n<p>&nbsp;<\/p>\n<p>&nbsp;<\/p>\n","protected":false},"excerpt":{"rendered":"<p>&nbsp; &nbsp; &nbsp;<\/p>\n","protected":false},"author":1,"featured_media":0,"parent":0,"menu_order":0,"comment_status":"closed","ping_status":"closed","template":"","meta":{"footnotes":""},"class_list":["post-228","page","type-page","status-publish","hentry"],"yoast_head":"<!-- This site is optimized with the Yoast SEO plugin v23.9 - https:\/\/yoast.com\/wordpress\/plugins\/seo\/ -->\n<title>App Plinko &gt; J\u00e1tssz iOS \u00e9s Android rendszeren b\u00e1rmikor<\/title>\n<meta name=\"description\" content=\"T\u00f6ltse le a Plinko alkalmaz\u00e1st iOS-re \u00e9s Androidra! K\u00f6nnyen hozz\u00e1f\u00e9rhet kedvenc j\u00e1t\u00e9k\u00e1hoz k\u00f6zvetlen\u00fcl okostelefonj\u00e1n. J\u00e1tssz a Plink\u00f3val b\u00e1rhol!\" \/>\n<meta name=\"robots\" content=\"index, follow, max-snippet:-1, max-image-preview:large, max-video-preview:-1\" \/>\n<meta property=\"og:locale\" content=\"hu_HU\" \/>\n<meta property=\"og:type\" content=\"article\" \/>\n<meta property=\"og:title\" content=\"App Plinko &gt; J\u00e1tssz iOS \u00e9s Android rendszeren b\u00e1rmikor\" \/>\n<meta property=\"og:description\" content=\"T\u00f6ltse le a Plinko alkalmaz\u00e1st iOS-re \u00e9s Androidra! K\u00f6nnyen hozz\u00e1f\u00e9rhet kedvenc j\u00e1t\u00e9k\u00e1hoz k\u00f6zvetlen\u00fcl okostelefonj\u00e1n. J\u00e1tssz a Plink\u00f3val b\u00e1rhol!\" \/>\n<meta property=\"og:url\" content=\"https:\/\/plinko-game.win\/hu\/app\/\" \/>\n<meta property=\"og:site_name\" content=\"Plinko Team HU\" \/>\n<meta property=\"article:modified_time\" content=\"2025-03-24T19:57:54+00:00\" \/>\n<meta name=\"twitter:card\" content=\"summary_large_image\" \/>\n<script type=\"application\/ld+json\" class=\"yoast-schema-graph\">{\"@context\":\"https:\/\/schema.org\",\"@graph\":[{\"@type\":\"WebPage\",\"@id\":\"https:\/\/plinko-game.win\/hu\/app\/\",\"url\":\"https:\/\/plinko-game.win\/hu\/app\/\",\"name\":\"App Plinko > J\u00e1tssz iOS \u00e9s Android rendszeren b\u00e1rmikor\",\"isPartOf\":{\"@id\":\"https:\/\/plinko-game.win\/hu\/#website\"},\"datePublished\":\"2024-12-06T10:27:26+00:00\",\"dateModified\":\"2025-03-24T19:57:54+00:00\",\"description\":\"T\u00f6ltse le a Plinko alkalmaz\u00e1st iOS-re \u00e9s Androidra! K\u00f6nnyen hozz\u00e1f\u00e9rhet kedvenc j\u00e1t\u00e9k\u00e1hoz k\u00f6zvetlen\u00fcl okostelefonj\u00e1n. J\u00e1tssz a Plink\u00f3val b\u00e1rhol!\",\"breadcrumb\":{\"@id\":\"https:\/\/plinko-game.win\/hu\/app\/#breadcrumb\"},\"inLanguage\":\"hu\",\"potentialAction\":[{\"@type\":\"ReadAction\",\"target\":[\"https:\/\/plinko-game.win\/hu\/app\/\"]}]},{\"@type\":\"BreadcrumbList\",\"@id\":\"https:\/\/plinko-game.win\/hu\/app\/#breadcrumb\",\"itemListElement\":[{\"@type\":\"ListItem\",\"position\":1,\"name\":\"\u0413\u043b\u0430\u0432\u043d\u0430\u044f \u0441\u0442\u0440\u0430\u043d\u0438\u0446\u0430\",\"item\":\"https:\/\/plinko-game.win\/hu\/\"},{\"@type\":\"ListItem\",\"position\":2,\"name\":\"Alkalmaz\u00e1s\"}]},{\"@type\":\"WebSite\",\"@id\":\"https:\/\/plinko-game.win\/hu\/#website\",\"url\":\"https:\/\/plinko-game.win\/hu\/\",\"name\":\"Plinko Team HU\",\"description\":\"\",\"potentialAction\":[{\"@type\":\"SearchAction\",\"target\":{\"@type\":\"EntryPoint\",\"urlTemplate\":\"https:\/\/plinko-game.win\/hu\/?s={search_term_string}\"},\"query-input\":{\"@type\":\"PropertyValueSpecification\",\"valueRequired\":true,\"valueName\":\"search_term_string\"}}],\"inLanguage\":\"hu\"}]}<\/script>\n<!-- \/ Yoast SEO plugin. -->","yoast_head_json":{"title":"App Plinko > J\u00e1tssz iOS \u00e9s Android rendszeren b\u00e1rmikor","description":"T\u00f6ltse le a Plinko alkalmaz\u00e1st iOS-re \u00e9s Androidra! K\u00f6nnyen hozz\u00e1f\u00e9rhet kedvenc j\u00e1t\u00e9k\u00e1hoz k\u00f6zvetlen\u00fcl okostelefonj\u00e1n. J\u00e1tssz a Plink\u00f3val b\u00e1rhol!","robots":{"index":"index","follow":"follow","max-snippet":"max-snippet:-1","max-image-preview":"max-image-preview:large","max-video-preview":"max-video-preview:-1"},"og_locale":"hu_HU","og_type":"article","og_title":"App Plinko > J\u00e1tssz iOS \u00e9s Android rendszeren b\u00e1rmikor","og_description":"T\u00f6ltse le a Plinko alkalmaz\u00e1st iOS-re \u00e9s Androidra! K\u00f6nnyen hozz\u00e1f\u00e9rhet kedvenc j\u00e1t\u00e9k\u00e1hoz k\u00f6zvetlen\u00fcl okostelefonj\u00e1n. J\u00e1tssz a Plink\u00f3val b\u00e1rhol!","og_url":"https:\/\/plinko-game.win\/hu\/app\/","og_site_name":"Plinko Team HU","article_modified_time":"2025-03-24T19:57:54+00:00","twitter_card":"summary_large_image","schema":{"@context":"https:\/\/schema.org","@graph":[{"@type":"WebPage","@id":"https:\/\/plinko-game.win\/hu\/app\/","url":"https:\/\/plinko-game.win\/hu\/app\/","name":"App Plinko > J\u00e1tssz iOS \u00e9s Android rendszeren b\u00e1rmikor","isPartOf":{"@id":"https:\/\/plinko-game.win\/hu\/#website"},"datePublished":"2024-12-06T10:27:26+00:00","dateModified":"2025-03-24T19:57:54+00:00","description":"T\u00f6ltse le a Plinko alkalmaz\u00e1st iOS-re \u00e9s Androidra! K\u00f6nnyen hozz\u00e1f\u00e9rhet kedvenc j\u00e1t\u00e9k\u00e1hoz k\u00f6zvetlen\u00fcl okostelefonj\u00e1n. J\u00e1tssz a Plink\u00f3val b\u00e1rhol!","breadcrumb":{"@id":"https:\/\/plinko-game.win\/hu\/app\/#breadcrumb"},"inLanguage":"hu","potentialAction":[{"@type":"ReadAction","target":["https:\/\/plinko-game.win\/hu\/app\/"]}]},{"@type":"BreadcrumbList","@id":"https:\/\/plinko-game.win\/hu\/app\/#breadcrumb","itemListElement":[{"@type":"ListItem","position":1,"name":"\u0413\u043b\u0430\u0432\u043d\u0430\u044f \u0441\u0442\u0440\u0430\u043d\u0438\u0446\u0430","item":"https:\/\/plinko-game.win\/hu\/"},{"@type":"ListItem","position":2,"name":"Alkalmaz\u00e1s"}]},{"@type":"WebSite","@id":"https:\/\/plinko-game.win\/hu\/#website","url":"https:\/\/plinko-game.win\/hu\/","name":"Plinko Team HU","description":"","potentialAction":[{"@type":"SearchAction","target":{"@type":"EntryPoint","urlTemplate":"https:\/\/plinko-game.win\/hu\/?s={search_term_string}"},"query-input":{"@type":"PropertyValueSpecification","valueRequired":true,"valueName":"search_term_string"}}],"inLanguage":"hu"}]}},"_links":{"self":[{"href":"https:\/\/plinko-game.win\/hu\/wp-json\/wp\/v2\/pages\/228","targetHints":{"allow":["GET"]}}],"collection":[{"href":"https:\/\/plinko-game.win\/hu\/wp-json\/wp\/v2\/pages"}],"about":[{"href":"https:\/\/plinko-game.win\/hu\/wp-json\/wp\/v2\/types\/page"}],"author":[{"embeddable":true,"href":"https:\/\/plinko-game.win\/hu\/wp-json\/wp\/v2\/users\/1"}],"replies":[{"embeddable":true,"href":"https:\/\/plinko-game.win\/hu\/wp-json\/wp\/v2\/comments?post=228"}],"version-history":[{"count":10,"href":"https:\/\/plinko-game.win\/hu\/wp-json\/wp\/v2\/pages\/228\/revisions"}],"predecessor-version":[{"id":338,"href":"https:\/\/plinko-game.win\/hu\/wp-json\/wp\/v2\/pages\/228\/revisions\/338"}],"wp:attachment":[{"href":"https:\/\/plinko-game.win\/hu\/wp-json\/wp\/v2\/media?parent=228"}],"curies":[{"name":"wp","href":"https:\/\/api.w.org\/{rel}","templated":true}]}}