{"id":235,"date":"2024-12-06T10:33:21","date_gmt":"2024-12-06T10:33:21","guid":{"rendered":"https:\/\/plinko-game.win\/hu\/?page_id=235"},"modified":"2025-03-24T20:23:12","modified_gmt":"2025-03-24T20:23:12","slug":"strategies-and-tips","status":"publish","type":"page","link":"https:\/\/plinko-game.win\/hu\/strategies-and-tips\/","title":{"rendered":"Strat\u00e9gi\u00e1k \u00e9s tippek"},"content":{"rendered":"<p>&nbsp;<\/p>\n<p>&nbsp;<\/p>\n","protected":false},"excerpt":{"rendered":"<p>&nbsp; &nbsp;<\/p>\n","protected":false},"author":1,"featured_media":0,"parent":0,"menu_order":0,"comment_status":"closed","ping_status":"closed","template":"","meta":{"footnotes":""},"class_list":["post-235","page","type-page","status-publish","hentry"],"yoast_head":"<!-- This site is optimized with the Yoast SEO plugin v23.9 - https:\/\/yoast.com\/wordpress\/plugins\/seo\/ -->\n<title>Plinko strat\u00e9gia &gt; Hogyan maximaliz\u00e1ld nyer\u00e9si es\u00e9lyeidet<\/title>\n<meta name=\"description\" content=\"Ismerje meg a legjobb strat\u00e9gi\u00e1kat a Plinko j\u00e1t\u00e9khoz! Tippek, titkok \u00e9s taktik\u00e1k \u2013 l\u00e9gy most Plinko mester!\" \/>\n<meta name=\"robots\" content=\"index, follow, max-snippet:-1, max-image-preview:large, max-video-preview:-1\" \/>\n<meta property=\"og:locale\" content=\"hu_HU\" \/>\n<meta property=\"og:type\" content=\"article\" \/>\n<meta property=\"og:title\" content=\"Plinko strat\u00e9gia &gt; Hogyan maximaliz\u00e1ld nyer\u00e9si es\u00e9lyeidet\" \/>\n<meta property=\"og:description\" content=\"Ismerje meg a legjobb strat\u00e9gi\u00e1kat a Plinko j\u00e1t\u00e9khoz! Tippek, titkok \u00e9s taktik\u00e1k \u2013 l\u00e9gy most Plinko mester!\" \/>\n<meta property=\"og:url\" content=\"https:\/\/plinko-game.win\/hu\/strategies-and-tips\/\" \/>\n<meta property=\"og:site_name\" content=\"Plinko Team HU\" \/>\n<meta property=\"article:modified_time\" content=\"2025-03-24T20:23:12+00:00\" \/>\n<meta name=\"twitter:card\" content=\"summary_large_image\" \/>\n<script type=\"application\/ld+json\" class=\"yoast-schema-graph\">{\"@context\":\"https:\/\/schema.org\",\"@graph\":[{\"@type\":\"WebPage\",\"@id\":\"https:\/\/plinko-game.win\/hu\/strategies-and-tips\/\",\"url\":\"https:\/\/plinko-game.win\/hu\/strategies-and-tips\/\",\"name\":\"Plinko strat\u00e9gia > Hogyan maximaliz\u00e1ld nyer\u00e9si es\u00e9lyeidet\",\"isPartOf\":{\"@id\":\"https:\/\/plinko-game.win\/hu\/#website\"},\"datePublished\":\"2024-12-06T10:33:21+00:00\",\"dateModified\":\"2025-03-24T20:23:12+00:00\",\"description\":\"Ismerje meg a legjobb strat\u00e9gi\u00e1kat a Plinko j\u00e1t\u00e9khoz! Tippek, titkok \u00e9s taktik\u00e1k \u2013 l\u00e9gy most Plinko mester!\",\"breadcrumb\":{\"@id\":\"https:\/\/plinko-game.win\/hu\/strategies-and-tips\/#breadcrumb\"},\"inLanguage\":\"hu\",\"potentialAction\":[{\"@type\":\"ReadAction\",\"target\":[\"https:\/\/plinko-game.win\/hu\/strategies-and-tips\/\"]}]},{\"@type\":\"BreadcrumbList\",\"@id\":\"https:\/\/plinko-game.win\/hu\/strategies-and-tips\/#breadcrumb\",\"itemListElement\":[{\"@type\":\"ListItem\",\"position\":1,\"name\":\"\u0413\u043b\u0430\u0432\u043d\u0430\u044f \u0441\u0442\u0440\u0430\u043d\u0438\u0446\u0430\",\"item\":\"https:\/\/plinko-game.win\/hu\/\"},{\"@type\":\"ListItem\",\"position\":2,\"name\":\"Strat\u00e9gi\u00e1k \u00e9s tippek\"}]},{\"@type\":\"WebSite\",\"@id\":\"https:\/\/plinko-game.win\/hu\/#website\",\"url\":\"https:\/\/plinko-game.win\/hu\/\",\"name\":\"Plinko Team HU\",\"description\":\"\",\"potentialAction\":[{\"@type\":\"SearchAction\",\"target\":{\"@type\":\"EntryPoint\",\"urlTemplate\":\"https:\/\/plinko-game.win\/hu\/?s={search_term_string}\"},\"query-input\":{\"@type\":\"PropertyValueSpecification\",\"valueRequired\":true,\"valueName\":\"search_term_string\"}}],\"inLanguage\":\"hu\"}]}<\/script>\n<!-- \/ Yoast SEO plugin. -->","yoast_head_json":{"title":"Plinko strat\u00e9gia > Hogyan maximaliz\u00e1ld nyer\u00e9si es\u00e9lyeidet","description":"Ismerje meg a legjobb strat\u00e9gi\u00e1kat a Plinko j\u00e1t\u00e9khoz! Tippek, titkok \u00e9s taktik\u00e1k \u2013 l\u00e9gy most Plinko mester!","robots":{"index":"index","follow":"follow","max-snippet":"max-snippet:-1","max-image-preview":"max-image-preview:large","max-video-preview":"max-video-preview:-1"},"og_locale":"hu_HU","og_type":"article","og_title":"Plinko strat\u00e9gia > Hogyan maximaliz\u00e1ld nyer\u00e9si es\u00e9lyeidet","og_description":"Ismerje meg a legjobb strat\u00e9gi\u00e1kat a Plinko j\u00e1t\u00e9khoz! Tippek, titkok \u00e9s taktik\u00e1k \u2013 l\u00e9gy most Plinko mester!","og_url":"https:\/\/plinko-game.win\/hu\/strategies-and-tips\/","og_site_name":"Plinko Team HU","article_modified_time":"2025-03-24T20:23:12+00:00","twitter_card":"summary_large_image","schema":{"@context":"https:\/\/schema.org","@graph":[{"@type":"WebPage","@id":"https:\/\/plinko-game.win\/hu\/strategies-and-tips\/","url":"https:\/\/plinko-game.win\/hu\/strategies-and-tips\/","name":"Plinko strat\u00e9gia > Hogyan maximaliz\u00e1ld nyer\u00e9si es\u00e9lyeidet","isPartOf":{"@id":"https:\/\/plinko-game.win\/hu\/#website"},"datePublished":"2024-12-06T10:33:21+00:00","dateModified":"2025-03-24T20:23:12+00:00","description":"Ismerje meg a legjobb strat\u00e9gi\u00e1kat a Plinko j\u00e1t\u00e9khoz! Tippek, titkok \u00e9s taktik\u00e1k \u2013 l\u00e9gy most Plinko mester!","breadcrumb":{"@id":"https:\/\/plinko-game.win\/hu\/strategies-and-tips\/#breadcrumb"},"inLanguage":"hu","potentialAction":[{"@type":"ReadAction","target":["https:\/\/plinko-game.win\/hu\/strategies-and-tips\/"]}]},{"@type":"BreadcrumbList","@id":"https:\/\/plinko-game.win\/hu\/strategies-and-tips\/#breadcrumb","itemListElement":[{"@type":"ListItem","position":1,"name":"\u0413\u043b\u0430\u0432\u043d\u0430\u044f \u0441\u0442\u0440\u0430\u043d\u0438\u0446\u0430","item":"https:\/\/plinko-game.win\/hu\/"},{"@type":"ListItem","position":2,"name":"Strat\u00e9gi\u00e1k \u00e9s tippek"}]},{"@type":"WebSite","@id":"https:\/\/plinko-game.win\/hu\/#website","url":"https:\/\/plinko-game.win\/hu\/","name":"Plinko Team HU","description":"","potentialAction":[{"@type":"SearchAction","target":{"@type":"EntryPoint","urlTemplate":"https:\/\/plinko-game.win\/hu\/?s={search_term_string}"},"query-input":{"@type":"PropertyValueSpecification","valueRequired":true,"valueName":"search_term_string"}}],"inLanguage":"hu"}]}},"_links":{"self":[{"href":"https:\/\/plinko-game.win\/hu\/wp-json\/wp\/v2\/pages\/235","targetHints":{"allow":["GET"]}}],"collection":[{"href":"https:\/\/plinko-game.win\/hu\/wp-json\/wp\/v2\/pages"}],"about":[{"href":"https:\/\/plinko-game.win\/hu\/wp-json\/wp\/v2\/types\/page"}],"author":[{"embeddable":true,"href":"https:\/\/plinko-game.win\/hu\/wp-json\/wp\/v2\/users\/1"}],"replies":[{"embeddable":true,"href":"https:\/\/plinko-game.win\/hu\/wp-json\/wp\/v2\/comments?post=235"}],"version-history":[{"count":11,"href":"https:\/\/plinko-game.win\/hu\/wp-json\/wp\/v2\/pages\/235\/revisions"}],"predecessor-version":[{"id":341,"href":"https:\/\/plinko-game.win\/hu\/wp-json\/wp\/v2\/pages\/235\/revisions\/341"}],"wp:attachment":[{"href":"https:\/\/plinko-game.win\/hu\/wp-json\/wp\/v2\/media?parent=235"}],"curies":[{"name":"wp","href":"https:\/\/api.w.org\/{rel}","templated":true}]}}