{"id":158,"date":"2024-12-06T09:50:27","date_gmt":"2024-12-06T09:50:27","guid":{"rendered":"https:\/\/plinko-game.win\/lt\/?page_id=158"},"modified":"2025-03-18T09:45:56","modified_gmt":"2025-03-18T09:45:56","slug":"glavnaya","status":"publish","type":"page","link":"https:\/\/plinko-game.win\/lt\/","title":{"rendered":"Pagrindinis puslapis"},"content":{"rendered":"<p>&nbsp;<\/p>\n<p>&nbsp;<\/p>\n<p>&nbsp;<\/p>\n","protected":false},"excerpt":{"rendered":"<p>&nbsp; &nbsp; &nbsp;<\/p>\n","protected":false},"author":1,"featured_media":0,"parent":0,"menu_order":0,"comment_status":"closed","ping_status":"closed","template":"","meta":{"footnotes":""},"class_list":["post-158","page","type-page","status-publish","hentry"],"yoast_head":"<!-- This site is optimized with the Yoast SEO plugin v23.9 - https:\/\/yoast.com\/wordpress\/plugins\/seo\/ -->\n<title>Plinko by Spribe \u1405 \u017daisk populiar\u0173 \u017eaidim\u0105 ir laim\u0117k<\/title>\n<meta name=\"description\" content=\"Pasinerkite \u012f jaudinan\u010dio \u017eaidimo Plinko pasaul\u012f! Paprastos taisykl\u0117s, \u012fdomus \u017eaidimas ir galimyb\u0117 laim\u0117ti didelius laim\u0117jimus. \u017daisk internetu dabar!\" \/>\n<meta name=\"robots\" content=\"index, follow, max-snippet:-1, max-image-preview:large, max-video-preview:-1\" \/>\n<meta property=\"og:locale\" content=\"lt_LT\" \/>\n<meta property=\"og:type\" content=\"article\" \/>\n<meta property=\"og:title\" content=\"Plinko by Spribe \u1405 \u017daisk populiar\u0173 \u017eaidim\u0105 ir laim\u0117k\" \/>\n<meta property=\"og:description\" content=\"Pasinerkite \u012f jaudinan\u010dio \u017eaidimo Plinko pasaul\u012f! Paprastos taisykl\u0117s, \u012fdomus \u017eaidimas ir galimyb\u0117 laim\u0117ti didelius laim\u0117jimus. \u017daisk internetu dabar!\" \/>\n<meta property=\"og:url\" content=\"https:\/\/plinko-game.win\/lt\/\" \/>\n<meta property=\"og:site_name\" content=\"Plinko Team LT\" \/>\n<meta property=\"article:modified_time\" content=\"2025-03-18T09:45:56+00:00\" \/>\n<meta name=\"twitter:card\" content=\"summary_large_image\" \/>\n<script type=\"application\/ld+json\" class=\"yoast-schema-graph\">{\"@context\":\"https:\/\/schema.org\",\"@graph\":[{\"@type\":\"WebPage\",\"@id\":\"https:\/\/plinko-game.win\/lt\/\",\"url\":\"https:\/\/plinko-game.win\/lt\/\",\"name\":\"Plinko by Spribe \u1405 \u017daisk populiar\u0173 \u017eaidim\u0105 ir laim\u0117k\",\"isPartOf\":{\"@id\":\"https:\/\/plinko-game.win\/lt\/#website\"},\"datePublished\":\"2024-12-06T09:50:27+00:00\",\"dateModified\":\"2025-03-18T09:45:56+00:00\",\"description\":\"Pasinerkite \u012f jaudinan\u010dio \u017eaidimo Plinko pasaul\u012f! Paprastos taisykl\u0117s, \u012fdomus \u017eaidimas ir galimyb\u0117 laim\u0117ti didelius laim\u0117jimus. \u017daisk internetu dabar!\",\"breadcrumb\":{\"@id\":\"https:\/\/plinko-game.win\/lt\/#breadcrumb\"},\"inLanguage\":\"lt-LT\",\"potentialAction\":[{\"@type\":\"ReadAction\",\"target\":[\"https:\/\/plinko-game.win\/lt\/\"]}]},{\"@type\":\"BreadcrumbList\",\"@id\":\"https:\/\/plinko-game.win\/lt\/#breadcrumb\",\"itemListElement\":[{\"@type\":\"ListItem\",\"position\":1,\"name\":\"\u0413\u043b\u0430\u0432\u043d\u0430\u044f \u0441\u0442\u0440\u0430\u043d\u0438\u0446\u0430\",\"item\":\"https:\/\/plinko-game.win\/lt\/\"},{\"@type\":\"ListItem\",\"position\":2,\"name\":\"Pagrindinis puslapis\"}]},{\"@type\":\"WebSite\",\"@id\":\"https:\/\/plinko-game.win\/lt\/#website\",\"url\":\"https:\/\/plinko-game.win\/lt\/\",\"name\":\"Plinko Team LT\",\"description\":\"\",\"potentialAction\":[{\"@type\":\"SearchAction\",\"target\":{\"@type\":\"EntryPoint\",\"urlTemplate\":\"https:\/\/plinko-game.win\/lt\/?s={search_term_string}\"},\"query-input\":{\"@type\":\"PropertyValueSpecification\",\"valueRequired\":true,\"valueName\":\"search_term_string\"}}],\"inLanguage\":\"lt-LT\"}]}<\/script>\n<!-- \/ Yoast SEO plugin. -->","yoast_head_json":{"title":"Plinko by Spribe \u1405 \u017daisk populiar\u0173 \u017eaidim\u0105 ir laim\u0117k","description":"Pasinerkite \u012f jaudinan\u010dio \u017eaidimo Plinko pasaul\u012f! Paprastos taisykl\u0117s, \u012fdomus \u017eaidimas ir galimyb\u0117 laim\u0117ti didelius laim\u0117jimus. \u017daisk internetu dabar!","robots":{"index":"index","follow":"follow","max-snippet":"max-snippet:-1","max-image-preview":"max-image-preview:large","max-video-preview":"max-video-preview:-1"},"og_locale":"lt_LT","og_type":"article","og_title":"Plinko by Spribe \u1405 \u017daisk populiar\u0173 \u017eaidim\u0105 ir laim\u0117k","og_description":"Pasinerkite \u012f jaudinan\u010dio \u017eaidimo Plinko pasaul\u012f! Paprastos taisykl\u0117s, \u012fdomus \u017eaidimas ir galimyb\u0117 laim\u0117ti didelius laim\u0117jimus. \u017daisk internetu dabar!","og_url":"https:\/\/plinko-game.win\/lt\/","og_site_name":"Plinko Team LT","article_modified_time":"2025-03-18T09:45:56+00:00","twitter_card":"summary_large_image","schema":{"@context":"https:\/\/schema.org","@graph":[{"@type":"WebPage","@id":"https:\/\/plinko-game.win\/lt\/","url":"https:\/\/plinko-game.win\/lt\/","name":"Plinko by Spribe \u1405 \u017daisk populiar\u0173 \u017eaidim\u0105 ir laim\u0117k","isPartOf":{"@id":"https:\/\/plinko-game.win\/lt\/#website"},"datePublished":"2024-12-06T09:50:27+00:00","dateModified":"2025-03-18T09:45:56+00:00","description":"Pasinerkite \u012f jaudinan\u010dio \u017eaidimo Plinko pasaul\u012f! Paprastos taisykl\u0117s, \u012fdomus \u017eaidimas ir galimyb\u0117 laim\u0117ti didelius laim\u0117jimus. \u017daisk internetu dabar!","breadcrumb":{"@id":"https:\/\/plinko-game.win\/lt\/#breadcrumb"},"inLanguage":"lt-LT","potentialAction":[{"@type":"ReadAction","target":["https:\/\/plinko-game.win\/lt\/"]}]},{"@type":"BreadcrumbList","@id":"https:\/\/plinko-game.win\/lt\/#breadcrumb","itemListElement":[{"@type":"ListItem","position":1,"name":"\u0413\u043b\u0430\u0432\u043d\u0430\u044f \u0441\u0442\u0440\u0430\u043d\u0438\u0446\u0430","item":"https:\/\/plinko-game.win\/lt\/"},{"@type":"ListItem","position":2,"name":"Pagrindinis puslapis"}]},{"@type":"WebSite","@id":"https:\/\/plinko-game.win\/lt\/#website","url":"https:\/\/plinko-game.win\/lt\/","name":"Plinko Team LT","description":"","potentialAction":[{"@type":"SearchAction","target":{"@type":"EntryPoint","urlTemplate":"https:\/\/plinko-game.win\/lt\/?s={search_term_string}"},"query-input":{"@type":"PropertyValueSpecification","valueRequired":true,"valueName":"search_term_string"}}],"inLanguage":"lt-LT"}]}},"_links":{"self":[{"href":"https:\/\/plinko-game.win\/lt\/wp-json\/wp\/v2\/pages\/158","targetHints":{"allow":["GET"]}}],"collection":[{"href":"https:\/\/plinko-game.win\/lt\/wp-json\/wp\/v2\/pages"}],"about":[{"href":"https:\/\/plinko-game.win\/lt\/wp-json\/wp\/v2\/types\/page"}],"author":[{"embeddable":true,"href":"https:\/\/plinko-game.win\/lt\/wp-json\/wp\/v2\/users\/1"}],"replies":[{"embeddable":true,"href":"https:\/\/plinko-game.win\/lt\/wp-json\/wp\/v2\/comments?post=158"}],"version-history":[{"count":24,"href":"https:\/\/plinko-game.win\/lt\/wp-json\/wp\/v2\/pages\/158\/revisions"}],"predecessor-version":[{"id":335,"href":"https:\/\/plinko-game.win\/lt\/wp-json\/wp\/v2\/pages\/158\/revisions\/335"}],"wp:attachment":[{"href":"https:\/\/plinko-game.win\/lt\/wp-json\/wp\/v2\/media?parent=158"}],"curies":[{"name":"wp","href":"https:\/\/api.w.org\/{rel}","templated":true}]}}