{"id":224,"date":"2024-12-06T10:31:46","date_gmt":"2024-12-06T10:31:46","guid":{"rendered":"https:\/\/plinko-game.win\/no\/?page_id=224"},"modified":"2025-04-04T14:02:43","modified_gmt":"2025-04-04T14:02:43","slug":"apk","status":"publish","type":"page","link":"https:\/\/plinko-game.win\/no\/apk\/","title":{"rendered":"APK"},"content":{"rendered":"<p>&nbsp;<\/p>\n<p>&nbsp;<\/p>\n<p>&nbsp;<\/p>\n","protected":false},"excerpt":{"rendered":"<p>&nbsp; &nbsp; &nbsp;<\/p>\n","protected":false},"author":1,"featured_media":0,"parent":0,"menu_order":0,"comment_status":"closed","ping_status":"closed","template":"","meta":{"footnotes":""},"class_list":["post-224","page","type-page","status-publish","hentry"],"yoast_head":"<!-- This site is optimized with the Yoast SEO plugin v23.9 - https:\/\/yoast.com\/wordpress\/plugins\/seo\/ -->\n<title>Plinko APK &gt; Last ned og spill p\u00e5 Android gratis<\/title>\n<meta name=\"description\" content=\"Last ned Plinko APK p\u00e5 Android! F\u00e5 enkel tilgang til spillet n\u00e5r som helst og hvor som helst. Spill Plinko direkte fra telefonen din gratis og uten begrensninger.\" \/>\n<meta name=\"robots\" content=\"index, follow, max-snippet:-1, max-image-preview:large, max-video-preview:-1\" \/>\n<meta property=\"og:locale\" content=\"nb_NO\" \/>\n<meta property=\"og:type\" content=\"article\" \/>\n<meta property=\"og:title\" content=\"Plinko APK &gt; Last ned og spill p\u00e5 Android gratis\" \/>\n<meta property=\"og:description\" content=\"Last ned Plinko APK p\u00e5 Android! F\u00e5 enkel tilgang til spillet n\u00e5r som helst og hvor som helst. Spill Plinko direkte fra telefonen din gratis og uten begrensninger.\" \/>\n<meta property=\"og:url\" content=\"https:\/\/plinko-game.win\/no\/apk\/\" \/>\n<meta property=\"og:site_name\" content=\"Plinko Team NO\" \/>\n<meta property=\"article:modified_time\" content=\"2025-04-04T14:02:43+00:00\" \/>\n<meta name=\"twitter:card\" content=\"summary_large_image\" \/>\n<script type=\"application\/ld+json\" class=\"yoast-schema-graph\">{\"@context\":\"https:\/\/schema.org\",\"@graph\":[{\"@type\":\"WebPage\",\"@id\":\"https:\/\/plinko-game.win\/no\/apk\/\",\"url\":\"https:\/\/plinko-game.win\/no\/apk\/\",\"name\":\"Plinko APK > Last ned og spill p\u00e5 Android gratis\",\"isPartOf\":{\"@id\":\"https:\/\/plinko-game.win\/no\/#website\"},\"datePublished\":\"2024-12-06T10:31:46+00:00\",\"dateModified\":\"2025-04-04T14:02:43+00:00\",\"description\":\"Last ned Plinko APK p\u00e5 Android! F\u00e5 enkel tilgang til spillet n\u00e5r som helst og hvor som helst. Spill Plinko direkte fra telefonen din gratis og uten begrensninger.\",\"breadcrumb\":{\"@id\":\"https:\/\/plinko-game.win\/no\/apk\/#breadcrumb\"},\"inLanguage\":\"nb-NO\",\"potentialAction\":[{\"@type\":\"ReadAction\",\"target\":[\"https:\/\/plinko-game.win\/no\/apk\/\"]}]},{\"@type\":\"BreadcrumbList\",\"@id\":\"https:\/\/plinko-game.win\/no\/apk\/#breadcrumb\",\"itemListElement\":[{\"@type\":\"ListItem\",\"position\":1,\"name\":\"\u0413\u043b\u0430\u0432\u043d\u0430\u044f \u0441\u0442\u0440\u0430\u043d\u0438\u0446\u0430\",\"item\":\"https:\/\/plinko-game.win\/no\/\"},{\"@type\":\"ListItem\",\"position\":2,\"name\":\"APK\"}]},{\"@type\":\"WebSite\",\"@id\":\"https:\/\/plinko-game.win\/no\/#website\",\"url\":\"https:\/\/plinko-game.win\/no\/\",\"name\":\"Plinko Team NO\",\"description\":\"\",\"potentialAction\":[{\"@type\":\"SearchAction\",\"target\":{\"@type\":\"EntryPoint\",\"urlTemplate\":\"https:\/\/plinko-game.win\/no\/?s={search_term_string}\"},\"query-input\":{\"@type\":\"PropertyValueSpecification\",\"valueRequired\":true,\"valueName\":\"search_term_string\"}}],\"inLanguage\":\"nb-NO\"}]}<\/script>\n<!-- \/ Yoast SEO plugin. -->","yoast_head_json":{"title":"Plinko APK > Last ned og spill p\u00e5 Android gratis","description":"Last ned Plinko APK p\u00e5 Android! F\u00e5 enkel tilgang til spillet n\u00e5r som helst og hvor som helst. Spill Plinko direkte fra telefonen din gratis og uten begrensninger.","robots":{"index":"index","follow":"follow","max-snippet":"max-snippet:-1","max-image-preview":"max-image-preview:large","max-video-preview":"max-video-preview:-1"},"og_locale":"nb_NO","og_type":"article","og_title":"Plinko APK > Last ned og spill p\u00e5 Android gratis","og_description":"Last ned Plinko APK p\u00e5 Android! F\u00e5 enkel tilgang til spillet n\u00e5r som helst og hvor som helst. Spill Plinko direkte fra telefonen din gratis og uten begrensninger.","og_url":"https:\/\/plinko-game.win\/no\/apk\/","og_site_name":"Plinko Team NO","article_modified_time":"2025-04-04T14:02:43+00:00","twitter_card":"summary_large_image","schema":{"@context":"https:\/\/schema.org","@graph":[{"@type":"WebPage","@id":"https:\/\/plinko-game.win\/no\/apk\/","url":"https:\/\/plinko-game.win\/no\/apk\/","name":"Plinko APK > Last ned og spill p\u00e5 Android gratis","isPartOf":{"@id":"https:\/\/plinko-game.win\/no\/#website"},"datePublished":"2024-12-06T10:31:46+00:00","dateModified":"2025-04-04T14:02:43+00:00","description":"Last ned Plinko APK p\u00e5 Android! F\u00e5 enkel tilgang til spillet n\u00e5r som helst og hvor som helst. Spill Plinko direkte fra telefonen din gratis og uten begrensninger.","breadcrumb":{"@id":"https:\/\/plinko-game.win\/no\/apk\/#breadcrumb"},"inLanguage":"nb-NO","potentialAction":[{"@type":"ReadAction","target":["https:\/\/plinko-game.win\/no\/apk\/"]}]},{"@type":"BreadcrumbList","@id":"https:\/\/plinko-game.win\/no\/apk\/#breadcrumb","itemListElement":[{"@type":"ListItem","position":1,"name":"\u0413\u043b\u0430\u0432\u043d\u0430\u044f \u0441\u0442\u0440\u0430\u043d\u0438\u0446\u0430","item":"https:\/\/plinko-game.win\/no\/"},{"@type":"ListItem","position":2,"name":"APK"}]},{"@type":"WebSite","@id":"https:\/\/plinko-game.win\/no\/#website","url":"https:\/\/plinko-game.win\/no\/","name":"Plinko Team NO","description":"","potentialAction":[{"@type":"SearchAction","target":{"@type":"EntryPoint","urlTemplate":"https:\/\/plinko-game.win\/no\/?s={search_term_string}"},"query-input":{"@type":"PropertyValueSpecification","valueRequired":true,"valueName":"search_term_string"}}],"inLanguage":"nb-NO"}]}},"_links":{"self":[{"href":"https:\/\/plinko-game.win\/no\/wp-json\/wp\/v2\/pages\/224","targetHints":{"allow":["GET"]}}],"collection":[{"href":"https:\/\/plinko-game.win\/no\/wp-json\/wp\/v2\/pages"}],"about":[{"href":"https:\/\/plinko-game.win\/no\/wp-json\/wp\/v2\/types\/page"}],"author":[{"embeddable":true,"href":"https:\/\/plinko-game.win\/no\/wp-json\/wp\/v2\/users\/1"}],"replies":[{"embeddable":true,"href":"https:\/\/plinko-game.win\/no\/wp-json\/wp\/v2\/comments?post=224"}],"version-history":[{"count":9,"href":"https:\/\/plinko-game.win\/no\/wp-json\/wp\/v2\/pages\/224\/revisions"}],"predecessor-version":[{"id":348,"href":"https:\/\/plinko-game.win\/no\/wp-json\/wp\/v2\/pages\/224\/revisions\/348"}],"wp:attachment":[{"href":"https:\/\/plinko-game.win\/no\/wp-json\/wp\/v2\/media?parent=224"}],"curies":[{"name":"wp","href":"https:\/\/api.w.org\/{rel}","templated":true}]}}