{"id":190,"date":"2024-12-06T09:58:34","date_gmt":"2024-12-06T09:58:34","guid":{"rendered":"https:\/\/plinko-game.win\/pl\/?page_id=190"},"modified":"2025-03-06T08:25:08","modified_gmt":"2025-03-06T08:25:08","slug":"demo","status":"publish","type":"page","link":"https:\/\/plinko-game.win\/pl\/demo\/","title":{"rendered":"Demonstracja"},"content":{"rendered":"<p>&nbsp;<\/p>\n<p>&nbsp;<\/p>\n","protected":false},"excerpt":{"rendered":"<p>&nbsp; &nbsp;<\/p>\n","protected":false},"author":1,"featured_media":0,"parent":0,"menu_order":0,"comment_status":"closed","ping_status":"closed","template":"","meta":{"footnotes":""},"class_list":["post-190","page","type-page","status-publish","hentry"],"yoast_head":"<!-- This site is optimized with the Yoast SEO plugin v23.9 - https:\/\/yoast.com\/wordpress\/plugins\/seo\/ -->\n<title>Plinko Demo &gt; Graj za darmo i bez rejestracji<\/title>\n<meta name=\"description\" content=\"Wypr\u00f3buj Plinko w trybie demo! Graj za darmo i bez ryzyka, aby pozna\u0107 zasady i rozwija\u0107 swoje strategie.\" \/>\n<meta name=\"robots\" content=\"index, follow, max-snippet:-1, max-image-preview:large, max-video-preview:-1\" \/>\n<meta property=\"og:locale\" content=\"pl_PL\" \/>\n<meta property=\"og:type\" content=\"article\" \/>\n<meta property=\"og:title\" content=\"Plinko Demo &gt; Graj za darmo i bez rejestracji\" \/>\n<meta property=\"og:description\" content=\"Wypr\u00f3buj Plinko w trybie demo! Graj za darmo i bez ryzyka, aby pozna\u0107 zasady i rozwija\u0107 swoje strategie.\" \/>\n<meta property=\"og:url\" content=\"https:\/\/plinko-game.win\/pl\/demo\/\" \/>\n<meta property=\"og:site_name\" content=\"Plinko Team PL\" \/>\n<meta property=\"article:modified_time\" content=\"2025-03-06T08:25:08+00:00\" \/>\n<meta name=\"twitter:card\" content=\"summary_large_image\" \/>\n<script type=\"application\/ld+json\" class=\"yoast-schema-graph\">{\"@context\":\"https:\/\/schema.org\",\"@graph\":[{\"@type\":\"WebPage\",\"@id\":\"https:\/\/plinko-game.win\/pl\/demo\/\",\"url\":\"https:\/\/plinko-game.win\/pl\/demo\/\",\"name\":\"Plinko Demo > Graj za darmo i bez rejestracji\",\"isPartOf\":{\"@id\":\"https:\/\/plinko-game.win\/pl\/#website\"},\"datePublished\":\"2024-12-06T09:58:34+00:00\",\"dateModified\":\"2025-03-06T08:25:08+00:00\",\"description\":\"Wypr\u00f3buj Plinko w trybie demo! Graj za darmo i bez ryzyka, aby pozna\u0107 zasady i rozwija\u0107 swoje strategie.\",\"breadcrumb\":{\"@id\":\"https:\/\/plinko-game.win\/pl\/demo\/#breadcrumb\"},\"inLanguage\":\"pl-PL\",\"potentialAction\":[{\"@type\":\"ReadAction\",\"target\":[\"https:\/\/plinko-game.win\/pl\/demo\/\"]}]},{\"@type\":\"BreadcrumbList\",\"@id\":\"https:\/\/plinko-game.win\/pl\/demo\/#breadcrumb\",\"itemListElement\":[{\"@type\":\"ListItem\",\"position\":1,\"name\":\"\u0413\u043b\u0430\u0432\u043d\u0430\u044f \u0441\u0442\u0440\u0430\u043d\u0438\u0446\u0430\",\"item\":\"https:\/\/plinko-game.win\/pl\/\"},{\"@type\":\"ListItem\",\"position\":2,\"name\":\"Demonstracja\"}]},{\"@type\":\"WebSite\",\"@id\":\"https:\/\/plinko-game.win\/pl\/#website\",\"url\":\"https:\/\/plinko-game.win\/pl\/\",\"name\":\"Plinko Team PL\",\"description\":\"\",\"potentialAction\":[{\"@type\":\"SearchAction\",\"target\":{\"@type\":\"EntryPoint\",\"urlTemplate\":\"https:\/\/plinko-game.win\/pl\/?s={search_term_string}\"},\"query-input\":{\"@type\":\"PropertyValueSpecification\",\"valueRequired\":true,\"valueName\":\"search_term_string\"}}],\"inLanguage\":\"pl-PL\"}]}<\/script>\n<!-- \/ Yoast SEO plugin. -->","yoast_head_json":{"title":"Plinko Demo > Graj za darmo i bez rejestracji","description":"Wypr\u00f3buj Plinko w trybie demo! Graj za darmo i bez ryzyka, aby pozna\u0107 zasady i rozwija\u0107 swoje strategie.","robots":{"index":"index","follow":"follow","max-snippet":"max-snippet:-1","max-image-preview":"max-image-preview:large","max-video-preview":"max-video-preview:-1"},"og_locale":"pl_PL","og_type":"article","og_title":"Plinko Demo > Graj za darmo i bez rejestracji","og_description":"Wypr\u00f3buj Plinko w trybie demo! Graj za darmo i bez ryzyka, aby pozna\u0107 zasady i rozwija\u0107 swoje strategie.","og_url":"https:\/\/plinko-game.win\/pl\/demo\/","og_site_name":"Plinko Team PL","article_modified_time":"2025-03-06T08:25:08+00:00","twitter_card":"summary_large_image","schema":{"@context":"https:\/\/schema.org","@graph":[{"@type":"WebPage","@id":"https:\/\/plinko-game.win\/pl\/demo\/","url":"https:\/\/plinko-game.win\/pl\/demo\/","name":"Plinko Demo > Graj za darmo i bez rejestracji","isPartOf":{"@id":"https:\/\/plinko-game.win\/pl\/#website"},"datePublished":"2024-12-06T09:58:34+00:00","dateModified":"2025-03-06T08:25:08+00:00","description":"Wypr\u00f3buj Plinko w trybie demo! Graj za darmo i bez ryzyka, aby pozna\u0107 zasady i rozwija\u0107 swoje strategie.","breadcrumb":{"@id":"https:\/\/plinko-game.win\/pl\/demo\/#breadcrumb"},"inLanguage":"pl-PL","potentialAction":[{"@type":"ReadAction","target":["https:\/\/plinko-game.win\/pl\/demo\/"]}]},{"@type":"BreadcrumbList","@id":"https:\/\/plinko-game.win\/pl\/demo\/#breadcrumb","itemListElement":[{"@type":"ListItem","position":1,"name":"\u0413\u043b\u0430\u0432\u043d\u0430\u044f \u0441\u0442\u0440\u0430\u043d\u0438\u0446\u0430","item":"https:\/\/plinko-game.win\/pl\/"},{"@type":"ListItem","position":2,"name":"Demonstracja"}]},{"@type":"WebSite","@id":"https:\/\/plinko-game.win\/pl\/#website","url":"https:\/\/plinko-game.win\/pl\/","name":"Plinko Team PL","description":"","potentialAction":[{"@type":"SearchAction","target":{"@type":"EntryPoint","urlTemplate":"https:\/\/plinko-game.win\/pl\/?s={search_term_string}"},"query-input":{"@type":"PropertyValueSpecification","valueRequired":true,"valueName":"search_term_string"}}],"inLanguage":"pl-PL"}]}},"_links":{"self":[{"href":"https:\/\/plinko-game.win\/pl\/wp-json\/wp\/v2\/pages\/190","targetHints":{"allow":["GET"]}}],"collection":[{"href":"https:\/\/plinko-game.win\/pl\/wp-json\/wp\/v2\/pages"}],"about":[{"href":"https:\/\/plinko-game.win\/pl\/wp-json\/wp\/v2\/types\/page"}],"author":[{"embeddable":true,"href":"https:\/\/plinko-game.win\/pl\/wp-json\/wp\/v2\/users\/1"}],"replies":[{"embeddable":true,"href":"https:\/\/plinko-game.win\/pl\/wp-json\/wp\/v2\/comments?post=190"}],"version-history":[{"count":41,"href":"https:\/\/plinko-game.win\/pl\/wp-json\/wp\/v2\/pages\/190\/revisions"}],"predecessor-version":[{"id":343,"href":"https:\/\/plinko-game.win\/pl\/wp-json\/wp\/v2\/pages\/190\/revisions\/343"}],"wp:attachment":[{"href":"https:\/\/plinko-game.win\/pl\/wp-json\/wp\/v2\/media?parent=190"}],"curies":[{"name":"wp","href":"https:\/\/api.w.org\/{rel}","templated":true}]}}