{"id":232,"date":"2024-12-06T10:33:06","date_gmt":"2024-12-06T10:33:06","guid":{"rendered":"https:\/\/plinko-game.win\/pt\/?page_id=232"},"modified":"2025-02-10T12:33:10","modified_gmt":"2025-02-10T12:33:10","slug":"how-to-play-for-money","status":"publish","type":"page","link":"https:\/\/plinko-game.win\/pt\/how-to-play-for-money\/","title":{"rendered":"Como jogar a dinheiro"},"content":{"rendered":"","protected":false},"excerpt":{"rendered":"","protected":false},"author":1,"featured_media":0,"parent":0,"menu_order":0,"comment_status":"closed","ping_status":"closed","template":"","meta":{"footnotes":""},"class_list":["post-232","page","type-page","status-publish","hentry"],"yoast_head":"<!-- This site is optimized with the Yoast SEO plugin v23.9 - https:\/\/yoast.com\/wordpress\/plugins\/seo\/ -->\n<title>Plinko Casino &gt; Jogue e ganhe num jogo online \u00fanico<\/title>\n<meta name=\"description\" content=\"Bem-vindo ao Plinko Casino! Jogos emocionantes, b\u00f3nus e a oportunidade de tentar a sua sorte. Jogue Plinko online e desfrute da emo\u00e7\u00e3o!\" \/>\n<meta name=\"robots\" content=\"index, follow, max-snippet:-1, max-image-preview:large, max-video-preview:-1\" \/>\n<meta property=\"og:locale\" content=\"pt_PT\" \/>\n<meta property=\"og:type\" content=\"article\" \/>\n<meta property=\"og:title\" content=\"Plinko Casino &gt; Jogue e ganhe num jogo online \u00fanico\" \/>\n<meta property=\"og:description\" content=\"Bem-vindo ao Plinko Casino! Jogos emocionantes, b\u00f3nus e a oportunidade de tentar a sua sorte. Jogue Plinko online e desfrute da emo\u00e7\u00e3o!\" \/>\n<meta property=\"og:url\" content=\"https:\/\/plinko-game.win\/pt\/how-to-play-for-money\/\" \/>\n<meta property=\"og:site_name\" content=\"Plinko Team PT\" \/>\n<meta property=\"article:modified_time\" content=\"2025-02-10T12:33:10+00:00\" \/>\n<meta name=\"twitter:card\" content=\"summary_large_image\" \/>\n<script type=\"application\/ld+json\" class=\"yoast-schema-graph\">{\"@context\":\"https:\/\/schema.org\",\"@graph\":[{\"@type\":\"WebPage\",\"@id\":\"https:\/\/plinko-game.win\/pt\/how-to-play-for-money\/\",\"url\":\"https:\/\/plinko-game.win\/pt\/how-to-play-for-money\/\",\"name\":\"Plinko Casino > Jogue e ganhe num jogo online \u00fanico\",\"isPartOf\":{\"@id\":\"https:\/\/plinko-game.win\/pt\/#website\"},\"datePublished\":\"2024-12-06T10:33:06+00:00\",\"dateModified\":\"2025-02-10T12:33:10+00:00\",\"description\":\"Bem-vindo ao Plinko Casino! Jogos emocionantes, b\u00f3nus e a oportunidade de tentar a sua sorte. Jogue Plinko online e desfrute da emo\u00e7\u00e3o!\",\"breadcrumb\":{\"@id\":\"https:\/\/plinko-game.win\/pt\/how-to-play-for-money\/#breadcrumb\"},\"inLanguage\":\"pt-PT\",\"potentialAction\":[{\"@type\":\"ReadAction\",\"target\":[\"https:\/\/plinko-game.win\/pt\/how-to-play-for-money\/\"]}]},{\"@type\":\"BreadcrumbList\",\"@id\":\"https:\/\/plinko-game.win\/pt\/how-to-play-for-money\/#breadcrumb\",\"itemListElement\":[{\"@type\":\"ListItem\",\"position\":1,\"name\":\"\u0413\u043b\u0430\u0432\u043d\u0430\u044f \u0441\u0442\u0440\u0430\u043d\u0438\u0446\u0430\",\"item\":\"https:\/\/plinko-game.win\/pt\/\"},{\"@type\":\"ListItem\",\"position\":2,\"name\":\"Como jogar a dinheiro\"}]},{\"@type\":\"WebSite\",\"@id\":\"https:\/\/plinko-game.win\/pt\/#website\",\"url\":\"https:\/\/plinko-game.win\/pt\/\",\"name\":\"Plinko Team PT\",\"description\":\"\",\"potentialAction\":[{\"@type\":\"SearchAction\",\"target\":{\"@type\":\"EntryPoint\",\"urlTemplate\":\"https:\/\/plinko-game.win\/pt\/?s={search_term_string}\"},\"query-input\":{\"@type\":\"PropertyValueSpecification\",\"valueRequired\":true,\"valueName\":\"search_term_string\"}}],\"inLanguage\":\"pt-PT\"}]}<\/script>\n<!-- \/ Yoast SEO plugin. -->","yoast_head_json":{"title":"Plinko Casino > Jogue e ganhe num jogo online \u00fanico","description":"Bem-vindo ao Plinko Casino! Jogos emocionantes, b\u00f3nus e a oportunidade de tentar a sua sorte. Jogue Plinko online e desfrute da emo\u00e7\u00e3o!","robots":{"index":"index","follow":"follow","max-snippet":"max-snippet:-1","max-image-preview":"max-image-preview:large","max-video-preview":"max-video-preview:-1"},"og_locale":"pt_PT","og_type":"article","og_title":"Plinko Casino > Jogue e ganhe num jogo online \u00fanico","og_description":"Bem-vindo ao Plinko Casino! Jogos emocionantes, b\u00f3nus e a oportunidade de tentar a sua sorte. Jogue Plinko online e desfrute da emo\u00e7\u00e3o!","og_url":"https:\/\/plinko-game.win\/pt\/how-to-play-for-money\/","og_site_name":"Plinko Team PT","article_modified_time":"2025-02-10T12:33:10+00:00","twitter_card":"summary_large_image","schema":{"@context":"https:\/\/schema.org","@graph":[{"@type":"WebPage","@id":"https:\/\/plinko-game.win\/pt\/how-to-play-for-money\/","url":"https:\/\/plinko-game.win\/pt\/how-to-play-for-money\/","name":"Plinko Casino > Jogue e ganhe num jogo online \u00fanico","isPartOf":{"@id":"https:\/\/plinko-game.win\/pt\/#website"},"datePublished":"2024-12-06T10:33:06+00:00","dateModified":"2025-02-10T12:33:10+00:00","description":"Bem-vindo ao Plinko Casino! Jogos emocionantes, b\u00f3nus e a oportunidade de tentar a sua sorte. Jogue Plinko online e desfrute da emo\u00e7\u00e3o!","breadcrumb":{"@id":"https:\/\/plinko-game.win\/pt\/how-to-play-for-money\/#breadcrumb"},"inLanguage":"pt-PT","potentialAction":[{"@type":"ReadAction","target":["https:\/\/plinko-game.win\/pt\/how-to-play-for-money\/"]}]},{"@type":"BreadcrumbList","@id":"https:\/\/plinko-game.win\/pt\/how-to-play-for-money\/#breadcrumb","itemListElement":[{"@type":"ListItem","position":1,"name":"\u0413\u043b\u0430\u0432\u043d\u0430\u044f \u0441\u0442\u0440\u0430\u043d\u0438\u0446\u0430","item":"https:\/\/plinko-game.win\/pt\/"},{"@type":"ListItem","position":2,"name":"Como jogar a dinheiro"}]},{"@type":"WebSite","@id":"https:\/\/plinko-game.win\/pt\/#website","url":"https:\/\/plinko-game.win\/pt\/","name":"Plinko Team PT","description":"","potentialAction":[{"@type":"SearchAction","target":{"@type":"EntryPoint","urlTemplate":"https:\/\/plinko-game.win\/pt\/?s={search_term_string}"},"query-input":{"@type":"PropertyValueSpecification","valueRequired":true,"valueName":"search_term_string"}}],"inLanguage":"pt-PT"}]}},"_links":{"self":[{"href":"https:\/\/plinko-game.win\/pt\/wp-json\/wp\/v2\/pages\/232","targetHints":{"allow":["GET"]}}],"collection":[{"href":"https:\/\/plinko-game.win\/pt\/wp-json\/wp\/v2\/pages"}],"about":[{"href":"https:\/\/plinko-game.win\/pt\/wp-json\/wp\/v2\/types\/page"}],"author":[{"embeddable":true,"href":"https:\/\/plinko-game.win\/pt\/wp-json\/wp\/v2\/users\/1"}],"replies":[{"embeddable":true,"href":"https:\/\/plinko-game.win\/pt\/wp-json\/wp\/v2\/comments?post=232"}],"version-history":[{"count":11,"href":"https:\/\/plinko-game.win\/pt\/wp-json\/wp\/v2\/pages\/232\/revisions"}],"predecessor-version":[{"id":346,"href":"https:\/\/plinko-game.win\/pt\/wp-json\/wp\/v2\/pages\/232\/revisions\/346"}],"wp:attachment":[{"href":"https:\/\/plinko-game.win\/pt\/wp-json\/wp\/v2\/media?parent=232"}],"curies":[{"name":"wp","href":"https:\/\/api.w.org\/{rel}","templated":true}]}}