{"id":235,"date":"2024-12-06T10:33:21","date_gmt":"2024-12-06T10:33:21","guid":{"rendered":"https:\/\/plinko-game.win\/pt\/?page_id=235"},"modified":"2025-02-10T12:34:58","modified_gmt":"2025-02-10T12:34:58","slug":"strategies-and-tips","status":"publish","type":"page","link":"https:\/\/plinko-game.win\/pt\/strategies-and-tips\/","title":{"rendered":"Estrat\u00e9gias e dicas"},"content":{"rendered":"","protected":false},"excerpt":{"rendered":"","protected":false},"author":1,"featured_media":0,"parent":0,"menu_order":0,"comment_status":"closed","ping_status":"closed","template":"","meta":{"footnotes":""},"class_list":["post-235","page","type-page","status-publish","hentry"],"yoast_head":"<!-- This site is optimized with the Yoast SEO plugin v23.9 - https:\/\/yoast.com\/wordpress\/plugins\/seo\/ -->\n<title>Estrat\u00e9gia Plinko &gt; Como maximizar as suas hip\u00f3teses de ganhar<\/title>\n<meta name=\"description\" content=\"Aprende as melhores estrat\u00e9gias para jogar Plinko! Dicas, segredos e t\u00e1cticas - torne-se j\u00e1 um mestre do Plinko!\" \/>\n<meta name=\"robots\" content=\"index, follow, max-snippet:-1, max-image-preview:large, max-video-preview:-1\" \/>\n<meta property=\"og:locale\" content=\"pt_PT\" \/>\n<meta property=\"og:type\" content=\"article\" \/>\n<meta property=\"og:title\" content=\"Estrat\u00e9gia Plinko &gt; Como maximizar as suas hip\u00f3teses de ganhar\" \/>\n<meta property=\"og:description\" content=\"Aprende as melhores estrat\u00e9gias para jogar Plinko! Dicas, segredos e t\u00e1cticas - torne-se j\u00e1 um mestre do Plinko!\" \/>\n<meta property=\"og:url\" content=\"https:\/\/plinko-game.win\/pt\/strategies-and-tips\/\" \/>\n<meta property=\"og:site_name\" content=\"Plinko Team PT\" \/>\n<meta property=\"article:modified_time\" content=\"2025-02-10T12:34:58+00:00\" \/>\n<meta name=\"twitter:card\" content=\"summary_large_image\" \/>\n<script type=\"application\/ld+json\" class=\"yoast-schema-graph\">{\"@context\":\"https:\/\/schema.org\",\"@graph\":[{\"@type\":\"WebPage\",\"@id\":\"https:\/\/plinko-game.win\/pt\/strategies-and-tips\/\",\"url\":\"https:\/\/plinko-game.win\/pt\/strategies-and-tips\/\",\"name\":\"Estrat\u00e9gia Plinko > Como maximizar as suas hip\u00f3teses de ganhar\",\"isPartOf\":{\"@id\":\"https:\/\/plinko-game.win\/pt\/#website\"},\"datePublished\":\"2024-12-06T10:33:21+00:00\",\"dateModified\":\"2025-02-10T12:34:58+00:00\",\"description\":\"Aprende as melhores estrat\u00e9gias para jogar Plinko! Dicas, segredos e t\u00e1cticas - torne-se j\u00e1 um mestre do Plinko!\",\"breadcrumb\":{\"@id\":\"https:\/\/plinko-game.win\/pt\/strategies-and-tips\/#breadcrumb\"},\"inLanguage\":\"pt-PT\",\"potentialAction\":[{\"@type\":\"ReadAction\",\"target\":[\"https:\/\/plinko-game.win\/pt\/strategies-and-tips\/\"]}]},{\"@type\":\"BreadcrumbList\",\"@id\":\"https:\/\/plinko-game.win\/pt\/strategies-and-tips\/#breadcrumb\",\"itemListElement\":[{\"@type\":\"ListItem\",\"position\":1,\"name\":\"\u0413\u043b\u0430\u0432\u043d\u0430\u044f \u0441\u0442\u0440\u0430\u043d\u0438\u0446\u0430\",\"item\":\"https:\/\/plinko-game.win\/pt\/\"},{\"@type\":\"ListItem\",\"position\":2,\"name\":\"Estrat\u00e9gias e dicas\"}]},{\"@type\":\"WebSite\",\"@id\":\"https:\/\/plinko-game.win\/pt\/#website\",\"url\":\"https:\/\/plinko-game.win\/pt\/\",\"name\":\"Plinko Team PT\",\"description\":\"\",\"potentialAction\":[{\"@type\":\"SearchAction\",\"target\":{\"@type\":\"EntryPoint\",\"urlTemplate\":\"https:\/\/plinko-game.win\/pt\/?s={search_term_string}\"},\"query-input\":{\"@type\":\"PropertyValueSpecification\",\"valueRequired\":true,\"valueName\":\"search_term_string\"}}],\"inLanguage\":\"pt-PT\"}]}<\/script>\n<!-- \/ Yoast SEO plugin. -->","yoast_head_json":{"title":"Estrat\u00e9gia Plinko > Como maximizar as suas hip\u00f3teses de ganhar","description":"Aprende as melhores estrat\u00e9gias para jogar Plinko! Dicas, segredos e t\u00e1cticas - torne-se j\u00e1 um mestre do Plinko!","robots":{"index":"index","follow":"follow","max-snippet":"max-snippet:-1","max-image-preview":"max-image-preview:large","max-video-preview":"max-video-preview:-1"},"og_locale":"pt_PT","og_type":"article","og_title":"Estrat\u00e9gia Plinko > Como maximizar as suas hip\u00f3teses de ganhar","og_description":"Aprende as melhores estrat\u00e9gias para jogar Plinko! Dicas, segredos e t\u00e1cticas - torne-se j\u00e1 um mestre do Plinko!","og_url":"https:\/\/plinko-game.win\/pt\/strategies-and-tips\/","og_site_name":"Plinko Team PT","article_modified_time":"2025-02-10T12:34:58+00:00","twitter_card":"summary_large_image","schema":{"@context":"https:\/\/schema.org","@graph":[{"@type":"WebPage","@id":"https:\/\/plinko-game.win\/pt\/strategies-and-tips\/","url":"https:\/\/plinko-game.win\/pt\/strategies-and-tips\/","name":"Estrat\u00e9gia Plinko > Como maximizar as suas hip\u00f3teses de ganhar","isPartOf":{"@id":"https:\/\/plinko-game.win\/pt\/#website"},"datePublished":"2024-12-06T10:33:21+00:00","dateModified":"2025-02-10T12:34:58+00:00","description":"Aprende as melhores estrat\u00e9gias para jogar Plinko! Dicas, segredos e t\u00e1cticas - torne-se j\u00e1 um mestre do Plinko!","breadcrumb":{"@id":"https:\/\/plinko-game.win\/pt\/strategies-and-tips\/#breadcrumb"},"inLanguage":"pt-PT","potentialAction":[{"@type":"ReadAction","target":["https:\/\/plinko-game.win\/pt\/strategies-and-tips\/"]}]},{"@type":"BreadcrumbList","@id":"https:\/\/plinko-game.win\/pt\/strategies-and-tips\/#breadcrumb","itemListElement":[{"@type":"ListItem","position":1,"name":"\u0413\u043b\u0430\u0432\u043d\u0430\u044f \u0441\u0442\u0440\u0430\u043d\u0438\u0446\u0430","item":"https:\/\/plinko-game.win\/pt\/"},{"@type":"ListItem","position":2,"name":"Estrat\u00e9gias e dicas"}]},{"@type":"WebSite","@id":"https:\/\/plinko-game.win\/pt\/#website","url":"https:\/\/plinko-game.win\/pt\/","name":"Plinko Team PT","description":"","potentialAction":[{"@type":"SearchAction","target":{"@type":"EntryPoint","urlTemplate":"https:\/\/plinko-game.win\/pt\/?s={search_term_string}"},"query-input":{"@type":"PropertyValueSpecification","valueRequired":true,"valueName":"search_term_string"}}],"inLanguage":"pt-PT"}]}},"_links":{"self":[{"href":"https:\/\/plinko-game.win\/pt\/wp-json\/wp\/v2\/pages\/235","targetHints":{"allow":["GET"]}}],"collection":[{"href":"https:\/\/plinko-game.win\/pt\/wp-json\/wp\/v2\/pages"}],"about":[{"href":"https:\/\/plinko-game.win\/pt\/wp-json\/wp\/v2\/types\/page"}],"author":[{"embeddable":true,"href":"https:\/\/plinko-game.win\/pt\/wp-json\/wp\/v2\/users\/1"}],"replies":[{"embeddable":true,"href":"https:\/\/plinko-game.win\/pt\/wp-json\/wp\/v2\/comments?post=235"}],"version-history":[{"count":13,"href":"https:\/\/plinko-game.win\/pt\/wp-json\/wp\/v2\/pages\/235\/revisions"}],"predecessor-version":[{"id":347,"href":"https:\/\/plinko-game.win\/pt\/wp-json\/wp\/v2\/pages\/235\/revisions\/347"}],"wp:attachment":[{"href":"https:\/\/plinko-game.win\/pt\/wp-json\/wp\/v2\/media?parent=235"}],"curies":[{"name":"wp","href":"https:\/\/api.w.org\/{rel}","templated":true}]}}