{"id":190,"date":"2024-12-06T09:58:34","date_gmt":"2024-12-06T09:58:34","guid":{"rendered":"https:\/\/plinko-game.win\/ro\/?page_id=190"},"modified":"2025-02-10T14:04:21","modified_gmt":"2025-02-10T14:04:21","slug":"demo","status":"publish","type":"page","link":"https:\/\/plinko-game.win\/ro\/demo\/","title":{"rendered":"Demo"},"content":{"rendered":"","protected":false},"excerpt":{"rendered":"","protected":false},"author":1,"featured_media":0,"parent":0,"menu_order":0,"comment_status":"closed","ping_status":"closed","template":"","meta":{"footnotes":""},"class_list":["post-190","page","type-page","status-publish","hentry"],"yoast_head":"<!-- This site is optimized with the Yoast SEO plugin v23.9 - https:\/\/yoast.com\/wordpress\/plugins\/seo\/ -->\n<title>Plinko Demo &gt; Joac\u0103 gratuit \u0219i f\u0103r\u0103 \u00eenregistrare<\/title>\n<meta name=\"description\" content=\"\u00cencearc\u0103 Plinko \u00een modul demo! Juca\u021bi gratuit \u0219i f\u0103r\u0103 riscuri pentru a \u00eenv\u0103\u021ba regulile \u0219i pentru a v\u0103 dezvolta strategiile.\" \/>\n<meta name=\"robots\" content=\"index, follow, max-snippet:-1, max-image-preview:large, max-video-preview:-1\" \/>\n<meta property=\"og:locale\" content=\"ro_RO\" \/>\n<meta property=\"og:type\" content=\"article\" \/>\n<meta property=\"og:title\" content=\"Plinko Demo &gt; Joac\u0103 gratuit \u0219i f\u0103r\u0103 \u00eenregistrare\" \/>\n<meta property=\"og:description\" content=\"\u00cencearc\u0103 Plinko \u00een modul demo! Juca\u021bi gratuit \u0219i f\u0103r\u0103 riscuri pentru a \u00eenv\u0103\u021ba regulile \u0219i pentru a v\u0103 dezvolta strategiile.\" \/>\n<meta property=\"og:url\" content=\"https:\/\/plinko-game.win\/ro\/demo\/\" \/>\n<meta property=\"og:site_name\" content=\"Plinko Team RO\" \/>\n<meta property=\"article:modified_time\" content=\"2025-02-10T14:04:21+00:00\" \/>\n<meta name=\"twitter:card\" content=\"summary_large_image\" \/>\n<script type=\"application\/ld+json\" class=\"yoast-schema-graph\">{\"@context\":\"https:\/\/schema.org\",\"@graph\":[{\"@type\":\"WebPage\",\"@id\":\"https:\/\/plinko-game.win\/ro\/demo\/\",\"url\":\"https:\/\/plinko-game.win\/ro\/demo\/\",\"name\":\"Plinko Demo > Joac\u0103 gratuit \u0219i f\u0103r\u0103 \u00eenregistrare\",\"isPartOf\":{\"@id\":\"https:\/\/plinko-game.win\/ro\/#website\"},\"datePublished\":\"2024-12-06T09:58:34+00:00\",\"dateModified\":\"2025-02-10T14:04:21+00:00\",\"description\":\"\u00cencearc\u0103 Plinko \u00een modul demo! Juca\u021bi gratuit \u0219i f\u0103r\u0103 riscuri pentru a \u00eenv\u0103\u021ba regulile \u0219i pentru a v\u0103 dezvolta strategiile.\",\"breadcrumb\":{\"@id\":\"https:\/\/plinko-game.win\/ro\/demo\/#breadcrumb\"},\"inLanguage\":\"ro-RO\",\"potentialAction\":[{\"@type\":\"ReadAction\",\"target\":[\"https:\/\/plinko-game.win\/ro\/demo\/\"]}]},{\"@type\":\"BreadcrumbList\",\"@id\":\"https:\/\/plinko-game.win\/ro\/demo\/#breadcrumb\",\"itemListElement\":[{\"@type\":\"ListItem\",\"position\":1,\"name\":\"\u0413\u043b\u0430\u0432\u043d\u0430\u044f \u0441\u0442\u0440\u0430\u043d\u0438\u0446\u0430\",\"item\":\"https:\/\/plinko-game.win\/ro\/\"},{\"@type\":\"ListItem\",\"position\":2,\"name\":\"Demo\"}]},{\"@type\":\"WebSite\",\"@id\":\"https:\/\/plinko-game.win\/ro\/#website\",\"url\":\"https:\/\/plinko-game.win\/ro\/\",\"name\":\"Plinko Team RO\",\"description\":\"\",\"potentialAction\":[{\"@type\":\"SearchAction\",\"target\":{\"@type\":\"EntryPoint\",\"urlTemplate\":\"https:\/\/plinko-game.win\/ro\/?s={search_term_string}\"},\"query-input\":{\"@type\":\"PropertyValueSpecification\",\"valueRequired\":true,\"valueName\":\"search_term_string\"}}],\"inLanguage\":\"ro-RO\"}]}<\/script>\n<!-- \/ Yoast SEO plugin. -->","yoast_head_json":{"title":"Plinko Demo > Joac\u0103 gratuit \u0219i f\u0103r\u0103 \u00eenregistrare","description":"\u00cencearc\u0103 Plinko \u00een modul demo! Juca\u021bi gratuit \u0219i f\u0103r\u0103 riscuri pentru a \u00eenv\u0103\u021ba regulile \u0219i pentru a v\u0103 dezvolta strategiile.","robots":{"index":"index","follow":"follow","max-snippet":"max-snippet:-1","max-image-preview":"max-image-preview:large","max-video-preview":"max-video-preview:-1"},"og_locale":"ro_RO","og_type":"article","og_title":"Plinko Demo > Joac\u0103 gratuit \u0219i f\u0103r\u0103 \u00eenregistrare","og_description":"\u00cencearc\u0103 Plinko \u00een modul demo! Juca\u021bi gratuit \u0219i f\u0103r\u0103 riscuri pentru a \u00eenv\u0103\u021ba regulile \u0219i pentru a v\u0103 dezvolta strategiile.","og_url":"https:\/\/plinko-game.win\/ro\/demo\/","og_site_name":"Plinko Team RO","article_modified_time":"2025-02-10T14:04:21+00:00","twitter_card":"summary_large_image","schema":{"@context":"https:\/\/schema.org","@graph":[{"@type":"WebPage","@id":"https:\/\/plinko-game.win\/ro\/demo\/","url":"https:\/\/plinko-game.win\/ro\/demo\/","name":"Plinko Demo > Joac\u0103 gratuit \u0219i f\u0103r\u0103 \u00eenregistrare","isPartOf":{"@id":"https:\/\/plinko-game.win\/ro\/#website"},"datePublished":"2024-12-06T09:58:34+00:00","dateModified":"2025-02-10T14:04:21+00:00","description":"\u00cencearc\u0103 Plinko \u00een modul demo! Juca\u021bi gratuit \u0219i f\u0103r\u0103 riscuri pentru a \u00eenv\u0103\u021ba regulile \u0219i pentru a v\u0103 dezvolta strategiile.","breadcrumb":{"@id":"https:\/\/plinko-game.win\/ro\/demo\/#breadcrumb"},"inLanguage":"ro-RO","potentialAction":[{"@type":"ReadAction","target":["https:\/\/plinko-game.win\/ro\/demo\/"]}]},{"@type":"BreadcrumbList","@id":"https:\/\/plinko-game.win\/ro\/demo\/#breadcrumb","itemListElement":[{"@type":"ListItem","position":1,"name":"\u0413\u043b\u0430\u0432\u043d\u0430\u044f \u0441\u0442\u0440\u0430\u043d\u0438\u0446\u0430","item":"https:\/\/plinko-game.win\/ro\/"},{"@type":"ListItem","position":2,"name":"Demo"}]},{"@type":"WebSite","@id":"https:\/\/plinko-game.win\/ro\/#website","url":"https:\/\/plinko-game.win\/ro\/","name":"Plinko Team RO","description":"","potentialAction":[{"@type":"SearchAction","target":{"@type":"EntryPoint","urlTemplate":"https:\/\/plinko-game.win\/ro\/?s={search_term_string}"},"query-input":{"@type":"PropertyValueSpecification","valueRequired":true,"valueName":"search_term_string"}}],"inLanguage":"ro-RO"}]}},"_links":{"self":[{"href":"https:\/\/plinko-game.win\/ro\/wp-json\/wp\/v2\/pages\/190","targetHints":{"allow":["GET"]}}],"collection":[{"href":"https:\/\/plinko-game.win\/ro\/wp-json\/wp\/v2\/pages"}],"about":[{"href":"https:\/\/plinko-game.win\/ro\/wp-json\/wp\/v2\/types\/page"}],"author":[{"embeddable":true,"href":"https:\/\/plinko-game.win\/ro\/wp-json\/wp\/v2\/users\/1"}],"replies":[{"embeddable":true,"href":"https:\/\/plinko-game.win\/ro\/wp-json\/wp\/v2\/comments?post=190"}],"version-history":[{"count":41,"href":"https:\/\/plinko-game.win\/ro\/wp-json\/wp\/v2\/pages\/190\/revisions"}],"predecessor-version":[{"id":340,"href":"https:\/\/plinko-game.win\/ro\/wp-json\/wp\/v2\/pages\/190\/revisions\/340"}],"wp:attachment":[{"href":"https:\/\/plinko-game.win\/ro\/wp-json\/wp\/v2\/media?parent=190"}],"curies":[{"name":"wp","href":"https:\/\/api.w.org\/{rel}","templated":true}]}}