{"id":228,"date":"2024-12-06T10:27:26","date_gmt":"2024-12-06T10:27:26","guid":{"rendered":"https:\/\/plinko-game.win\/ro\/?page_id=228"},"modified":"2025-02-10T14:53:58","modified_gmt":"2025-02-10T14:53:58","slug":"app","status":"publish","type":"page","link":"https:\/\/plinko-game.win\/ro\/app\/","title":{"rendered":"APP"},"content":{"rendered":"","protected":false},"excerpt":{"rendered":"","protected":false},"author":1,"featured_media":0,"parent":0,"menu_order":0,"comment_status":"closed","ping_status":"closed","template":"","meta":{"footnotes":""},"class_list":["post-228","page","type-page","status-publish","hentry"],"yoast_head":"<!-- This site is optimized with the Yoast SEO plugin v23.9 - https:\/\/yoast.com\/wordpress\/plugins\/seo\/ -->\n<title>App Plinko &gt; Joac\u0103 pe iOS \u0219i Android oric\u00e2nd<\/title>\n<meta name=\"description\" content=\"Descarc\u0103 aplica\u021bia Plinko pentru iOS \u0219i Android! Acceseaz\u0103 cu u\u0219urin\u021b\u0103 jocul t\u0103u preferat direct de pe smartphone-ul t\u0103u. Joac\u0103 Plinko oriunde!\" \/>\n<meta name=\"robots\" content=\"index, follow, max-snippet:-1, max-image-preview:large, max-video-preview:-1\" \/>\n<meta property=\"og:locale\" content=\"ro_RO\" \/>\n<meta property=\"og:type\" content=\"article\" \/>\n<meta property=\"og:title\" content=\"App Plinko &gt; Joac\u0103 pe iOS \u0219i Android oric\u00e2nd\" \/>\n<meta property=\"og:description\" content=\"Descarc\u0103 aplica\u021bia Plinko pentru iOS \u0219i Android! Acceseaz\u0103 cu u\u0219urin\u021b\u0103 jocul t\u0103u preferat direct de pe smartphone-ul t\u0103u. Joac\u0103 Plinko oriunde!\" \/>\n<meta property=\"og:url\" content=\"https:\/\/plinko-game.win\/ro\/app\/\" \/>\n<meta property=\"og:site_name\" content=\"Plinko Team RO\" \/>\n<meta property=\"article:modified_time\" content=\"2025-02-10T14:53:58+00:00\" \/>\n<meta name=\"twitter:card\" content=\"summary_large_image\" \/>\n<script type=\"application\/ld+json\" class=\"yoast-schema-graph\">{\"@context\":\"https:\/\/schema.org\",\"@graph\":[{\"@type\":\"WebPage\",\"@id\":\"https:\/\/plinko-game.win\/ro\/app\/\",\"url\":\"https:\/\/plinko-game.win\/ro\/app\/\",\"name\":\"App Plinko > Joac\u0103 pe iOS \u0219i Android oric\u00e2nd\",\"isPartOf\":{\"@id\":\"https:\/\/plinko-game.win\/ro\/#website\"},\"datePublished\":\"2024-12-06T10:27:26+00:00\",\"dateModified\":\"2025-02-10T14:53:58+00:00\",\"description\":\"Descarc\u0103 aplica\u021bia Plinko pentru iOS \u0219i Android! Acceseaz\u0103 cu u\u0219urin\u021b\u0103 jocul t\u0103u preferat direct de pe smartphone-ul t\u0103u. Joac\u0103 Plinko oriunde!\",\"breadcrumb\":{\"@id\":\"https:\/\/plinko-game.win\/ro\/app\/#breadcrumb\"},\"inLanguage\":\"ro-RO\",\"potentialAction\":[{\"@type\":\"ReadAction\",\"target\":[\"https:\/\/plinko-game.win\/ro\/app\/\"]}]},{\"@type\":\"BreadcrumbList\",\"@id\":\"https:\/\/plinko-game.win\/ro\/app\/#breadcrumb\",\"itemListElement\":[{\"@type\":\"ListItem\",\"position\":1,\"name\":\"\u0413\u043b\u0430\u0432\u043d\u0430\u044f \u0441\u0442\u0440\u0430\u043d\u0438\u0446\u0430\",\"item\":\"https:\/\/plinko-game.win\/ro\/\"},{\"@type\":\"ListItem\",\"position\":2,\"name\":\"APP\"}]},{\"@type\":\"WebSite\",\"@id\":\"https:\/\/plinko-game.win\/ro\/#website\",\"url\":\"https:\/\/plinko-game.win\/ro\/\",\"name\":\"Plinko Team RO\",\"description\":\"\",\"potentialAction\":[{\"@type\":\"SearchAction\",\"target\":{\"@type\":\"EntryPoint\",\"urlTemplate\":\"https:\/\/plinko-game.win\/ro\/?s={search_term_string}\"},\"query-input\":{\"@type\":\"PropertyValueSpecification\",\"valueRequired\":true,\"valueName\":\"search_term_string\"}}],\"inLanguage\":\"ro-RO\"}]}<\/script>\n<!-- \/ Yoast SEO plugin. -->","yoast_head_json":{"title":"App Plinko > Joac\u0103 pe iOS \u0219i Android oric\u00e2nd","description":"Descarc\u0103 aplica\u021bia Plinko pentru iOS \u0219i Android! Acceseaz\u0103 cu u\u0219urin\u021b\u0103 jocul t\u0103u preferat direct de pe smartphone-ul t\u0103u. Joac\u0103 Plinko oriunde!","robots":{"index":"index","follow":"follow","max-snippet":"max-snippet:-1","max-image-preview":"max-image-preview:large","max-video-preview":"max-video-preview:-1"},"og_locale":"ro_RO","og_type":"article","og_title":"App Plinko > Joac\u0103 pe iOS \u0219i Android oric\u00e2nd","og_description":"Descarc\u0103 aplica\u021bia Plinko pentru iOS \u0219i Android! Acceseaz\u0103 cu u\u0219urin\u021b\u0103 jocul t\u0103u preferat direct de pe smartphone-ul t\u0103u. Joac\u0103 Plinko oriunde!","og_url":"https:\/\/plinko-game.win\/ro\/app\/","og_site_name":"Plinko Team RO","article_modified_time":"2025-02-10T14:53:58+00:00","twitter_card":"summary_large_image","schema":{"@context":"https:\/\/schema.org","@graph":[{"@type":"WebPage","@id":"https:\/\/plinko-game.win\/ro\/app\/","url":"https:\/\/plinko-game.win\/ro\/app\/","name":"App Plinko > Joac\u0103 pe iOS \u0219i Android oric\u00e2nd","isPartOf":{"@id":"https:\/\/plinko-game.win\/ro\/#website"},"datePublished":"2024-12-06T10:27:26+00:00","dateModified":"2025-02-10T14:53:58+00:00","description":"Descarc\u0103 aplica\u021bia Plinko pentru iOS \u0219i Android! Acceseaz\u0103 cu u\u0219urin\u021b\u0103 jocul t\u0103u preferat direct de pe smartphone-ul t\u0103u. Joac\u0103 Plinko oriunde!","breadcrumb":{"@id":"https:\/\/plinko-game.win\/ro\/app\/#breadcrumb"},"inLanguage":"ro-RO","potentialAction":[{"@type":"ReadAction","target":["https:\/\/plinko-game.win\/ro\/app\/"]}]},{"@type":"BreadcrumbList","@id":"https:\/\/plinko-game.win\/ro\/app\/#breadcrumb","itemListElement":[{"@type":"ListItem","position":1,"name":"\u0413\u043b\u0430\u0432\u043d\u0430\u044f \u0441\u0442\u0440\u0430\u043d\u0438\u0446\u0430","item":"https:\/\/plinko-game.win\/ro\/"},{"@type":"ListItem","position":2,"name":"APP"}]},{"@type":"WebSite","@id":"https:\/\/plinko-game.win\/ro\/#website","url":"https:\/\/plinko-game.win\/ro\/","name":"Plinko Team RO","description":"","potentialAction":[{"@type":"SearchAction","target":{"@type":"EntryPoint","urlTemplate":"https:\/\/plinko-game.win\/ro\/?s={search_term_string}"},"query-input":{"@type":"PropertyValueSpecification","valueRequired":true,"valueName":"search_term_string"}}],"inLanguage":"ro-RO"}]}},"_links":{"self":[{"href":"https:\/\/plinko-game.win\/ro\/wp-json\/wp\/v2\/pages\/228","targetHints":{"allow":["GET"]}}],"collection":[{"href":"https:\/\/plinko-game.win\/ro\/wp-json\/wp\/v2\/pages"}],"about":[{"href":"https:\/\/plinko-game.win\/ro\/wp-json\/wp\/v2\/types\/page"}],"author":[{"embeddable":true,"href":"https:\/\/plinko-game.win\/ro\/wp-json\/wp\/v2\/users\/1"}],"replies":[{"embeddable":true,"href":"https:\/\/plinko-game.win\/ro\/wp-json\/wp\/v2\/comments?post=228"}],"version-history":[{"count":11,"href":"https:\/\/plinko-game.win\/ro\/wp-json\/wp\/v2\/pages\/228\/revisions"}],"predecessor-version":[{"id":348,"href":"https:\/\/plinko-game.win\/ro\/wp-json\/wp\/v2\/pages\/228\/revisions\/348"}],"wp:attachment":[{"href":"https:\/\/plinko-game.win\/ro\/wp-json\/wp\/v2\/media?parent=228"}],"curies":[{"name":"wp","href":"https:\/\/api.w.org\/{rel}","templated":true}]}}