{"id":175,"date":"2024-12-06T09:53:58","date_gmt":"2024-12-06T09:53:58","guid":{"rendered":"https:\/\/plinko-game.win\/se\/?page_id=175"},"modified":"2025-04-07T15:58:29","modified_gmt":"2025-04-07T15:58:29","slug":"about-plinko","status":"publish","type":"page","link":"https:\/\/plinko-game.win\/se\/about-plinko\/","title":{"rendered":"Om Plinko"},"content":{"rendered":"<p>&nbsp;<\/p>\n<p>&nbsp;<\/p>\n<p>&nbsp;<\/p>\n","protected":false},"excerpt":{"rendered":"<p>&nbsp; &nbsp; &nbsp;<\/p>\n","protected":false},"author":1,"featured_media":0,"parent":0,"menu_order":0,"comment_status":"closed","ping_status":"closed","template":"","meta":{"footnotes":""},"class_list":["post-175","page","type-page","status-publish","hentry"],"yoast_head":"<!-- This site is optimized with the Yoast SEO plugin v23.9 - https:\/\/yoast.com\/wordpress\/plugins\/seo\/ -->\n<title>Plinko Game &gt; Allt om det popul\u00e4ra spelet | Strategier och hemligheter<\/title>\n<meta name=\"description\" content=\"Uppt\u00e4ck Plinkos v\u00e4rld! L\u00e4r dig spelets regler, effektiva strategier och framg\u00e5ngshemligheter. Spela Plinko online och njut av sp\u00e4nningen.\" \/>\n<meta name=\"robots\" content=\"index, follow, max-snippet:-1, max-image-preview:large, max-video-preview:-1\" \/>\n<meta property=\"og:locale\" content=\"sv_SE\" \/>\n<meta property=\"og:type\" content=\"article\" \/>\n<meta property=\"og:title\" content=\"Plinko Game &gt; Allt om det popul\u00e4ra spelet | Strategier och hemligheter\" \/>\n<meta property=\"og:description\" content=\"Uppt\u00e4ck Plinkos v\u00e4rld! L\u00e4r dig spelets regler, effektiva strategier och framg\u00e5ngshemligheter. Spela Plinko online och njut av sp\u00e4nningen.\" \/>\n<meta property=\"og:url\" content=\"https:\/\/plinko-game.win\/se\/about-plinko\/\" \/>\n<meta property=\"og:site_name\" content=\"Plinko Team SE\" \/>\n<meta property=\"article:modified_time\" content=\"2025-04-07T15:58:29+00:00\" \/>\n<meta name=\"twitter:card\" content=\"summary_large_image\" \/>\n<script type=\"application\/ld+json\" class=\"yoast-schema-graph\">{\"@context\":\"https:\/\/schema.org\",\"@graph\":[{\"@type\":\"WebPage\",\"@id\":\"https:\/\/plinko-game.win\/se\/about-plinko\/\",\"url\":\"https:\/\/plinko-game.win\/se\/about-plinko\/\",\"name\":\"Plinko Game > Allt om det popul\u00e4ra spelet | Strategier och hemligheter\",\"isPartOf\":{\"@id\":\"https:\/\/plinko-game.win\/se\/#website\"},\"datePublished\":\"2024-12-06T09:53:58+00:00\",\"dateModified\":\"2025-04-07T15:58:29+00:00\",\"description\":\"Uppt\u00e4ck Plinkos v\u00e4rld! L\u00e4r dig spelets regler, effektiva strategier och framg\u00e5ngshemligheter. Spela Plinko online och njut av sp\u00e4nningen.\",\"breadcrumb\":{\"@id\":\"https:\/\/plinko-game.win\/se\/about-plinko\/#breadcrumb\"},\"inLanguage\":\"sv-SE\",\"potentialAction\":[{\"@type\":\"ReadAction\",\"target\":[\"https:\/\/plinko-game.win\/se\/about-plinko\/\"]}]},{\"@type\":\"BreadcrumbList\",\"@id\":\"https:\/\/plinko-game.win\/se\/about-plinko\/#breadcrumb\",\"itemListElement\":[{\"@type\":\"ListItem\",\"position\":1,\"name\":\"\u0413\u043b\u0430\u0432\u043d\u0430\u044f \u0441\u0442\u0440\u0430\u043d\u0438\u0446\u0430\",\"item\":\"https:\/\/plinko-game.win\/se\/\"},{\"@type\":\"ListItem\",\"position\":2,\"name\":\"Om Plinko\"}]},{\"@type\":\"WebSite\",\"@id\":\"https:\/\/plinko-game.win\/se\/#website\",\"url\":\"https:\/\/plinko-game.win\/se\/\",\"name\":\"Plinko Team SE\",\"description\":\"\",\"potentialAction\":[{\"@type\":\"SearchAction\",\"target\":{\"@type\":\"EntryPoint\",\"urlTemplate\":\"https:\/\/plinko-game.win\/se\/?s={search_term_string}\"},\"query-input\":{\"@type\":\"PropertyValueSpecification\",\"valueRequired\":true,\"valueName\":\"search_term_string\"}}],\"inLanguage\":\"sv-SE\"}]}<\/script>\n<!-- \/ Yoast SEO plugin. -->","yoast_head_json":{"title":"Plinko Game > Allt om det popul\u00e4ra spelet | Strategier och hemligheter","description":"Uppt\u00e4ck Plinkos v\u00e4rld! L\u00e4r dig spelets regler, effektiva strategier och framg\u00e5ngshemligheter. Spela Plinko online och njut av sp\u00e4nningen.","robots":{"index":"index","follow":"follow","max-snippet":"max-snippet:-1","max-image-preview":"max-image-preview:large","max-video-preview":"max-video-preview:-1"},"og_locale":"sv_SE","og_type":"article","og_title":"Plinko Game > Allt om det popul\u00e4ra spelet | Strategier och hemligheter","og_description":"Uppt\u00e4ck Plinkos v\u00e4rld! L\u00e4r dig spelets regler, effektiva strategier och framg\u00e5ngshemligheter. Spela Plinko online och njut av sp\u00e4nningen.","og_url":"https:\/\/plinko-game.win\/se\/about-plinko\/","og_site_name":"Plinko Team SE","article_modified_time":"2025-04-07T15:58:29+00:00","twitter_card":"summary_large_image","schema":{"@context":"https:\/\/schema.org","@graph":[{"@type":"WebPage","@id":"https:\/\/plinko-game.win\/se\/about-plinko\/","url":"https:\/\/plinko-game.win\/se\/about-plinko\/","name":"Plinko Game > Allt om det popul\u00e4ra spelet | Strategier och hemligheter","isPartOf":{"@id":"https:\/\/plinko-game.win\/se\/#website"},"datePublished":"2024-12-06T09:53:58+00:00","dateModified":"2025-04-07T15:58:29+00:00","description":"Uppt\u00e4ck Plinkos v\u00e4rld! L\u00e4r dig spelets regler, effektiva strategier och framg\u00e5ngshemligheter. Spela Plinko online och njut av sp\u00e4nningen.","breadcrumb":{"@id":"https:\/\/plinko-game.win\/se\/about-plinko\/#breadcrumb"},"inLanguage":"sv-SE","potentialAction":[{"@type":"ReadAction","target":["https:\/\/plinko-game.win\/se\/about-plinko\/"]}]},{"@type":"BreadcrumbList","@id":"https:\/\/plinko-game.win\/se\/about-plinko\/#breadcrumb","itemListElement":[{"@type":"ListItem","position":1,"name":"\u0413\u043b\u0430\u0432\u043d\u0430\u044f \u0441\u0442\u0440\u0430\u043d\u0438\u0446\u0430","item":"https:\/\/plinko-game.win\/se\/"},{"@type":"ListItem","position":2,"name":"Om Plinko"}]},{"@type":"WebSite","@id":"https:\/\/plinko-game.win\/se\/#website","url":"https:\/\/plinko-game.win\/se\/","name":"Plinko Team SE","description":"","potentialAction":[{"@type":"SearchAction","target":{"@type":"EntryPoint","urlTemplate":"https:\/\/plinko-game.win\/se\/?s={search_term_string}"},"query-input":{"@type":"PropertyValueSpecification","valueRequired":true,"valueName":"search_term_string"}}],"inLanguage":"sv-SE"}]}},"_links":{"self":[{"href":"https:\/\/plinko-game.win\/se\/wp-json\/wp\/v2\/pages\/175","targetHints":{"allow":["GET"]}}],"collection":[{"href":"https:\/\/plinko-game.win\/se\/wp-json\/wp\/v2\/pages"}],"about":[{"href":"https:\/\/plinko-game.win\/se\/wp-json\/wp\/v2\/types\/page"}],"author":[{"embeddable":true,"href":"https:\/\/plinko-game.win\/se\/wp-json\/wp\/v2\/users\/1"}],"replies":[{"embeddable":true,"href":"https:\/\/plinko-game.win\/se\/wp-json\/wp\/v2\/comments?post=175"}],"version-history":[{"count":14,"href":"https:\/\/plinko-game.win\/se\/wp-json\/wp\/v2\/pages\/175\/revisions"}],"predecessor-version":[{"id":340,"href":"https:\/\/plinko-game.win\/se\/wp-json\/wp\/v2\/pages\/175\/revisions\/340"}],"wp:attachment":[{"href":"https:\/\/plinko-game.win\/se\/wp-json\/wp\/v2\/media?parent=175"}],"curies":[{"name":"wp","href":"https:\/\/api.w.org\/{rel}","templated":true}]}}