{"id":186,"date":"2024-12-06T09:55:59","date_gmt":"2024-12-06T09:55:59","guid":{"rendered":"https:\/\/plinko-game.win\/se\/?page_id=186"},"modified":"2025-04-07T16:37:06","modified_gmt":"2025-04-07T16:37:06","slug":"how-to-play-plinko","status":"publish","type":"page","link":"https:\/\/plinko-game.win\/se\/how-to-play-plinko\/","title":{"rendered":"Hur man spelar Plinko"},"content":{"rendered":"","protected":false},"excerpt":{"rendered":"","protected":false},"author":1,"featured_media":0,"parent":0,"menu_order":0,"comment_status":"closed","ping_status":"closed","template":"","meta":{"footnotes":""},"class_list":["post-186","page","type-page","status-publish","hentry"],"yoast_head":"<!-- This site is optimized with the Yoast SEO plugin v23.9 - https:\/\/yoast.com\/wordpress\/plugins\/seo\/ -->\n<title>Hur man spelar Plinko &gt; guide och tips f\u00f6r att vinna<\/title>\n<meta name=\"description\" content=\"L\u00e4r dig hur du spelar Plinko! En enkel steg-f\u00f6r-steg guide, anv\u00e4ndbara tips och strategier f\u00f6r att \u00f6ka dina chanser att vinna. B\u00f6rja spela nu!\" \/>\n<meta name=\"robots\" content=\"index, follow, max-snippet:-1, max-image-preview:large, max-video-preview:-1\" \/>\n<meta property=\"og:locale\" content=\"sv_SE\" \/>\n<meta property=\"og:type\" content=\"article\" \/>\n<meta property=\"og:title\" content=\"Hur man spelar Plinko &gt; guide och tips f\u00f6r att vinna\" \/>\n<meta property=\"og:description\" content=\"L\u00e4r dig hur du spelar Plinko! En enkel steg-f\u00f6r-steg guide, anv\u00e4ndbara tips och strategier f\u00f6r att \u00f6ka dina chanser att vinna. B\u00f6rja spela nu!\" \/>\n<meta property=\"og:url\" content=\"https:\/\/plinko-game.win\/se\/how-to-play-plinko\/\" \/>\n<meta property=\"og:site_name\" content=\"Plinko Team SE\" \/>\n<meta property=\"article:modified_time\" content=\"2025-04-07T16:37:06+00:00\" \/>\n<meta name=\"twitter:card\" content=\"summary_large_image\" \/>\n<script type=\"application\/ld+json\" class=\"yoast-schema-graph\">{\"@context\":\"https:\/\/schema.org\",\"@graph\":[{\"@type\":\"WebPage\",\"@id\":\"https:\/\/plinko-game.win\/se\/how-to-play-plinko\/\",\"url\":\"https:\/\/plinko-game.win\/se\/how-to-play-plinko\/\",\"name\":\"Hur man spelar Plinko > guide och tips f\u00f6r att vinna\",\"isPartOf\":{\"@id\":\"https:\/\/plinko-game.win\/se\/#website\"},\"datePublished\":\"2024-12-06T09:55:59+00:00\",\"dateModified\":\"2025-04-07T16:37:06+00:00\",\"description\":\"L\u00e4r dig hur du spelar Plinko! En enkel steg-f\u00f6r-steg guide, anv\u00e4ndbara tips och strategier f\u00f6r att \u00f6ka dina chanser att vinna. B\u00f6rja spela nu!\",\"breadcrumb\":{\"@id\":\"https:\/\/plinko-game.win\/se\/how-to-play-plinko\/#breadcrumb\"},\"inLanguage\":\"sv-SE\",\"potentialAction\":[{\"@type\":\"ReadAction\",\"target\":[\"https:\/\/plinko-game.win\/se\/how-to-play-plinko\/\"]}]},{\"@type\":\"BreadcrumbList\",\"@id\":\"https:\/\/plinko-game.win\/se\/how-to-play-plinko\/#breadcrumb\",\"itemListElement\":[{\"@type\":\"ListItem\",\"position\":1,\"name\":\"\u0413\u043b\u0430\u0432\u043d\u0430\u044f \u0441\u0442\u0440\u0430\u043d\u0438\u0446\u0430\",\"item\":\"https:\/\/plinko-game.win\/se\/\"},{\"@type\":\"ListItem\",\"position\":2,\"name\":\"Hur man spelar Plinko\"}]},{\"@type\":\"WebSite\",\"@id\":\"https:\/\/plinko-game.win\/se\/#website\",\"url\":\"https:\/\/plinko-game.win\/se\/\",\"name\":\"Plinko Team SE\",\"description\":\"\",\"potentialAction\":[{\"@type\":\"SearchAction\",\"target\":{\"@type\":\"EntryPoint\",\"urlTemplate\":\"https:\/\/plinko-game.win\/se\/?s={search_term_string}\"},\"query-input\":{\"@type\":\"PropertyValueSpecification\",\"valueRequired\":true,\"valueName\":\"search_term_string\"}}],\"inLanguage\":\"sv-SE\"}]}<\/script>\n<!-- \/ Yoast SEO plugin. -->","yoast_head_json":{"title":"Hur man spelar Plinko > guide och tips f\u00f6r att vinna","description":"L\u00e4r dig hur du spelar Plinko! En enkel steg-f\u00f6r-steg guide, anv\u00e4ndbara tips och strategier f\u00f6r att \u00f6ka dina chanser att vinna. B\u00f6rja spela nu!","robots":{"index":"index","follow":"follow","max-snippet":"max-snippet:-1","max-image-preview":"max-image-preview:large","max-video-preview":"max-video-preview:-1"},"og_locale":"sv_SE","og_type":"article","og_title":"Hur man spelar Plinko > guide och tips f\u00f6r att vinna","og_description":"L\u00e4r dig hur du spelar Plinko! En enkel steg-f\u00f6r-steg guide, anv\u00e4ndbara tips och strategier f\u00f6r att \u00f6ka dina chanser att vinna. B\u00f6rja spela nu!","og_url":"https:\/\/plinko-game.win\/se\/how-to-play-plinko\/","og_site_name":"Plinko Team SE","article_modified_time":"2025-04-07T16:37:06+00:00","twitter_card":"summary_large_image","schema":{"@context":"https:\/\/schema.org","@graph":[{"@type":"WebPage","@id":"https:\/\/plinko-game.win\/se\/how-to-play-plinko\/","url":"https:\/\/plinko-game.win\/se\/how-to-play-plinko\/","name":"Hur man spelar Plinko > guide och tips f\u00f6r att vinna","isPartOf":{"@id":"https:\/\/plinko-game.win\/se\/#website"},"datePublished":"2024-12-06T09:55:59+00:00","dateModified":"2025-04-07T16:37:06+00:00","description":"L\u00e4r dig hur du spelar Plinko! En enkel steg-f\u00f6r-steg guide, anv\u00e4ndbara tips och strategier f\u00f6r att \u00f6ka dina chanser att vinna. B\u00f6rja spela nu!","breadcrumb":{"@id":"https:\/\/plinko-game.win\/se\/how-to-play-plinko\/#breadcrumb"},"inLanguage":"sv-SE","potentialAction":[{"@type":"ReadAction","target":["https:\/\/plinko-game.win\/se\/how-to-play-plinko\/"]}]},{"@type":"BreadcrumbList","@id":"https:\/\/plinko-game.win\/se\/how-to-play-plinko\/#breadcrumb","itemListElement":[{"@type":"ListItem","position":1,"name":"\u0413\u043b\u0430\u0432\u043d\u0430\u044f \u0441\u0442\u0440\u0430\u043d\u0438\u0446\u0430","item":"https:\/\/plinko-game.win\/se\/"},{"@type":"ListItem","position":2,"name":"Hur man spelar Plinko"}]},{"@type":"WebSite","@id":"https:\/\/plinko-game.win\/se\/#website","url":"https:\/\/plinko-game.win\/se\/","name":"Plinko Team SE","description":"","potentialAction":[{"@type":"SearchAction","target":{"@type":"EntryPoint","urlTemplate":"https:\/\/plinko-game.win\/se\/?s={search_term_string}"},"query-input":{"@type":"PropertyValueSpecification","valueRequired":true,"valueName":"search_term_string"}}],"inLanguage":"sv-SE"}]}},"_links":{"self":[{"href":"https:\/\/plinko-game.win\/se\/wp-json\/wp\/v2\/pages\/186","targetHints":{"allow":["GET"]}}],"collection":[{"href":"https:\/\/plinko-game.win\/se\/wp-json\/wp\/v2\/pages"}],"about":[{"href":"https:\/\/plinko-game.win\/se\/wp-json\/wp\/v2\/types\/page"}],"author":[{"embeddable":true,"href":"https:\/\/plinko-game.win\/se\/wp-json\/wp\/v2\/users\/1"}],"replies":[{"embeddable":true,"href":"https:\/\/plinko-game.win\/se\/wp-json\/wp\/v2\/comments?post=186"}],"version-history":[{"count":11,"href":"https:\/\/plinko-game.win\/se\/wp-json\/wp\/v2\/pages\/186\/revisions"}],"predecessor-version":[{"id":341,"href":"https:\/\/plinko-game.win\/se\/wp-json\/wp\/v2\/pages\/186\/revisions\/341"}],"wp:attachment":[{"href":"https:\/\/plinko-game.win\/se\/wp-json\/wp\/v2\/media?parent=186"}],"curies":[{"name":"wp","href":"https:\/\/api.w.org\/{rel}","templated":true}]}}