{"id":186,"date":"2024-12-06T09:55:59","date_gmt":"2024-12-06T09:55:59","guid":{"rendered":"https:\/\/plinko-game.win\/sk\/?page_id=186"},"modified":"2025-04-09T13:55:59","modified_gmt":"2025-04-09T13:55:59","slug":"how-to-play-plinko","status":"publish","type":"page","link":"https:\/\/plinko-game.win\/sk\/how-to-play-plinko\/","title":{"rendered":"Ako hra\u0165 Plinko"},"content":{"rendered":"<p>&nbsp;<\/p>\n<p>&nbsp;<\/p>\n<p>&nbsp;<\/p>\n","protected":false},"excerpt":{"rendered":"<p>&nbsp; &nbsp; &nbsp;<\/p>\n","protected":false},"author":1,"featured_media":0,"parent":0,"menu_order":0,"comment_status":"closed","ping_status":"closed","template":"","meta":{"footnotes":""},"class_list":["post-186","page","type-page","status-publish","hentry"],"yoast_head":"<!-- This site is optimized with the Yoast SEO plugin v23.9 - https:\/\/yoast.com\/wordpress\/plugins\/seo\/ -->\n<title>Ako hra\u0165 Plinko &gt; n\u00e1vod a tipy na v\u00fdhru<\/title>\n<meta name=\"description\" content=\"Nau\u010dte sa hra\u0165 Plinko! Jednoduch\u00fd n\u00e1vod krok za krokom, u\u017eito\u010dn\u00e9 tipy a strat\u00e9gie, ako zv\u00fd\u0161i\u0165 svoje \u0161ance na v\u00fdhru. Za\u010dnite hra\u0165 teraz!\" \/>\n<meta name=\"robots\" content=\"index, follow, max-snippet:-1, max-image-preview:large, max-video-preview:-1\" \/>\n<meta property=\"og:locale\" content=\"sk_SK\" \/>\n<meta property=\"og:type\" content=\"article\" \/>\n<meta property=\"og:title\" content=\"Ako hra\u0165 Plinko &gt; n\u00e1vod a tipy na v\u00fdhru\" \/>\n<meta property=\"og:description\" content=\"Nau\u010dte sa hra\u0165 Plinko! Jednoduch\u00fd n\u00e1vod krok za krokom, u\u017eito\u010dn\u00e9 tipy a strat\u00e9gie, ako zv\u00fd\u0161i\u0165 svoje \u0161ance na v\u00fdhru. Za\u010dnite hra\u0165 teraz!\" \/>\n<meta property=\"og:url\" content=\"https:\/\/plinko-game.win\/sk\/how-to-play-plinko\/\" \/>\n<meta property=\"og:site_name\" content=\"Plinko Team SK\" \/>\n<meta property=\"article:modified_time\" content=\"2025-04-09T13:55:59+00:00\" \/>\n<meta name=\"twitter:card\" content=\"summary_large_image\" \/>\n<script type=\"application\/ld+json\" class=\"yoast-schema-graph\">{\"@context\":\"https:\/\/schema.org\",\"@graph\":[{\"@type\":\"WebPage\",\"@id\":\"https:\/\/plinko-game.win\/sk\/how-to-play-plinko\/\",\"url\":\"https:\/\/plinko-game.win\/sk\/how-to-play-plinko\/\",\"name\":\"Ako hra\u0165 Plinko > n\u00e1vod a tipy na v\u00fdhru\",\"isPartOf\":{\"@id\":\"https:\/\/plinko-game.win\/sk\/#website\"},\"datePublished\":\"2024-12-06T09:55:59+00:00\",\"dateModified\":\"2025-04-09T13:55:59+00:00\",\"description\":\"Nau\u010dte sa hra\u0165 Plinko! Jednoduch\u00fd n\u00e1vod krok za krokom, u\u017eito\u010dn\u00e9 tipy a strat\u00e9gie, ako zv\u00fd\u0161i\u0165 svoje \u0161ance na v\u00fdhru. Za\u010dnite hra\u0165 teraz!\",\"breadcrumb\":{\"@id\":\"https:\/\/plinko-game.win\/sk\/how-to-play-plinko\/#breadcrumb\"},\"inLanguage\":\"sk-SK\",\"potentialAction\":[{\"@type\":\"ReadAction\",\"target\":[\"https:\/\/plinko-game.win\/sk\/how-to-play-plinko\/\"]}]},{\"@type\":\"BreadcrumbList\",\"@id\":\"https:\/\/plinko-game.win\/sk\/how-to-play-plinko\/#breadcrumb\",\"itemListElement\":[{\"@type\":\"ListItem\",\"position\":1,\"name\":\"\u0413\u043b\u0430\u0432\u043d\u0430\u044f \u0441\u0442\u0440\u0430\u043d\u0438\u0446\u0430\",\"item\":\"https:\/\/plinko-game.win\/sk\/\"},{\"@type\":\"ListItem\",\"position\":2,\"name\":\"Ako hra\u0165 Plinko\"}]},{\"@type\":\"WebSite\",\"@id\":\"https:\/\/plinko-game.win\/sk\/#website\",\"url\":\"https:\/\/plinko-game.win\/sk\/\",\"name\":\"Plinko Team SK\",\"description\":\"\",\"potentialAction\":[{\"@type\":\"SearchAction\",\"target\":{\"@type\":\"EntryPoint\",\"urlTemplate\":\"https:\/\/plinko-game.win\/sk\/?s={search_term_string}\"},\"query-input\":{\"@type\":\"PropertyValueSpecification\",\"valueRequired\":true,\"valueName\":\"search_term_string\"}}],\"inLanguage\":\"sk-SK\"}]}<\/script>\n<!-- \/ Yoast SEO plugin. -->","yoast_head_json":{"title":"Ako hra\u0165 Plinko > n\u00e1vod a tipy na v\u00fdhru","description":"Nau\u010dte sa hra\u0165 Plinko! Jednoduch\u00fd n\u00e1vod krok za krokom, u\u017eito\u010dn\u00e9 tipy a strat\u00e9gie, ako zv\u00fd\u0161i\u0165 svoje \u0161ance na v\u00fdhru. Za\u010dnite hra\u0165 teraz!","robots":{"index":"index","follow":"follow","max-snippet":"max-snippet:-1","max-image-preview":"max-image-preview:large","max-video-preview":"max-video-preview:-1"},"og_locale":"sk_SK","og_type":"article","og_title":"Ako hra\u0165 Plinko > n\u00e1vod a tipy na v\u00fdhru","og_description":"Nau\u010dte sa hra\u0165 Plinko! Jednoduch\u00fd n\u00e1vod krok za krokom, u\u017eito\u010dn\u00e9 tipy a strat\u00e9gie, ako zv\u00fd\u0161i\u0165 svoje \u0161ance na v\u00fdhru. Za\u010dnite hra\u0165 teraz!","og_url":"https:\/\/plinko-game.win\/sk\/how-to-play-plinko\/","og_site_name":"Plinko Team SK","article_modified_time":"2025-04-09T13:55:59+00:00","twitter_card":"summary_large_image","schema":{"@context":"https:\/\/schema.org","@graph":[{"@type":"WebPage","@id":"https:\/\/plinko-game.win\/sk\/how-to-play-plinko\/","url":"https:\/\/plinko-game.win\/sk\/how-to-play-plinko\/","name":"Ako hra\u0165 Plinko > n\u00e1vod a tipy na v\u00fdhru","isPartOf":{"@id":"https:\/\/plinko-game.win\/sk\/#website"},"datePublished":"2024-12-06T09:55:59+00:00","dateModified":"2025-04-09T13:55:59+00:00","description":"Nau\u010dte sa hra\u0165 Plinko! Jednoduch\u00fd n\u00e1vod krok za krokom, u\u017eito\u010dn\u00e9 tipy a strat\u00e9gie, ako zv\u00fd\u0161i\u0165 svoje \u0161ance na v\u00fdhru. Za\u010dnite hra\u0165 teraz!","breadcrumb":{"@id":"https:\/\/plinko-game.win\/sk\/how-to-play-plinko\/#breadcrumb"},"inLanguage":"sk-SK","potentialAction":[{"@type":"ReadAction","target":["https:\/\/plinko-game.win\/sk\/how-to-play-plinko\/"]}]},{"@type":"BreadcrumbList","@id":"https:\/\/plinko-game.win\/sk\/how-to-play-plinko\/#breadcrumb","itemListElement":[{"@type":"ListItem","position":1,"name":"\u0413\u043b\u0430\u0432\u043d\u0430\u044f \u0441\u0442\u0440\u0430\u043d\u0438\u0446\u0430","item":"https:\/\/plinko-game.win\/sk\/"},{"@type":"ListItem","position":2,"name":"Ako hra\u0165 Plinko"}]},{"@type":"WebSite","@id":"https:\/\/plinko-game.win\/sk\/#website","url":"https:\/\/plinko-game.win\/sk\/","name":"Plinko Team SK","description":"","potentialAction":[{"@type":"SearchAction","target":{"@type":"EntryPoint","urlTemplate":"https:\/\/plinko-game.win\/sk\/?s={search_term_string}"},"query-input":{"@type":"PropertyValueSpecification","valueRequired":true,"valueName":"search_term_string"}}],"inLanguage":"sk-SK"}]}},"_links":{"self":[{"href":"https:\/\/plinko-game.win\/sk\/wp-json\/wp\/v2\/pages\/186","targetHints":{"allow":["GET"]}}],"collection":[{"href":"https:\/\/plinko-game.win\/sk\/wp-json\/wp\/v2\/pages"}],"about":[{"href":"https:\/\/plinko-game.win\/sk\/wp-json\/wp\/v2\/types\/page"}],"author":[{"embeddable":true,"href":"https:\/\/plinko-game.win\/sk\/wp-json\/wp\/v2\/users\/1"}],"replies":[{"embeddable":true,"href":"https:\/\/plinko-game.win\/sk\/wp-json\/wp\/v2\/comments?post=186"}],"version-history":[{"count":11,"href":"https:\/\/plinko-game.win\/sk\/wp-json\/wp\/v2\/pages\/186\/revisions"}],"predecessor-version":[{"id":341,"href":"https:\/\/plinko-game.win\/sk\/wp-json\/wp\/v2\/pages\/186\/revisions\/341"}],"wp:attachment":[{"href":"https:\/\/plinko-game.win\/sk\/wp-json\/wp\/v2\/media?parent=186"}],"curies":[{"name":"wp","href":"https:\/\/api.w.org\/{rel}","templated":true}]}}