{"id":186,"date":"2024-12-06T09:55:59","date_gmt":"2024-12-06T09:55:59","guid":{"rendered":"https:\/\/plinko-game.win\/tr\/?page_id=186"},"modified":"2025-01-23T17:47:52","modified_gmt":"2025-01-23T17:47:52","slug":"how-to-play-plinko","status":"publish","type":"page","link":"https:\/\/plinko-game.win\/tr\/how-to-play-plinko\/","title":{"rendered":"Plinko nas\u0131l oynan\u0131r"},"content":{"rendered":"","protected":false},"excerpt":{"rendered":"","protected":false},"author":1,"featured_media":0,"parent":0,"menu_order":0,"comment_status":"closed","ping_status":"closed","template":"","meta":{"footnotes":""},"class_list":["post-186","page","type-page","status-publish","hentry"],"yoast_head":"<!-- This site is optimized with the Yoast SEO plugin v23.9 - https:\/\/yoast.com\/wordpress\/plugins\/seo\/ -->\n<title>Plinko nas\u0131l oynan\u0131r &gt; rehber ve kazanmak i\u00e7in ipu\u00e7lar\u0131<\/title>\n<meta name=\"description\" content=\"Plinko nas\u0131l oynan\u0131r \u00f6\u011frenin! Kazanma \u015fans\u0131n\u0131z\u0131 art\u0131rmak i\u00e7in basit bir ad\u0131m ad\u0131m k\u0131lavuz, faydal\u0131 ipu\u00e7lar\u0131 ve stratejiler. \u015eimdi oynamaya ba\u015flay\u0131n!\" \/>\n<meta name=\"robots\" content=\"index, follow, max-snippet:-1, max-image-preview:large, max-video-preview:-1\" \/>\n<meta property=\"og:locale\" content=\"tr_TR\" \/>\n<meta property=\"og:type\" content=\"article\" \/>\n<meta property=\"og:title\" content=\"Plinko nas\u0131l oynan\u0131r &gt; rehber ve kazanmak i\u00e7in ipu\u00e7lar\u0131\" \/>\n<meta property=\"og:description\" content=\"Plinko nas\u0131l oynan\u0131r \u00f6\u011frenin! Kazanma \u015fans\u0131n\u0131z\u0131 art\u0131rmak i\u00e7in basit bir ad\u0131m ad\u0131m k\u0131lavuz, faydal\u0131 ipu\u00e7lar\u0131 ve stratejiler. \u015eimdi oynamaya ba\u015flay\u0131n!\" \/>\n<meta property=\"og:url\" content=\"https:\/\/plinko-game.win\/tr\/how-to-play-plinko\/\" \/>\n<meta property=\"og:site_name\" content=\"Plinko Team TR\" \/>\n<meta property=\"article:modified_time\" content=\"2025-01-23T17:47:52+00:00\" \/>\n<meta name=\"twitter:card\" content=\"summary_large_image\" \/>\n<script type=\"application\/ld+json\" class=\"yoast-schema-graph\">{\"@context\":\"https:\/\/schema.org\",\"@graph\":[{\"@type\":\"WebPage\",\"@id\":\"https:\/\/plinko-game.win\/tr\/how-to-play-plinko\/\",\"url\":\"https:\/\/plinko-game.win\/tr\/how-to-play-plinko\/\",\"name\":\"Plinko nas\u0131l oynan\u0131r > rehber ve kazanmak i\u00e7in ipu\u00e7lar\u0131\",\"isPartOf\":{\"@id\":\"https:\/\/plinko-game.win\/tr\/#website\"},\"datePublished\":\"2024-12-06T09:55:59+00:00\",\"dateModified\":\"2025-01-23T17:47:52+00:00\",\"description\":\"Plinko nas\u0131l oynan\u0131r \u00f6\u011frenin! Kazanma \u015fans\u0131n\u0131z\u0131 art\u0131rmak i\u00e7in basit bir ad\u0131m ad\u0131m k\u0131lavuz, faydal\u0131 ipu\u00e7lar\u0131 ve stratejiler. \u015eimdi oynamaya ba\u015flay\u0131n!\",\"breadcrumb\":{\"@id\":\"https:\/\/plinko-game.win\/tr\/how-to-play-plinko\/#breadcrumb\"},\"inLanguage\":\"tr\",\"potentialAction\":[{\"@type\":\"ReadAction\",\"target\":[\"https:\/\/plinko-game.win\/tr\/how-to-play-plinko\/\"]}]},{\"@type\":\"BreadcrumbList\",\"@id\":\"https:\/\/plinko-game.win\/tr\/how-to-play-plinko\/#breadcrumb\",\"itemListElement\":[{\"@type\":\"ListItem\",\"position\":1,\"name\":\"\u0413\u043b\u0430\u0432\u043d\u0430\u044f \u0441\u0442\u0440\u0430\u043d\u0438\u0446\u0430\",\"item\":\"https:\/\/plinko-game.win\/tr\/\"},{\"@type\":\"ListItem\",\"position\":2,\"name\":\"Plinko nas\u0131l oynan\u0131r\"}]},{\"@type\":\"WebSite\",\"@id\":\"https:\/\/plinko-game.win\/tr\/#website\",\"url\":\"https:\/\/plinko-game.win\/tr\/\",\"name\":\"Plinko Team TR\",\"description\":\"\",\"potentialAction\":[{\"@type\":\"SearchAction\",\"target\":{\"@type\":\"EntryPoint\",\"urlTemplate\":\"https:\/\/plinko-game.win\/tr\/?s={search_term_string}\"},\"query-input\":{\"@type\":\"PropertyValueSpecification\",\"valueRequired\":true,\"valueName\":\"search_term_string\"}}],\"inLanguage\":\"tr\"}]}<\/script>\n<!-- \/ Yoast SEO plugin. -->","yoast_head_json":{"title":"Plinko nas\u0131l oynan\u0131r > rehber ve kazanmak i\u00e7in ipu\u00e7lar\u0131","description":"Plinko nas\u0131l oynan\u0131r \u00f6\u011frenin! Kazanma \u015fans\u0131n\u0131z\u0131 art\u0131rmak i\u00e7in basit bir ad\u0131m ad\u0131m k\u0131lavuz, faydal\u0131 ipu\u00e7lar\u0131 ve stratejiler. \u015eimdi oynamaya ba\u015flay\u0131n!","robots":{"index":"index","follow":"follow","max-snippet":"max-snippet:-1","max-image-preview":"max-image-preview:large","max-video-preview":"max-video-preview:-1"},"og_locale":"tr_TR","og_type":"article","og_title":"Plinko nas\u0131l oynan\u0131r > rehber ve kazanmak i\u00e7in ipu\u00e7lar\u0131","og_description":"Plinko nas\u0131l oynan\u0131r \u00f6\u011frenin! Kazanma \u015fans\u0131n\u0131z\u0131 art\u0131rmak i\u00e7in basit bir ad\u0131m ad\u0131m k\u0131lavuz, faydal\u0131 ipu\u00e7lar\u0131 ve stratejiler. \u015eimdi oynamaya ba\u015flay\u0131n!","og_url":"https:\/\/plinko-game.win\/tr\/how-to-play-plinko\/","og_site_name":"Plinko Team TR","article_modified_time":"2025-01-23T17:47:52+00:00","twitter_card":"summary_large_image","schema":{"@context":"https:\/\/schema.org","@graph":[{"@type":"WebPage","@id":"https:\/\/plinko-game.win\/tr\/how-to-play-plinko\/","url":"https:\/\/plinko-game.win\/tr\/how-to-play-plinko\/","name":"Plinko nas\u0131l oynan\u0131r > rehber ve kazanmak i\u00e7in ipu\u00e7lar\u0131","isPartOf":{"@id":"https:\/\/plinko-game.win\/tr\/#website"},"datePublished":"2024-12-06T09:55:59+00:00","dateModified":"2025-01-23T17:47:52+00:00","description":"Plinko nas\u0131l oynan\u0131r \u00f6\u011frenin! Kazanma \u015fans\u0131n\u0131z\u0131 art\u0131rmak i\u00e7in basit bir ad\u0131m ad\u0131m k\u0131lavuz, faydal\u0131 ipu\u00e7lar\u0131 ve stratejiler. \u015eimdi oynamaya ba\u015flay\u0131n!","breadcrumb":{"@id":"https:\/\/plinko-game.win\/tr\/how-to-play-plinko\/#breadcrumb"},"inLanguage":"tr","potentialAction":[{"@type":"ReadAction","target":["https:\/\/plinko-game.win\/tr\/how-to-play-plinko\/"]}]},{"@type":"BreadcrumbList","@id":"https:\/\/plinko-game.win\/tr\/how-to-play-plinko\/#breadcrumb","itemListElement":[{"@type":"ListItem","position":1,"name":"\u0413\u043b\u0430\u0432\u043d\u0430\u044f \u0441\u0442\u0440\u0430\u043d\u0438\u0446\u0430","item":"https:\/\/plinko-game.win\/tr\/"},{"@type":"ListItem","position":2,"name":"Plinko nas\u0131l oynan\u0131r"}]},{"@type":"WebSite","@id":"https:\/\/plinko-game.win\/tr\/#website","url":"https:\/\/plinko-game.win\/tr\/","name":"Plinko Team TR","description":"","potentialAction":[{"@type":"SearchAction","target":{"@type":"EntryPoint","urlTemplate":"https:\/\/plinko-game.win\/tr\/?s={search_term_string}"},"query-input":{"@type":"PropertyValueSpecification","valueRequired":true,"valueName":"search_term_string"}}],"inLanguage":"tr"}]}},"_links":{"self":[{"href":"https:\/\/plinko-game.win\/tr\/wp-json\/wp\/v2\/pages\/186","targetHints":{"allow":["GET"]}}],"collection":[{"href":"https:\/\/plinko-game.win\/tr\/wp-json\/wp\/v2\/pages"}],"about":[{"href":"https:\/\/plinko-game.win\/tr\/wp-json\/wp\/v2\/types\/page"}],"author":[{"embeddable":true,"href":"https:\/\/plinko-game.win\/tr\/wp-json\/wp\/v2\/users\/1"}],"replies":[{"embeddable":true,"href":"https:\/\/plinko-game.win\/tr\/wp-json\/wp\/v2\/comments?post=186"}],"version-history":[{"count":12,"href":"https:\/\/plinko-game.win\/tr\/wp-json\/wp\/v2\/pages\/186\/revisions"}],"predecessor-version":[{"id":339,"href":"https:\/\/plinko-game.win\/tr\/wp-json\/wp\/v2\/pages\/186\/revisions\/339"}],"wp:attachment":[{"href":"https:\/\/plinko-game.win\/tr\/wp-json\/wp\/v2\/media?parent=186"}],"curies":[{"name":"wp","href":"https:\/\/api.w.org\/{rel}","templated":true}]}}