{"id":224,"date":"2024-12-06T10:31:46","date_gmt":"2024-12-06T10:31:46","guid":{"rendered":"https:\/\/plinko-game.win\/vn\/?page_id=224"},"modified":"2025-03-07T07:26:47","modified_gmt":"2025-03-07T07:26:47","slug":"apk","status":"publish","type":"page","link":"https:\/\/plinko-game.win\/vn\/apk\/","title":{"rendered":"APK"},"content":{"rendered":"<p>&nbsp;<\/p>\n<p>&nbsp;<\/p>\n<p>&nbsp;<\/p>\n","protected":false},"excerpt":{"rendered":"<p>&nbsp; &nbsp; &nbsp;<\/p>\n","protected":false},"author":1,"featured_media":0,"parent":0,"menu_order":0,"comment_status":"closed","ping_status":"closed","template":"","meta":{"footnotes":""},"class_list":["post-224","page","type-page","status-publish","hentry"],"yoast_head":"<!-- This site is optimized with the Yoast SEO plugin v23.9 - https:\/\/yoast.com\/wordpress\/plugins\/seo\/ -->\n<title>Plinko APK &gt; T\u1ea3i xu\u1ed1ng v\u00e0 ch\u01a1i mi\u1ec5n ph\u00ed tr\u00ean Android<\/title>\n<meta name=\"description\" content=\"T\u1ea3i xu\u1ed1ng Plinko APK tr\u00ean Android! D\u1ec5 d\u00e0ng truy c\u1eadp tr\u00f2 ch\u01a1i m\u1ecdi l\u00fac m\u1ecdi n\u01a1i. Ch\u01a1i Plinko tr\u1ef1c ti\u1ebfp t\u1eeb \u0111i\u1ec7n tho\u1ea1i c\u1ee7a b\u1ea1n mi\u1ec5n ph\u00ed v\u00e0 kh\u00f4ng c\u00f3 gi\u1edbi h\u1ea1n.\" \/>\n<meta name=\"robots\" content=\"index, follow, max-snippet:-1, max-image-preview:large, max-video-preview:-1\" \/>\n<meta property=\"og:locale\" content=\"vi_VN\" \/>\n<meta property=\"og:type\" content=\"article\" \/>\n<meta property=\"og:title\" content=\"Plinko APK &gt; T\u1ea3i xu\u1ed1ng v\u00e0 ch\u01a1i mi\u1ec5n ph\u00ed tr\u00ean Android\" \/>\n<meta property=\"og:description\" content=\"T\u1ea3i xu\u1ed1ng Plinko APK tr\u00ean Android! D\u1ec5 d\u00e0ng truy c\u1eadp tr\u00f2 ch\u01a1i m\u1ecdi l\u00fac m\u1ecdi n\u01a1i. Ch\u01a1i Plinko tr\u1ef1c ti\u1ebfp t\u1eeb \u0111i\u1ec7n tho\u1ea1i c\u1ee7a b\u1ea1n mi\u1ec5n ph\u00ed v\u00e0 kh\u00f4ng c\u00f3 gi\u1edbi h\u1ea1n.\" \/>\n<meta property=\"og:url\" content=\"https:\/\/plinko-game.win\/vn\/apk\/\" \/>\n<meta property=\"og:site_name\" content=\"Plinko Team VN\" \/>\n<meta property=\"article:modified_time\" content=\"2025-03-07T07:26:47+00:00\" \/>\n<meta name=\"twitter:card\" content=\"summary_large_image\" \/>\n<script type=\"application\/ld+json\" class=\"yoast-schema-graph\">{\"@context\":\"https:\/\/schema.org\",\"@graph\":[{\"@type\":\"WebPage\",\"@id\":\"https:\/\/plinko-game.win\/vn\/apk\/\",\"url\":\"https:\/\/plinko-game.win\/vn\/apk\/\",\"name\":\"Plinko APK > T\u1ea3i xu\u1ed1ng v\u00e0 ch\u01a1i mi\u1ec5n ph\u00ed tr\u00ean Android\",\"isPartOf\":{\"@id\":\"https:\/\/plinko-game.win\/vn\/#website\"},\"datePublished\":\"2024-12-06T10:31:46+00:00\",\"dateModified\":\"2025-03-07T07:26:47+00:00\",\"description\":\"T\u1ea3i xu\u1ed1ng Plinko APK tr\u00ean Android! D\u1ec5 d\u00e0ng truy c\u1eadp tr\u00f2 ch\u01a1i m\u1ecdi l\u00fac m\u1ecdi n\u01a1i. Ch\u01a1i Plinko tr\u1ef1c ti\u1ebfp t\u1eeb \u0111i\u1ec7n tho\u1ea1i c\u1ee7a b\u1ea1n mi\u1ec5n ph\u00ed v\u00e0 kh\u00f4ng c\u00f3 gi\u1edbi h\u1ea1n.\",\"breadcrumb\":{\"@id\":\"https:\/\/plinko-game.win\/vn\/apk\/#breadcrumb\"},\"inLanguage\":\"vi\",\"potentialAction\":[{\"@type\":\"ReadAction\",\"target\":[\"https:\/\/plinko-game.win\/vn\/apk\/\"]}]},{\"@type\":\"BreadcrumbList\",\"@id\":\"https:\/\/plinko-game.win\/vn\/apk\/#breadcrumb\",\"itemListElement\":[{\"@type\":\"ListItem\",\"position\":1,\"name\":\"\u0413\u043b\u0430\u0432\u043d\u0430\u044f \u0441\u0442\u0440\u0430\u043d\u0438\u0446\u0430\",\"item\":\"https:\/\/plinko-game.win\/vn\/\"},{\"@type\":\"ListItem\",\"position\":2,\"name\":\"APK\"}]},{\"@type\":\"WebSite\",\"@id\":\"https:\/\/plinko-game.win\/vn\/#website\",\"url\":\"https:\/\/plinko-game.win\/vn\/\",\"name\":\"Plinko Team VN\",\"description\":\"\",\"potentialAction\":[{\"@type\":\"SearchAction\",\"target\":{\"@type\":\"EntryPoint\",\"urlTemplate\":\"https:\/\/plinko-game.win\/vn\/?s={search_term_string}\"},\"query-input\":{\"@type\":\"PropertyValueSpecification\",\"valueRequired\":true,\"valueName\":\"search_term_string\"}}],\"inLanguage\":\"vi\"}]}<\/script>\n<!-- \/ Yoast SEO plugin. -->","yoast_head_json":{"title":"Plinko APK > T\u1ea3i xu\u1ed1ng v\u00e0 ch\u01a1i mi\u1ec5n ph\u00ed tr\u00ean Android","description":"T\u1ea3i xu\u1ed1ng Plinko APK tr\u00ean Android! D\u1ec5 d\u00e0ng truy c\u1eadp tr\u00f2 ch\u01a1i m\u1ecdi l\u00fac m\u1ecdi n\u01a1i. Ch\u01a1i Plinko tr\u1ef1c ti\u1ebfp t\u1eeb \u0111i\u1ec7n tho\u1ea1i c\u1ee7a b\u1ea1n mi\u1ec5n ph\u00ed v\u00e0 kh\u00f4ng c\u00f3 gi\u1edbi h\u1ea1n.","robots":{"index":"index","follow":"follow","max-snippet":"max-snippet:-1","max-image-preview":"max-image-preview:large","max-video-preview":"max-video-preview:-1"},"og_locale":"vi_VN","og_type":"article","og_title":"Plinko APK > T\u1ea3i xu\u1ed1ng v\u00e0 ch\u01a1i mi\u1ec5n ph\u00ed tr\u00ean Android","og_description":"T\u1ea3i xu\u1ed1ng Plinko APK tr\u00ean Android! D\u1ec5 d\u00e0ng truy c\u1eadp tr\u00f2 ch\u01a1i m\u1ecdi l\u00fac m\u1ecdi n\u01a1i. Ch\u01a1i Plinko tr\u1ef1c ti\u1ebfp t\u1eeb \u0111i\u1ec7n tho\u1ea1i c\u1ee7a b\u1ea1n mi\u1ec5n ph\u00ed v\u00e0 kh\u00f4ng c\u00f3 gi\u1edbi h\u1ea1n.","og_url":"https:\/\/plinko-game.win\/vn\/apk\/","og_site_name":"Plinko Team VN","article_modified_time":"2025-03-07T07:26:47+00:00","twitter_card":"summary_large_image","schema":{"@context":"https:\/\/schema.org","@graph":[{"@type":"WebPage","@id":"https:\/\/plinko-game.win\/vn\/apk\/","url":"https:\/\/plinko-game.win\/vn\/apk\/","name":"Plinko APK > T\u1ea3i xu\u1ed1ng v\u00e0 ch\u01a1i mi\u1ec5n ph\u00ed tr\u00ean Android","isPartOf":{"@id":"https:\/\/plinko-game.win\/vn\/#website"},"datePublished":"2024-12-06T10:31:46+00:00","dateModified":"2025-03-07T07:26:47+00:00","description":"T\u1ea3i xu\u1ed1ng Plinko APK tr\u00ean Android! D\u1ec5 d\u00e0ng truy c\u1eadp tr\u00f2 ch\u01a1i m\u1ecdi l\u00fac m\u1ecdi n\u01a1i. Ch\u01a1i Plinko tr\u1ef1c ti\u1ebfp t\u1eeb \u0111i\u1ec7n tho\u1ea1i c\u1ee7a b\u1ea1n mi\u1ec5n ph\u00ed v\u00e0 kh\u00f4ng c\u00f3 gi\u1edbi h\u1ea1n.","breadcrumb":{"@id":"https:\/\/plinko-game.win\/vn\/apk\/#breadcrumb"},"inLanguage":"vi","potentialAction":[{"@type":"ReadAction","target":["https:\/\/plinko-game.win\/vn\/apk\/"]}]},{"@type":"BreadcrumbList","@id":"https:\/\/plinko-game.win\/vn\/apk\/#breadcrumb","itemListElement":[{"@type":"ListItem","position":1,"name":"\u0413\u043b\u0430\u0432\u043d\u0430\u044f \u0441\u0442\u0440\u0430\u043d\u0438\u0446\u0430","item":"https:\/\/plinko-game.win\/vn\/"},{"@type":"ListItem","position":2,"name":"APK"}]},{"@type":"WebSite","@id":"https:\/\/plinko-game.win\/vn\/#website","url":"https:\/\/plinko-game.win\/vn\/","name":"Plinko Team VN","description":"","potentialAction":[{"@type":"SearchAction","target":{"@type":"EntryPoint","urlTemplate":"https:\/\/plinko-game.win\/vn\/?s={search_term_string}"},"query-input":{"@type":"PropertyValueSpecification","valueRequired":true,"valueName":"search_term_string"}}],"inLanguage":"vi"}]}},"_links":{"self":[{"href":"https:\/\/plinko-game.win\/vn\/wp-json\/wp\/v2\/pages\/224","targetHints":{"allow":["GET"]}}],"collection":[{"href":"https:\/\/plinko-game.win\/vn\/wp-json\/wp\/v2\/pages"}],"about":[{"href":"https:\/\/plinko-game.win\/vn\/wp-json\/wp\/v2\/types\/page"}],"author":[{"embeddable":true,"href":"https:\/\/plinko-game.win\/vn\/wp-json\/wp\/v2\/users\/1"}],"replies":[{"embeddable":true,"href":"https:\/\/plinko-game.win\/vn\/wp-json\/wp\/v2\/comments?post=224"}],"version-history":[{"count":9,"href":"https:\/\/plinko-game.win\/vn\/wp-json\/wp\/v2\/pages\/224\/revisions"}],"predecessor-version":[{"id":343,"href":"https:\/\/plinko-game.win\/vn\/wp-json\/wp\/v2\/pages\/224\/revisions\/343"}],"wp:attachment":[{"href":"https:\/\/plinko-game.win\/vn\/wp-json\/wp\/v2\/media?parent=224"}],"curies":[{"name":"wp","href":"https:\/\/api.w.org\/{rel}","templated":true}]}}